{"id":41510,"date":"2025-04-16T10:18:19","date_gmt":"2025-04-16T08:18:19","guid":{"rendered":"https:\/\/stage.woods.se\/?post_type=product&#038;p=41510"},"modified":"2026-03-27T16:27:49","modified_gmt":"2026-03-27T15:27:49","slug":"woods-sw26mw","status":"publish","type":"product","link":"https:\/\/woods.se\/sv\/produkter\/avfuktare\/kallare\/woods-sw26mw\/","title":{"rendered":"Wood&#8217;s SW26MW"},"content":{"rendered":"<h2>Wood\u00b4s SW26MW (matt vit)<\/h2>\n<h3>P\u00e5litlig avfuktare f\u00f6r kalla utrymmen<\/h3>\n<p>Fukt, m\u00f6gel och d\u00e5lig lukt \u00e4r vanligt i k\u00e4llare och andra kalla utrymmen, vilket kan orsaka kostsamma skador om det inte \u00e5tg\u00e4rdas i tid. Wood&#8217;s SW26MW \u00e4r speciellt utformad f\u00f6r att skapa en torr och behaglig milj\u00f6 i kalla utrymmen och f\u00f6rhindra att m\u00f6gel och lukter f\u00e5r f\u00e4ste. Med h\u00f6g avfuktningskapacitet (13,5 l) och kraftfull luftstr\u00f6m n\u00e5r den varje h\u00f6rn av utrymmet, \u00e4ven i rum med flera delar. Denna avfuktare eliminerar fukt och o\u00f6nskade lukter, vilket g\u00f6r det m\u00f6jligt att f\u00f6rvara textilier och andra k\u00e4nsliga f\u00f6rem\u00e5l i utrymmet.   <\/p>\n<h3>Rekommenderade anv\u00e4ndningsomr\u00e5den:<\/h3>\n<p><strong>K\u00e4llare: <\/strong>H\u00f6g luftcirkulation och effektiv avfuktning h\u00e5ller k\u00e4llaren torr och m\u00f6gelfri. Vilket g\u00f6r att du kan anv\u00e4nda k\u00e4llaren som ett vanligt rum eller f\u00f6r f\u00f6rvaring.<br \/>\n<strong>Garage: <\/strong>H\u00e5ller fukten borta och skyddar fordon, verktyg och annan utrustning \u00e5ret runt.<br \/>\n<strong>Andra kalla utrymmen:<\/strong> Tillf\u00f6rlitlig fuktkontroll ner till +2\u00b0C, vilket g\u00f6r den idealisk f\u00f6r vindar, f\u00f6rr\u00e5d och vinterf\u00f6rvaring av t.ex. kuddar och tyger.<\/p>\n<h3>Viktiga egenskaper:<\/h3>\n\n<h3>H\u00f6g kapacitet och luftfl\u00f6de f\u00f6r effektiv cirkulation<\/h3>\n<p>SW26MW har de funktioner som beh\u00f6vs f\u00f6r att ta bort fukt fr\u00e5n kalla och utsatta utrymmen som k\u00e4llare, garage och vindar. Med en h\u00f6g avfuktningskapacitet p\u00e5 upp till 13,5 liter per dag och ett kraftfullt luftfl\u00f6de p\u00e5 350 m\u00b3\/timme s\u00e4kerst\u00e4ller SW26MW att varje h\u00f6rn av utrymmet n\u00e5s, \u00e4ven n\u00e4r det \u00e4r uppdelat i flera rum. <\/p>\n<h3>Enkel anv\u00e4ndning och anpassningsbar funktion<\/h3>\n<p>Med tv\u00e5 fl\u00e4ktl\u00e4gen och en rymlig vattentank p\u00e5 11,4 liter \u00e4r SW26MW mycket enkel att hantera. F\u00f6r minimalt underh\u00e5ll \u00e4r det enkelt att ansluta en slang som kan ledas direkt till ett golvavlopp. Den smarta designen g\u00f6r ocks\u00e5 att avfuktaren kan placeras direkt \u00f6ver ett golvavlopp. Den \u00e4r dessutom utrustad med automatisk start, vilket g\u00f6r att den automatiskt \u00e5terg\u00e5r till sin senaste inst\u00e4llning efter ett str\u00f6mavbrott, s\u00e5 att du alltid kan vara s\u00e4ker p\u00e5 att den kontrollerar luftfuktigheten s\u00e5 snart str\u00f6mmen kommer tillbaka. SW26MW \u00f6vervakar luftfuktigheten i rummet och sl\u00e5s automatiskt p\u00e5 eller av vid behov.    <\/p>\n<h3>Smart m\u00f6gel- och dammfilter<\/h3>\n<p>SW26MW \u00e4r utrustad med Wood&#8217;s SMF-filter som effektivt f\u00e5ngar upp damm- och m\u00f6gelpartiklar i luften, vilket skyddar avfuktaren och f\u00f6rl\u00e4nger dess livsl\u00e4ngd. Den h\u00e5ller dina utrymmen fria fr\u00e5n fukt, m\u00f6gel och lukter \u00e5ret om, vilket g\u00f6r den till en s\u00e4ker och l\u00e5ngsiktig l\u00f6sning. <\/p>\n<h3>Effektiv \u00e5ret runt, \u00e4ven vid l\u00e5ga temperaturer<\/h3>\n<p>Tack vare den innovativa i-EcoDefrost-tekniken kan SW26MW avfukta \u00e4ven vid temperaturer s\u00e5 l\u00e5ga som +2 \u00b0C. Den \u00e4r konstruerad f\u00f6r att g\u00e5 kontinuerligt, vilket g\u00f6r att den kan anv\u00e4ndas s\u00e4kert dygnet runt utan avbrott. Detta g\u00f6r den idealisk f\u00f6r anv\u00e4ndning \u00e5ret runt, oavsett v\u00e4der eller \u00e5rstid. Den h\u00e5ller dina utrymmen fria fr\u00e5n fukt, m\u00f6gel och obehagliga lukter \u00e5ret om, vilket g\u00f6r den till en s\u00e4ker och l\u00e5ngsiktig l\u00f6sning f\u00f6r ditt hem.   <\/p>\n<h3>Byggd f\u00f6r att h\u00e5lla<\/h3>\n<p>SW26MW \u00e4r tillverkad i Sverige med ett robust h\u00f6lje i rostfritt st\u00e5l och \u00e4r byggd f\u00f6r att ta bort fukt dygnet runt och h\u00e5lla i m\u00e5nga \u00e5r. Den \u00e4r utformad f\u00f6r p\u00e5litlig fuktkontroll i k\u00e4llare, garage och vindar, vilket hj\u00e4lper till att bevara dina tillh\u00f6righeter och f\u00f6rl\u00e4nga livsl\u00e4ngden p\u00e5 ditt hem. <\/p>\n<h3>L\u00e5ng garanti och h\u00e5llbar anv\u00e4ndning<\/h3>\n<p>Genom att registrera SW26MW p\u00e5 <a href=\"https:\/\/warranty-woods.com\">warranty-woods.com <\/a>och byta filter varje \u00e5r f\u00e5r du en av de l\u00e4ngsta garantierna p\u00e5 marknaden, hela 6 \u00e5r. Genom att registrera dig f\u00e5r du ocks\u00e5 p\u00e5minnelser om filterbyte, vilket inte bara f\u00f6rl\u00e4nger avfuktarens livsl\u00e4ngd utan ocks\u00e5 s\u00e4kerst\u00e4ller att den alltid fungerar med h\u00f6gsta effektivitet. Gl\u00f6m inte att spara kvittot n\u00e4r du k\u00f6per dina filter.  <\/p>\n<p>Med Wood&#8217;s SW26MW f\u00e5r du en p\u00e5litlig, h\u00e5llbar och energieffektiv l\u00f6sning f\u00f6r alla dina fuktproblem i k\u00e4llare, garage och andra kalla utrymmen.<\/p>\n","protected":false},"excerpt":{"rendered":"<p>Bli av med fukt, d\u00e5lig lukt och m\u00f6gel med Wood&#8217;s SW26MW avfuktare. Den avfuktar upp till 13,5 liter vatten per dag och skapar snabbt en torr och behaglig milj\u00f6, \u00e4ven vid l\u00e4gre temperaturer. Det kraftfulla luftfl\u00f6det cirkulerar och avfuktar luften \u00e4ven om utrymmet \u00e4r uppdelat i flera rum, och med sitt effektiva filter och slanganslutning minimeras underh\u00e5llet. Perfekt f\u00f6r mindre k\u00e4llare, garage och andra fuktiga utrymmen. Tillverkad i Sverige med upp till 6 \u00e5rs garanti.    <\/p>\n","protected":false},"featured_media":39573,"template":"","meta":{"_acf_changed":false},"product_brand":[],"product_cat":[336,4726],"product_tag":[347,341,340],"class_list":{"0":"post-41510","1":"product","2":"type-product","3":"status-publish","4":"has-post-thumbnail","6":"product_cat-avfuktare","7":"product_cat-kallare","8":"product_tag-garage-sv","9":"product_tag-kallare","10":"product_tag-vind","11":"splide__slide","13":"first","14":"instock","15":"taxable","16":"shipping-taxable","17":"product-type-simple"},"acf":[],"_links":{"self":[{"href":"https:\/\/woods.se\/sv\/wp-json\/wp\/v2\/product\/41510","targetHints":{"allow":["GET"]}}],"collection":[{"href":"https:\/\/woods.se\/sv\/wp-json\/wp\/v2\/product"}],"about":[{"href":"https:\/\/woods.se\/sv\/wp-json\/wp\/v2\/types\/product"}],"wp:featuredmedia":[{"embeddable":true,"href":"https:\/\/woods.se\/sv\/wp-json\/wp\/v2\/media\/39573"}],"wp:attachment":[{"href":"https:\/\/woods.se\/sv\/wp-json\/wp\/v2\/media?parent=41510"}],"wp:term":[{"taxonomy":"product_brand","embeddable":true,"href":"https:\/\/woods.se\/sv\/wp-json\/wp\/v2\/product_brand?post=41510"},{"taxonomy":"product_cat","embeddable":true,"href":"https:\/\/woods.se\/sv\/wp-json\/wp\/v2\/product_cat?post=41510"},{"taxonomy":"product_tag","embeddable":true,"href":"https:\/\/woods.se\/sv\/wp-json\/wp\/v2\/product_tag?post=41510"}],"curies":[{"name":"wp","href":"https:\/\/api.w.org\/{rel}","templated":true}]}}