{"id":41506,"date":"2024-12-10T14:08:29","date_gmt":"2024-12-10T13:08:29","guid":{"rendered":"https:\/\/stage.woods.se\/?post_type=product&#038;p=41506"},"modified":"2026-03-05T13:41:01","modified_gmt":"2026-03-05T12:41:01","slug":"woods-sw22fm","status":"publish","type":"product","link":"https:\/\/woods.se\/sv\/produkter\/avfuktare\/kallare\/woods-sw22fm\/","title":{"rendered":"Wood&#8217;s SW22FM"},"content":{"rendered":"<h2>Wood\u2019s SW22FM (metallic)<\/h2>\n<h3>P\u00e5litlig avfuktare f\u00f6r kalla utrymmen<\/h3>\n<p>Fukt, m\u00f6gel och d\u00e5lig lukt \u00e4r vanligt i k\u00e4llare och andra kalla utrymmen, vilket kan orsaka kostsamma skador ifall man inte \u00e5tg\u00e4rdar det i tid. Wood&#8217;s SW22FM \u00e4r s\u00e4rskilt utformad f\u00f6r att skapa en torr och behaglig milj\u00f6 i kalla utrymmen och f\u00f6rhindrar att m\u00f6gel och lukt f\u00e5r f\u00e4ste. Med h\u00f6g avfuktningskapacitet (13,5L) och ett kraftfullt luftfl\u00f6de n\u00e5r den varje h\u00f6rn av utrymmet, \u00e4ven i rum med flera delar. Denna avfuktare eliminerar fukt och o\u00f6nskad lukt, vilket g\u00f6r det m\u00f6jligt att f\u00f6rvara tyger och andra k\u00e4nsliga material i utrymmet.   <\/p>\n<h3>Rekommenderade anv\u00e4ndningsomr\u00e5den<\/h3>\n<p><strong>K\u00e4llare: <\/strong>H\u00f6g luftcirkulation och effektiv avfuktning h\u00e5ller k\u00e4llaren torr och m\u00f6gelfri. Vilket g\u00f6r att du kan anv\u00e4nda k\u00e4llaren som ett vanligt rum eller f\u00f6r f\u00f6rvaring.<br \/>\n<strong>Garage:<\/strong> H\u00e5ller fukten borta och skyddar fordon, verktyg och annan utrustning \u00e5ret runt.<br \/>\n<strong>Andra kalla utrymmen:<\/strong> Tillf\u00f6rlitlig fuktkontroll ner till +2\u00b0C, vilket g\u00f6r den idealisk f\u00f6r vindar, f\u00f6rr\u00e5d och vinterf\u00f6rvaring av t.ex. kuddar och tyger.<\/p>\n<h3>Viktiga egenskaper:<\/h3>\n\n<h3>H\u00f6g kapacitet och luftfl\u00f6de f\u00f6r effektiv cirkulation<\/h3>\n<p>SW22FM har de egenskaper som kr\u00e4vs f\u00f6r att f\u00e5 bort fukt i kalla och utsatta utrymmen som k\u00e4llare, garage och vind. Med en h\u00f6g avfuktningskapacitet p\u00e5 upp till 13,5 liter per dag och ett kraftfullt luftfl\u00f6de p\u00e5 350 m\u00b3\/timme ser SW22FM till att n\u00e5 varje h\u00f6rn av utrymmet, \u00e4ven n\u00e4r det \u00e4r uppdelat p\u00e5 flera rum. <\/p>\n<h3>Enkel anv\u00e4ndning och anpassningsbar funktion<\/h3>\n<p>Med tv\u00e5 fl\u00e4ktl\u00e4gen och en rymlig 11,4-liters vattentank \u00e4r SW22FM mycket l\u00e4tt att hantera. F\u00f6r \u00e4nnu mer bekv\u00e4mlighet kan du \u00e4ven ansluta en slang (ing\u00e5r ej) f\u00f6r direkt dr\u00e4nering till en golvbrunn. Den smarta konstruktionen g\u00f6r ocks\u00e5 att avfuktaren kan placeras direkt ovanf\u00f6r en golvbrunn. SW22FM \u00e4r \u00e4ven utrustad med autostart, vilket g\u00f6r att den automatiskt \u00e5terg\u00e5r till sin senaste inst\u00e4llning efter ett str\u00f6mavbrott, s\u00e5 du kan alltid vara s\u00e4ker p\u00e5 att den har kontroll p\u00e5 fuktniv\u00e5n s\u00e5 fort str\u00f6mmen har \u00e5terkommit igen. SW22FM \u00f6vervakar luftfuktigheten i rummet och startar eller st\u00e4ngs av automatiskt n\u00e4r det beh\u00f6vs.    <\/p>\n<h3>Smart m\u00f6gel- och dammfilter<\/h3>\n<p>SW22FM \u00e4r utrustad med Woods SMF-filter som effektivt f\u00e5ngar upp damm och m\u00f6gelpartiklar i luften, vilket skyddar avfuktaren och f\u00f6rl\u00e4nger dess livsl\u00e4ngd. Den h\u00e5ller dina utrymmen fria fr\u00e5n fukt, m\u00f6gel och lukter \u00e5ret om, vilket g\u00f6r den till en s\u00e4ker och l\u00e5ngsiktig l\u00f6sning. <\/p>\n<h3>Effektiv \u00e5ret runt, \u00e4ven vid l\u00e5ga temperaturer<\/h3>\n<p>Tack vare den innovativa i-EcoDefrost-teknologin kan SW22FM avfukta \u00e4ven vid s\u00e5 l\u00e5ga temperaturer som +2\u00b0C. Den \u00e4r byggd f\u00f6r att k\u00f6ras kontinuerligt, vilket g\u00f6r att den p\u00e5 ett s\u00e4kert s\u00e4tt kan vara i drift dygnet runt utan avbrott. Detta g\u00f6r den idealisk f\u00f6r anv\u00e4ndning \u00e5ret om, oavsett v\u00e4der eller \u00e5rstid. Den h\u00e5ller dina utrymmen fria fr\u00e5n fukt, m\u00f6gel och d\u00e5lig lukt under hela \u00e5ret, vilket g\u00f6r den till en trygg och l\u00e5ngsiktig l\u00f6sning f\u00f6r ditt hem.   <\/p>\n<h3>Byggd f\u00f6r att h\u00e5lla<\/h3>\n<p>Tillverkad i Sverige med ett robust, rostfritt metallh\u00f6lje, \u00e4r SW22FM byggd f\u00f6r att ta bort fukten dygnet runt och h\u00e5lla i m\u00e5nga \u00e5r. Den \u00e4r konstruerad f\u00f6r p\u00e5litlig fuktkontroll i k\u00e4llare, garage och vind vilket hj\u00e4lper till att bevara dina tillh\u00f6righeter och f\u00f6rl\u00e4nga husets livsl\u00e4ngd. <\/p>\n<h3>L\u00e5ng garanti och h\u00e5llbar anv\u00e4ndning<\/h3>\n<p>Genom att registrera SW22FM p\u00e5 <a href=\"https:\/\/warranty-woods.com\">warranty-woods.com<\/a> och byta filter varje \u00e5r f\u00e5r du en av de l\u00e4ngsta garantierna p\u00e5 marknaden, hela 6 \u00e5r. Genom att registrera dig f\u00e5r du ocks\u00e5 p\u00e5minnelser om filterbyte, vilket inte bara f\u00f6rl\u00e4nger avfuktarens livsl\u00e4ngd utan ocks\u00e5 s\u00e4kerst\u00e4ller att den alltid fungerar med h\u00f6gsta effektivitet. Gl\u00f6m inte att spara kvittot n\u00e4r du k\u00f6per dina filter.<\/p>\n<p>Med Wood\u2019s SW22FM f\u00e5r du en p\u00e5litlig, h\u00e5llbar och energieffektiv l\u00f6sning f\u00f6r att l\u00f6sa alla dina fuktproblem \u2013 fr\u00e5n k\u00e4llare till garage och andra kalla utrymmen.<\/p>\n<p><iframe loading=\"lazy\" title=\"Instruction video - Wood&#039;s SW22FM (English)\" width=\"500\" height=\"281\" src=\"https:\/\/www.youtube.com\/embed\/tfPC6m1PS8U?feature=oembed\" frameborder=\"0\" allow=\"accelerometer; autoplay; clipboard-write; encrypted-media; gyroscope; picture-in-picture; web-share\" referrerpolicy=\"strict-origin-when-cross-origin\" allowfullscreen><\/iframe><\/p>\n","protected":false},"excerpt":{"rendered":"<p>Slipp fukt, d\u00e5lig lukt och m\u00f6gel med Wood&#8217;s avfuktare SW22FM. Den avfuktar upp till 13,5 liter vatten per dygn och skapar snabbt en torr och behaglig milj\u00f6, \u00e4ven vid l\u00e4gre temperaturer. Det kraftfulla luftfl\u00f6det f\u00e5r luften att cirkulera och avfuktas \u00e4ven om utrymmet \u00e4r uppdelat i flera rum och med sitt effektiva filter samt slangkoppling blir underh\u00e5llet minimalt. Perfekt f\u00f6r mindre k\u00e4llare, garage och andra fuktiga utrymmen. Tillverkad i Sverige med upp till 6 \u00e5rs garanti.    <\/p>\n","protected":false},"featured_media":39029,"template":"","meta":{"_acf_changed":false},"product_brand":[],"product_cat":[336,4726],"product_tag":[347,341,340],"class_list":{"0":"post-41506","1":"product","2":"type-product","3":"status-publish","4":"has-post-thumbnail","6":"product_cat-avfuktare","7":"product_cat-kallare","8":"product_tag-garage-sv","9":"product_tag-kallare","10":"product_tag-vind","11":"product_shipping_class-high","12":"splide__slide","14":"first","15":"instock","16":"taxable","17":"shipping-taxable","18":"purchasable","19":"product-type-simple"},"acf":[],"_links":{"self":[{"href":"https:\/\/woods.se\/sv\/wp-json\/wp\/v2\/product\/41506","targetHints":{"allow":["GET"]}}],"collection":[{"href":"https:\/\/woods.se\/sv\/wp-json\/wp\/v2\/product"}],"about":[{"href":"https:\/\/woods.se\/sv\/wp-json\/wp\/v2\/types\/product"}],"wp:featuredmedia":[{"embeddable":true,"href":"https:\/\/woods.se\/sv\/wp-json\/wp\/v2\/media\/39029"}],"wp:attachment":[{"href":"https:\/\/woods.se\/sv\/wp-json\/wp\/v2\/media?parent=41506"}],"wp:term":[{"taxonomy":"product_brand","embeddable":true,"href":"https:\/\/woods.se\/sv\/wp-json\/wp\/v2\/product_brand?post=41506"},{"taxonomy":"product_cat","embeddable":true,"href":"https:\/\/woods.se\/sv\/wp-json\/wp\/v2\/product_cat?post=41506"},{"taxonomy":"product_tag","embeddable":true,"href":"https:\/\/woods.se\/sv\/wp-json\/wp\/v2\/product_tag?post=41506"}],"curies":[{"name":"wp","href":"https:\/\/api.w.org\/{rel}","templated":true}]}}