{"id":41504,"date":"2024-12-10T13:46:08","date_gmt":"2024-12-10T12:46:08","guid":{"rendered":"https:\/\/stage.woods.se\/?post_type=product&#038;p=41504"},"modified":"2026-03-06T14:36:25","modified_gmt":"2026-03-06T13:36:25","slug":"woods-ld48-pro","status":"publish","type":"product","link":"https:\/\/woods.se\/sv\/produkter\/avfuktare\/torka-tvatt\/woods-ld48-pro\/","title":{"rendered":"Wood&#8217;s LD48 Pro+"},"content":{"rendered":"<h2>Wood\u2019s LD48Pro+<\/h2>\n<h3>Kraftfull avfuktare f\u00f6r att torka tv\u00e4tt<\/h3>\n<p>Wood\u2019s LD48Pro+ \u00e4r det b\u00e4sta valet av avfuktaren f\u00f6r familjer med tv\u00e4ttstugor d\u00e4r tv\u00e4ttmaskinen g\u00e5r ofta och det uppst\u00e5r mycket fukt. Den mycket h\u00f6ga kapaciteten avfuktar \u00e4ven stora k\u00e4llare och utrymmen d\u00e4r h\u00f6g luftfuktighet l\u00e4tt kan orsaka problem med fukt och m\u00f6gel. Med sitt starka utbl\u00e5s p\u00e5 ovansidan f\u00f6nas all typ av tv\u00e4tt snabbt, skonsamt och energieffektivt torr, vilket f\u00f6rl\u00e4nger kl\u00e4dernas livsl\u00e4ngd och l\u00e4mnar dem med en fr\u00e4sch doft.  <\/p>\n<h3>Rekommenderade anv\u00e4ndningsomr\u00e5den<\/h3>\n<p><strong>K\u00e4llare med tv\u00e4ttstuga:<\/strong> H\u00f6ga fuktniv\u00e5er fr\u00e5n tv\u00e4tt kr\u00e4ver en avfuktare likt LD48Pro+, som snabbt, effektivt och skonsamt torkar all typ av tv\u00e4tt och samtidigt skyddar hela k\u00e4llaren oavsett storlek mot fukt. Detta f\u00f6rl\u00e4nger livsl\u00e4ngden p\u00e5 b\u00e5de byggnaden och kl\u00e4derna.<br \/>\n<strong>Tv\u00e4ttstuga:<\/strong> En idealisk l\u00f6sning f\u00f6r tv\u00e4ttstugor d\u00e4r fuktniv\u00e5n snabbt blir f\u00f6r h\u00f6g. LD48Pro+ torkar snabbt och skonsamt all typ av tv\u00e4tt och l\u00e4mnar den utan obehagliga lukter.<br \/>\n<strong>K\u00e4llare: <\/strong>LD48Pro+ motverkar fuktproblem \u00e4ven i stora k\u00e4llare d\u00e4r d\u00e5lig ventilation och fukt ofta leder till m\u00f6gel och obehagliga lukter. Den h\u00e5ller alltid luftfuktigheten under kontroll, vilket skapar en fr\u00e4sch och p\u00e5litlig f\u00f6rvaringsmilj\u00f6 \u00e5ret om. <\/p>\n\n<h3>H\u00f6gsta kapacitet och h\u00f6gt luftfl\u00f6de f\u00f6r effektiv cirkulation<\/h3>\n<p>LD48Pro+ \u00e4r det mest kraftfulla valet f\u00f6r b\u00e5de tv\u00e4ttstugor och k\u00e4llare. Med mycket h\u00f6g avfuktningskapacitet p\u00e5 upp till 31 liter per dygn och ett luftfl\u00f6de p\u00e5 upp till 300 m\u00b3\/h, torkar den effektivt all din tv\u00e4tt och hanterar samtidigt fukt i alla utrymmen. <\/p>\n<h3>Styr med smarta funktioner<\/h3>\n<p>LD48Pro+ har en digital display d\u00e4r du kan utl\u00e4sa den aktuella luftfuktigheten, temperaturen och v\u00e4lja n\u00e5got av de fyra smarta driftl\u00e4gena:<br \/>\n<strong>Laundry: <\/strong>Torkar tv\u00e4tt med maximal avfuktning och fl\u00e4kthastighet.<br \/>\n<strong>Fan:<\/strong> Torkar alltid tv\u00e4tt med fl\u00e4kten och avfuktar till \u00f6nskad niv\u00e5.<br \/>\n<strong>Normal:<\/strong> Avfuktar till \u00f6nskad niv\u00e5.<br \/>\n<strong>Easy:<\/strong> Avfuktar till 50% relativ luftfuktighet med l\u00e5g fl\u00e4ktniv\u00e5.<\/p>\n<h3>Enkel anv\u00e4ndning och anpassningsbar funktion<\/h3>\n<p>LD48Pro+ \u00e4r utrustad med en rymlig vattentank p\u00e5 11,4-liter men du kan ocks\u00e5 v\u00e4lja att ansluta en slang (ing\u00e5r ej) f\u00f6r direkt dr\u00e4nering till avloppsbrunn, f\u00f6r att underl\u00e4tta vid kontinuerlig anv\u00e4ndning. Den smarta designen g\u00f6r att du ocks\u00e5 kan placera avfuktaren direkt ovanf\u00f6r en golvbrunn. F\u00f6r extra trygghet startar LD48Pro+ automatiskt efter ett str\u00f6mavbrott och enheten \u00e5terg\u00e5r till sina senaste inst\u00e4llningar f\u00f6r att alltid s\u00e4kerst\u00e4lla s\u00e4ker fuktkontroll.  <\/p>\n<h3>Effektivt m\u00f6gel- och partikelfilter<\/h3>\n<p>LD48Pro+ \u00e4r utrustad med Woods SMF-filter som effektivt f\u00e5ngar upp damm och m\u00f6gelpartiklar i luften, vilket h\u00e5ller dina utrymmen fria fr\u00e5n fukt, m\u00f6gel och lukter \u00e5ret om. Dessutom skyddar filtret avfuktaren och f\u00f6rl\u00e4nger dess livsl\u00e4ngd, vilket g\u00f6r den till en s\u00e4ker och l\u00e5ngsiktig l\u00f6sning. <\/p>\n<h3>Effektiv \u00e5ret runt, \u00e4ven vid l\u00e5ga temperaturer<\/h3>\n<p>Med det svenskutvecklade i-EcoDefrost-systemet arbetar LD48Pro+ effektivt \u00e4ven vid s\u00e5 l\u00e5ga temperaturer som ner till +2\u00b0C. Den \u00e4r d\u00e4rf\u00f6r \u00e4ven l\u00e4mplig f\u00f6r utrymmen som kr\u00e4ver avfuktning oavsett s\u00e4song, och garanterar en torr och s\u00e4ker milj\u00f6 under hela \u00e5ret. <\/p>\n<h3>Made in Sweden \u2013 byggd f\u00f6r att h\u00e5lla<\/h3>\n<p>Wood\u2019s LD48Pro+ \u00e4r designad och tillverkad i Sverige f\u00f6r att klara tuffa f\u00f6rh\u00e5llanden. Det robusta metallh\u00f6ljet skyddar de h\u00f6gkvalitativa komponenterna och s\u00e4kerst\u00e4ller att avfuktaren kan prestera optimalt, \u00e4ven i kr\u00e4vande milj\u00f6er. LD48Pro+ \u00e4r dessutom s\u00e4ker att anv\u00e4nda dygnet runt \u00e5ret runt, vilket g\u00f6r den till en p\u00e5litlig l\u00f6sning f\u00f6r att torka tv\u00e4tt \u00f6ver natten samtidigt som den tar hand om fukten.  <\/p>\n<h3>F\u00e5 f\u00f6rl\u00e4ngd garanti upp till 10 \u00e5r<\/h3>\n<p>Registrera din LD48Pro+ p\u00e5 <a href=\"https:\/\/warranty-woods.com\/\">warranty.woods.com<\/a> och f\u00f6rl\u00e4ng garantin upp till 10 \u00e5r genom att byta filter en g\u00e5ng per \u00e5r (kvitton kr\u00e4vs). Du f\u00e5r dessutom p\u00e5minnelser om filterbyten, vilket g\u00f6r det enkelt att underh\u00e5lla avfuktaren och s\u00e4kerst\u00e4ller att den presterar p\u00e5 topp m\u00e5nga \u00e5r fram\u00f6ver. <\/p>\n<p>Med LD48Pro+ f\u00e5r du den mest kraftfulla och energieffektiva avfuktaren som snabbt torkar din tv\u00e4tt och h\u00e5ller stora utrymmen torra och fria fr\u00e5n fukt och m\u00f6gel. V\u00e4lj LD48Pro+ f\u00f6r en s\u00e4ker och effektiv inomhusmilj\u00f6 i b\u00e5de tv\u00e4ttstuga och k\u00e4llare, \u00e5ret om. <\/p>\n","protected":false},"excerpt":{"rendered":"<p>LD48Pro+ \u00e4r en mycket kraftfull avfuktare f\u00f6r tv\u00e4ttstugor och k\u00e4llare. Med maximal kapacitet och kraftfull fl\u00e4kt torkar den snabbt och skonsamt all typ av tv\u00e4tt och h\u00e5ller stora utrymmen fria fr\u00e5n fukt. Perfekt f\u00f6r flerfamiljshus och familjer med mycket tv\u00e4tt. Den \u00e4r enkel att anv\u00e4nda och har fyra smarta driftl\u00e4gen, m\u00f6gelfilter, stor vattentank och m\u00f6jlighet att koppla p\u00e5 slang. LD48Pro+ \u00e4r svensktillverkad med upp till 10 \u00e5rs garanti och utvecklad f\u00f6r st\u00e4ndig drift, s\u00e5 den tryggt kan st\u00e5 p\u00e5 dygnet runt.    <\/p>\n","protected":false},"featured_media":41158,"template":"","meta":{"_acf_changed":false},"product_brand":[],"product_cat":[336,4758,2529],"product_tag":[344,345,346],"class_list":{"0":"post-41504","1":"product","2":"type-product","3":"status-publish","4":"has-post-thumbnail","6":"product_cat-avfuktare","7":"product_cat-torka-tvatt","8":"product_cat-villaagarna","9":"product_tag-torka-tvatt","10":"product_tag-torka-tvatt-i-kallaren","11":"product_tag-torka-tvatt-i-tvattstuga","12":"product_shipping_class-sweden-very-high","13":"splide__slide","15":"first","16":"instock","17":"taxable","18":"shipping-taxable","19":"purchasable","20":"product-type-simple"},"acf":[],"_links":{"self":[{"href":"https:\/\/woods.se\/sv\/wp-json\/wp\/v2\/product\/41504","targetHints":{"allow":["GET"]}}],"collection":[{"href":"https:\/\/woods.se\/sv\/wp-json\/wp\/v2\/product"}],"about":[{"href":"https:\/\/woods.se\/sv\/wp-json\/wp\/v2\/types\/product"}],"wp:featuredmedia":[{"embeddable":true,"href":"https:\/\/woods.se\/sv\/wp-json\/wp\/v2\/media\/41158"}],"wp:attachment":[{"href":"https:\/\/woods.se\/sv\/wp-json\/wp\/v2\/media?parent=41504"}],"wp:term":[{"taxonomy":"product_brand","embeddable":true,"href":"https:\/\/woods.se\/sv\/wp-json\/wp\/v2\/product_brand?post=41504"},{"taxonomy":"product_cat","embeddable":true,"href":"https:\/\/woods.se\/sv\/wp-json\/wp\/v2\/product_cat?post=41504"},{"taxonomy":"product_tag","embeddable":true,"href":"https:\/\/woods.se\/sv\/wp-json\/wp\/v2\/product_tag?post=41504"}],"curies":[{"name":"wp","href":"https:\/\/api.w.org\/{rel}","templated":true}]}}