{"id":41493,"date":"2024-12-10T13:43:30","date_gmt":"2024-12-10T12:43:30","guid":{"rendered":"https:\/\/stage.woods.se\/?post_type=product&#038;p=41493"},"modified":"2026-03-05T16:19:09","modified_gmt":"2026-03-05T15:19:09","slug":"woods-ld40pro","status":"publish","type":"product","link":"https:\/\/woods.se\/sv\/produkter\/avfuktare\/torka-tvatt\/woods-ld40pro\/","title":{"rendered":"Wood&#8217;s LD40Pro"},"content":{"rendered":"<h2>Wood&#8217;s LD40Pro<\/h2>\n<h3>Kraftfull avfuktare f\u00f6r att torka tv\u00e4tt<\/h3>\n<p>Wood&#8217;s LD40Pro \u00e4r det b\u00e4sta valet av avfuktare f\u00f6r familjer med tv\u00e4ttstugor d\u00e4r tv\u00e4ttmaskinen k\u00f6rs ofta och mycket fukt produceras. Dess mycket h\u00f6ga kapacitet avfuktar \u00e4ven stora k\u00e4llare och utrymmen d\u00e4r h\u00f6g luftfuktighet l\u00e4tt kan orsaka problem med fukt och m\u00f6gel. Med den kraftfulla toppmonterade fr\u00e5nluftsfl\u00e4kten torkas all typ av tv\u00e4tt snabbt, skonsamt och energieffektivt, vilket f\u00f6rl\u00e4nger livsl\u00e4ngden p\u00e5 dina kl\u00e4der och ger dem en fr\u00e4sch doft.  <\/p>\n<h3>Rekommenderade anv\u00e4ndningsomr\u00e5den<\/h3>\n<p><strong>K\u00e4llare med tv\u00e4ttstugor:<\/strong> H\u00f6g luftfuktighet fr\u00e5n tv\u00e4tten kr\u00e4ver en avfuktare som LD40Pro, som snabbt, effektivt och skonsamt torkar alla typer av tv\u00e4tt samtidigt som hela k\u00e4llaren, oavsett storlek, skyddas fr\u00e5n fukt. Detta f\u00f6rl\u00e4nger livsl\u00e4ngden p\u00e5 b\u00e5de byggnaden och kl\u00e4derna.<br \/>\n<strong>Tv\u00e4ttstugor:<\/strong> En idealisk l\u00f6sning f\u00f6r tv\u00e4ttstugor d\u00e4r luftfuktigheten snabbt blir f\u00f6r h\u00f6g. LD40Pro torkar alla typer av tv\u00e4tt snabbt och skonsamt och l\u00e4mnar tv\u00e4tten fri fr\u00e5n obehagliga lukter.<br \/>\n<strong>K\u00e4llare:<\/strong> LD40Pro bek\u00e4mpar fuktproblem \u00e4ven i stora k\u00e4llare d\u00e4r d\u00e5lig ventilation och fukt ofta leder till m\u00f6gel och obehagliga lukter. Den h\u00e5ller alltid luftfuktigheten under kontroll och skapar en fr\u00e4sch och p\u00e5litlig f\u00f6rvaringsmilj\u00f6 \u00e5ret runt. <\/p>\n\n<h3>H\u00f6gsta kapacitet och h\u00f6gt luftfl\u00f6de f\u00f6r effektiv cirkulation<\/h3>\n<p>LD40Pro \u00e4r det mest kraftfulla valet f\u00f6r b\u00e5de tv\u00e4ttstugor och k\u00e4llare. Med en mycket h\u00f6g avfuktningskapacitet p\u00e5 upp till 31 liter per dygn och ett luftfl\u00f6de p\u00e5 upp till 300 m\u00b3\/h torkar den effektivt all din tv\u00e4tt och hanterar samtidigt fukt i alla utrymmen. <\/p>\n<h3>Enkel anv\u00e4ndning och anpassningsbar funktion<\/h3>\n<p>LD40Pro \u00e4r utrustad med en rymlig vattentank p\u00e5 11,4 liter, men du kan ocks\u00e5 v\u00e4lja att ansluta en slang (ing\u00e5r ej) f\u00f6r direkt avrinning till ett avlopp, f\u00f6r att underl\u00e4tta kontinuerlig anv\u00e4ndning. Den smarta designen g\u00f6r ocks\u00e5 att du kan placera avfuktaren direkt ovanf\u00f6r en golvbrunn. F\u00f6r extra sinnesro startar LD40Pro automatiskt efter ett str\u00f6mavbrott och enheten \u00e5terg\u00e5r till sina senaste inst\u00e4llningar f\u00f6r att alltid s\u00e4kerst\u00e4lla en s\u00e4ker luftfuktighetskontroll.  <\/p>\n<h3>Effektivt m\u00f6gel- och partikelfilter<\/h3>\n<p>LD40Pro \u00e4r utrustad med ett Wood&#8217;s SMF-filter som effektivt f\u00e5ngar upp damm- och m\u00f6gelpartiklar i luften och h\u00e5ller dina utrymmen fria fr\u00e5n fukt, m\u00f6gel och lukt \u00e5ret runt. Filtret skyddar ocks\u00e5 avfuktaren och f\u00f6rl\u00e4nger dess livsl\u00e4ngd, vilket g\u00f6r den till en s\u00e4ker och l\u00e5ngsiktig l\u00f6sning. <\/p>\n<h3>Effektiv \u00e5ret runt, \u00e4ven vid l\u00e5ga temperaturer<\/h3>\n<p>Med det svenskutvecklade i-EcoDefrost-systemet arbetar LD40Pro effektivt \u00e4ven vid s\u00e5 l\u00e5ga temperaturer som +2\u00b0C. Den \u00e4r d\u00e4rf\u00f6r ocks\u00e5 l\u00e4mplig f\u00f6r utrymmen som kr\u00e4ver avfuktning oavsett \u00e5rstid, vilket garanterar en torr och s\u00e4ker milj\u00f6 under hela \u00e5ret. <\/p>\n<h3>Made in Sweden \u2013 byggd f\u00f6r att h\u00e5lla<\/h3>\n<p>Wood&#8217;s LD40Pro \u00e4r konstruerad och tillverkad i Sverige f\u00f6r att klara tuffa f\u00f6rh\u00e5llanden. Det robusta metallh\u00f6ljet skyddar de h\u00f6gkvalitativa komponenterna och s\u00e4kerst\u00e4ller att avfuktaren kan prestera optimalt, \u00e4ven i kr\u00e4vande milj\u00f6er. LD40Pro \u00e4r ocks\u00e5 s\u00e4ker att anv\u00e4nda dygnet runt, \u00e5ret runt, vilket g\u00f6r den till en p\u00e5litlig l\u00f6sning f\u00f6r att torka tv\u00e4tt \u00f6ver natten och samtidigt ta hand om fukten.  <\/p>\n<h3>F\u00e5 f\u00f6rl\u00e4ngd garanti upp till 10 \u00e5r<\/h3>\n<p>Registrera din LD40Pro p\u00e5 <a href=\"https:\/\/warranty-woods.com\/\">warranty.woods.com<\/a> och f\u00f6rl\u00e4ng garantin till upp till 10 \u00e5r genom att byta ut filtret en g\u00e5ng om \u00e5ret (kvitton kr\u00e4vs). Du kommer ocks\u00e5 att f\u00e5 p\u00e5minnelser om filterbyte, vilket g\u00f6r det enkelt att underh\u00e5lla avfuktaren och s\u00e4kerst\u00e4lla att den fungerar som b\u00e4st under m\u00e5nga \u00e5r fram\u00f6ver. <\/p>\n<p>Med LD40Pro f\u00e5r du den mest kraftfulla och energieffektiva avfuktaren som snabbt torkar din tv\u00e4tt och h\u00e5ller stora utrymmen torra och fria fr\u00e5n fukt och m\u00f6gel. V\u00e4lj LD40Pro f\u00f6r en s\u00e4ker och effektiv inomhusmilj\u00f6 i b\u00e5de tv\u00e4ttstugor och k\u00e4llare, \u00e5ret runt. <\/p>\n","protected":false},"excerpt":{"rendered":"<p>LD40Pro \u00e4r en mycket kraftfull avfuktare f\u00f6r tv\u00e4ttstugor och k\u00e4llare. Med maximal kapacitet och en kraftfull fl\u00e4kt torkar den snabbt och skonsamt alla typer av tv\u00e4tt och h\u00e5ller stora utrymmen fria fr\u00e5n fukt. Perfekt f\u00f6r flerfamiljshus och familjer med mycket tv\u00e4tt. Den \u00e4r enkel att anv\u00e4nda med ett manuellt vred f\u00f6r att st\u00e4lla in \u00f6nskad luftfuktighet, ett m\u00f6gelfilter, en stor vattentank och m\u00f6jlighet att ansluta en slang. LD40Pro \u00e4r svensktillverkad med upp till 10 \u00e5rs garanti och konstruerad f\u00f6r kontinuerlig drift, s\u00e5 den kan tryggt l\u00e4mnas p\u00e5 dygnet runt.    <\/p>\n","protected":false},"featured_media":41270,"template":"","meta":{"_acf_changed":false},"product_brand":[],"product_cat":[336,4758],"product_tag":[344,345,346],"class_list":{"0":"post-41493","1":"product","2":"type-product","3":"status-publish","4":"has-post-thumbnail","6":"product_cat-avfuktare","7":"product_cat-torka-tvatt","8":"product_tag-torka-tvatt","9":"product_tag-torka-tvatt-i-kallaren","10":"product_tag-torka-tvatt-i-tvattstuga","11":"product_shipping_class-very-high","12":"splide__slide","14":"first","15":"instock","16":"taxable","17":"shipping-taxable","18":"purchasable","19":"product-type-simple"},"acf":[],"_links":{"self":[{"href":"https:\/\/woods.se\/sv\/wp-json\/wp\/v2\/product\/41493","targetHints":{"allow":["GET"]}}],"collection":[{"href":"https:\/\/woods.se\/sv\/wp-json\/wp\/v2\/product"}],"about":[{"href":"https:\/\/woods.se\/sv\/wp-json\/wp\/v2\/types\/product"}],"wp:featuredmedia":[{"embeddable":true,"href":"https:\/\/woods.se\/sv\/wp-json\/wp\/v2\/media\/41270"}],"wp:attachment":[{"href":"https:\/\/woods.se\/sv\/wp-json\/wp\/v2\/media?parent=41493"}],"wp:term":[{"taxonomy":"product_brand","embeddable":true,"href":"https:\/\/woods.se\/sv\/wp-json\/wp\/v2\/product_brand?post=41493"},{"taxonomy":"product_cat","embeddable":true,"href":"https:\/\/woods.se\/sv\/wp-json\/wp\/v2\/product_cat?post=41493"},{"taxonomy":"product_tag","embeddable":true,"href":"https:\/\/woods.se\/sv\/wp-json\/wp\/v2\/product_tag?post=41493"}],"curies":[{"name":"wp","href":"https:\/\/api.w.org\/{rel}","templated":true}]}}