{"id":41081,"date":"2024-10-16T14:19:41","date_gmt":"2024-10-16T12:19:41","guid":{"rendered":"https:\/\/stage.woods.se\/?post_type=product&#038;p=41081"},"modified":"2026-03-06T15:29:30","modified_gmt":"2026-03-06T14:29:30","slug":"woods-sw38fw","status":"publish","type":"product","link":"https:\/\/woods.se\/sv\/produkter\/avfuktare\/kallare\/woods-sw38fw\/","title":{"rendered":"Wood&#8217;s SW38FW"},"content":{"rendered":"<h2>Wood&#8217;s SW38FW (vit)<\/h2>\n<h3>Kraftfull avfuktare f\u00f6r k\u00e4llare, garage och vindar<\/h3>\n<p>Fukt, m\u00f6gel och obehagliga lukter \u00e4r vanliga problem i kalla utrymmen som k\u00e4llare, garage, vindar och f\u00f6rr\u00e5d. Wood&#8217;s SW38FW \u00e4r konstruerad f\u00f6r att effektivt hantera dessa utmaningar och skapa en torr och behaglig milj\u00f6 \u00e4ven vid s\u00e5 l\u00e5ga temperaturer som +2\u00b0C. Med sin imponerande avfuktningskapacitet p\u00e5 upp till 19 liter per dag och ett luftfl\u00f6de som n\u00e5r alla delar av utrymmet \u00e4r SW38FW den perfekta l\u00f6sningen f\u00f6r att skydda dina \u00e4godelar och f\u00f6rhindra fuktrelaterade skador.  <\/p>\n<h3>Rekommenderade anv\u00e4ndningsomr\u00e5den:<\/h3>\n<p><strong>K\u00e4llare: <\/strong>Kraftfull avfuktning och h\u00f6gt luftfl\u00f6de h\u00e5ller k\u00e4llaren torr och fri fr\u00e5n m\u00f6gel, vilket g\u00f6r att utrymmet kan anv\u00e4ndas f\u00f6r b\u00e5de f\u00f6rvaring och daglig anv\u00e4ndning.<br \/>\n<strong>Garage:<\/strong> Skyddar fordon, verktyg och utrustning genom att h\u00e5lla fukten borta \u00e5ret runt, \u00e4ven vid svalare temperaturer.<br \/>\n<strong>Andra kalla utrymmen: <\/strong>SW38FW erbjuder tillf\u00f6rlitlig luftfuktighetskontroll ner till +2\u00b0C, perfekt f\u00f6r vinterf\u00f6rvaring av k\u00e4nsliga f\u00f6rem\u00e5l i f\u00f6rr\u00e5d eller p\u00e5 vindar.<\/p>\n<h3>Viktiga egenskaper:<\/h3>\n\n<h3>Kraftfull b\u00e5de i kapacitet och luftfl\u00f6de<\/h3>\n<p>SW38FW har en kraftfull avfuktningskapacitet p\u00e5 upp till 19 liter per dag. Det kraftfulla luftfl\u00f6det p\u00e5 340 m\u00b3\/h s\u00e4kerst\u00e4ller effektiv cirkulation och avfuktning &#8211; \u00e4ven i utrymmen med flera rum. <\/p>\n<h3>Enkel anv\u00e4ndning och anpassningsbar funktion<\/h3>\n<p>SW38FW \u00e4r utrustad med en rymlig vattentank p\u00e5 11,4 liter och det finns \u00e4ven m\u00f6jlighet att ansluta en slanganslutning (medf\u00f6ljer ej) f\u00f6r direkt avrinning till ett avlopp, vilket underl\u00e4ttar kontinuerlig anv\u00e4ndning. Du kan ocks\u00e5 v\u00e4lja att placera avfuktaren direkt ovanf\u00f6r ett golvavlopp. F\u00f6r extra trygghet startar SW38FW automatiskt efter ett str\u00f6mavbrott och enheten \u00e5terg\u00e5r till sina senaste inst\u00e4llningar f\u00f6r att s\u00e4kerst\u00e4lla att fuktkontrollen inte avbryts vid dessa tillf\u00e4llen. SW38FW anpassar sig automatiskt till luftfuktigheten och aktiveras eller st\u00e4ngs av efter behov.   <\/p>\n<h3>Smart m\u00f6gel- och dammfilter<\/h3>\n<p>SW38FW \u00e4r utrustad med ett Woods SMF-filter som effektivt f\u00e5ngar upp damm- och m\u00f6gelpartiklar i luften och h\u00e5ller dina utrymmen fria fr\u00e5n fukt, m\u00f6gel och lukt \u00e5ret runt. Dessutom skyddar filtret avfuktaren och f\u00f6rl\u00e4nger dess livsl\u00e4ngd, vilket g\u00f6r den till en s\u00e4ker och l\u00e5ngsiktig l\u00f6sning. <\/p>\n<h3>Effektiv \u00e5ret runt, \u00e4ven vid l\u00e5ga temperaturer<\/h3>\n<p>Tack vare den innovativa i-EcoDefrost-tekniken kan SW38FW avfukta \u00e4ven vid l\u00e5ga temperaturer, ner till +2\u00b0C. SW38FW \u00e4r ocks\u00e5 konstruerad f\u00f6r kontinuerlig drift, vilket inneb\u00e4r att den kan k\u00f6ras s\u00e4kert dag och natt. Detta g\u00f6r den till det perfekta valet f\u00f6r kalla utrymmen som garage eller k\u00e4llare, d\u00e4r den kan arbeta effektivt \u00e5ret runt och h\u00e5lla dina utrymmen fria fr\u00e5n fukt, m\u00f6gel och obehagliga lukter, oavsett \u00e5rstid eller v\u00e4derf\u00f6rh\u00e5llanden.  <\/p>\n<h3>Byggd f\u00f6r att h\u00e5lla<\/h3>\n<p>SW38FW \u00e4r tillverkad i Sverige och byggd f\u00f6r att leverera l\u00e5ngvarig prestanda. Det robusta metallh\u00f6ljet skyddar mot slitage och de h\u00f6gkvalitativa komponenterna garanterar tillf\u00f6rlitlig fuktkontroll och kommer att skydda ditt hem dygnet runt under m\u00e5nga \u00e5r fram\u00f6ver. <\/p>\n<h3>Upp till 6 \u00e5rs garanti<\/h3>\n<p>Genom att registrera din SW38FW p\u00e5 <a href=\"https:\/\/warranty-woods.com\">warranty-woods.com<\/a> och byta ut filtret varje \u00e5r f\u00e5r du en av marknadens l\u00e4ngsta garantier, upp till 6 \u00e5r. N\u00e4r du registrerar dig kan du ocks\u00e5 v\u00e4lja att f\u00e5 p\u00e5minnelser n\u00e4r det \u00e4r dags att byta ut filtret. Byte av filter f\u00f6rl\u00e4nger avfuktarens livsl\u00e4ngd och s\u00e4kerst\u00e4ller att den alltid arbetar med maximal effektivitet. Gl\u00f6m inte att spara alla dina kvitton.   <\/p>\n<p>Med Wood&#8217;s SW38FW f\u00e5r du en kraftfull, tillf\u00f6rlitlig och energieffektiv l\u00f6sning p\u00e5 alla dina fuktproblem &#8211; fr\u00e5n k\u00e4llare till garage och andra kalla utrymmen.<\/p>\n<p><iframe loading=\"lazy\" title=\"WOOD&#039;S SW38FW PORTABLE DEHUMIDIFIER\" width=\"500\" height=\"281\" src=\"https:\/\/www.youtube.com\/embed\/H6RiNxWBJio?feature=oembed\" frameborder=\"0\" allow=\"accelerometer; autoplay; clipboard-write; encrypted-media; gyroscope; picture-in-picture; web-share\" referrerpolicy=\"strict-origin-when-cross-origin\" allowfullscreen><\/iframe><\/p>\n","protected":false},"excerpt":{"rendered":"<p>Kontrollera fukt, m\u00f6gel och obehagliga lukter i kalla utrymmen med Wood&#8217;s SW38FW avfuktare. Den avfuktar upp till 19 liter per dag och s\u00e4kerst\u00e4ller snabbt en torr och behaglig milj\u00f6, \u00e4ven vid l\u00e5ga temperaturer. Tack vare sin kraftfulla kapacitet och luftfl\u00f6de cirkulerar den luften effektivt, \u00e4ven i utrymmen med flera rum. Med en slanganslutning \u00e4r underh\u00e5llet minimalt. Idealisk f\u00f6r alla typer av k\u00e4llare, garage och andra fuktiga utrymmen. Tillverkad i Sverige med upp till 6 \u00e5rs garanti.     <\/p>\n<p>&nbsp;<\/p>\n<p>&nbsp;<\/p>\n","protected":false},"featured_media":38839,"template":"","meta":{"_acf_changed":false},"product_brand":[],"product_cat":[336,4726],"product_tag":[347,341,340],"class_list":{"0":"post-41081","1":"product","2":"type-product","3":"status-publish","4":"has-post-thumbnail","6":"product_cat-avfuktare","7":"product_cat-kallare","8":"product_tag-garage-sv","9":"product_tag-kallare","10":"product_tag-vind","11":"product_shipping_class-high","12":"splide__slide","14":"first","15":"instock","16":"taxable","17":"shipping-taxable","18":"purchasable","19":"product-type-simple"},"acf":[],"_links":{"self":[{"href":"https:\/\/woods.se\/sv\/wp-json\/wp\/v2\/product\/41081","targetHints":{"allow":["GET"]}}],"collection":[{"href":"https:\/\/woods.se\/sv\/wp-json\/wp\/v2\/product"}],"about":[{"href":"https:\/\/woods.se\/sv\/wp-json\/wp\/v2\/types\/product"}],"wp:featuredmedia":[{"embeddable":true,"href":"https:\/\/woods.se\/sv\/wp-json\/wp\/v2\/media\/38839"}],"wp:attachment":[{"href":"https:\/\/woods.se\/sv\/wp-json\/wp\/v2\/media?parent=41081"}],"wp:term":[{"taxonomy":"product_brand","embeddable":true,"href":"https:\/\/woods.se\/sv\/wp-json\/wp\/v2\/product_brand?post=41081"},{"taxonomy":"product_cat","embeddable":true,"href":"https:\/\/woods.se\/sv\/wp-json\/wp\/v2\/product_cat?post=41081"},{"taxonomy":"product_tag","embeddable":true,"href":"https:\/\/woods.se\/sv\/wp-json\/wp\/v2\/product_tag?post=41081"}],"curies":[{"name":"wp","href":"https:\/\/api.w.org\/{rel}","templated":true}]}}