{"id":41079,"date":"2024-12-10T14:06:39","date_gmt":"2024-12-10T13:06:39","guid":{"rendered":"https:\/\/stage.woods.se\/?post_type=product&#038;p=41079"},"modified":"2026-03-05T14:04:36","modified_gmt":"2026-03-05T13:04:36","slug":"woods-sw20fw","status":"publish","type":"product","link":"https:\/\/woods.se\/sv\/produkter\/avfuktare\/kallare\/woods-sw20fw\/","title":{"rendered":"Wood&#8217;s SW20FW"},"content":{"rendered":"<h2>Wood&#8217;s SW20FW (vit)<\/h2>\n<h3>Kompakt och effektiv avfuktare f\u00f6r kalla utrymmen<\/h3>\n<p>Fukt och lukt \u00e4r vanligt i k\u00e4llare och andra ouppv\u00e4rmda utrymmen, vilket kan leda till m\u00f6gel och skador om det inte \u00e5tg\u00e4rdas. Wood&#8217;s SW20FW \u00e4r utformad f\u00f6r att effektivt hantera dessa utmaningar, \u00e4ven i kallare milj\u00f6er. Med en avfuktningskapacitet p\u00e5 upp till 12 liter per dygn och ett luftfl\u00f6de p\u00e5 250 m\u00b3\/h s\u00e4kerst\u00e4ller SW20FW en god luftcirkulation i utrymmen p\u00e5 upp till 80 m\u00b2, \u00e4ven om de \u00e4r uppdelade i flera rum.  <\/p>\n<h3>Rekommenderade anv\u00e4ndningsomr\u00e5den:<\/h3>\n<p><strong>K\u00e4llare:<\/strong> H\u00f6g luftcirkulation och effektiv avfuktning h\u00e5ller k\u00e4llaren torr och m\u00f6gelfri. Vilket g\u00f6r att du kan anv\u00e4nda k\u00e4llaren som ett vanligt rum eller till f\u00f6rvaring.<br \/>\n<strong>Garage:<\/strong> Skyddar fordon, verktyg och annan utrustning fr\u00e5n fukt \u00e5ret runt.<br \/>\n<strong>Andra kalla utrymmen:<\/strong> Tillf\u00f6rlitlig drift ner till +2\u00b0C vilket g\u00f6r den idealisk f\u00f6r vindar, f\u00f6rr\u00e5d och andra kalla utrymmen.<\/p>\n\n<h3>H\u00f6g kapacitet och luftfl\u00f6de f\u00f6r effektiv cirkulation<\/h3>\n<p>Wood&#8217;s SW20FW \u00e4r en kompakt men kraftfull avfuktare som \u00e4r idealisk f\u00f6r kalla och fuktk\u00e4nsliga utrymmen som k\u00e4llare, garage och f\u00f6rr\u00e5d. Med en avfuktningskapacitet p\u00e5 upp till 12 liter per dag och ett luftfl\u00f6de p\u00e5 250 m\u00b3\/h s\u00e4kerst\u00e4ller den effektiv fuktborttagning och luftcirkulation. \u00c4ven i tr\u00e5nga eller sv\u00e5r\u00e5tkomliga utrymmen hj\u00e4lper SW20FW till att uppr\u00e4tth\u00e5lla en konstant torr och behaglig inomhusmilj\u00f6.  <\/p>\n<h3>Enkel anv\u00e4ndning och anpassningsbar funktion<\/h3>\n<p>SW20FW \u00e4r utformad f\u00f6r anv\u00e4ndarv\u00e4nlig drift med bara ett vred f\u00f6r att st\u00e4lla in \u00f6nskad luftfuktighet och en gener\u00f6s vattentank p\u00e5 11,4 liter. F\u00f6r \u00e4nnu mer bekv\u00e4mlighet kan en slang anslutas f\u00f6r kontinuerlig dr\u00e4nering, eller s\u00e5 kan enheten placeras direkt \u00f6ver ett golvavlopp. Den har ocks\u00e5 en automatisk omstartsfunktion som s\u00e4kerst\u00e4ller att avfuktaren \u00e5terg\u00e5r till sina tidigare inst\u00e4llningar efter ett str\u00f6mavbrott. Enheten \u00f6vervakar kontinuerligt luftfuktigheten i rummet och sl\u00e5s p\u00e5 eller av automatiskt efter behov.   <\/p>\n<h3>Smart m\u00f6gel- och dammfilter<\/h3>\n<p>SW20FW \u00e4r utrustad med Woods patenterade SMF-filter och f\u00e5ngar upp luftburna partiklar som damm och m\u00f6gelsporer. Detta f\u00f6rb\u00e4ttrar inte bara luftkvaliteten utan skyddar ocks\u00e5 avfuktarens interna komponenter och f\u00f6rl\u00e4nger dess livsl\u00e4ngd. Filtret s\u00e4kerst\u00e4ller att ditt utrymme f\u00f6rblir fr\u00e4scht, rent och fritt fr\u00e5n skadliga allergener eller unken lukt, vilket g\u00f6r det till en s\u00e4ker l\u00f6sning f\u00f6r fuktkontroll \u00e5ret runt.  <\/p>\n<h3>Effektiv \u00e5ret runt, \u00e4ven vid l\u00e5ga temperaturer<\/h3>\n<p>Tack vare Woods avancerade i-EcoDefrost-teknik fungerar SW20FW effektivt \u00e4ven i kallare milj\u00f6er, ner till +2\u00b0C. Den \u00e4r konstruerad f\u00f6r kontinuerlig drift, vilket inneb\u00e4r att den fungerar tillf\u00f6rlitligt dygnet runt, hela \u00e5ret. Oavsett om det g\u00e4ller vinterf\u00f6rvaring i garaget eller en k\u00e4llare tidigt p\u00e5 v\u00e5ren h\u00e5ller SW20FW fukt, m\u00f6gel och lukt borta \u00e5ret runt.  <\/p>\n<h3>Byggd f\u00f6r att h\u00e5lla<\/h3>\n<p>SW20FW \u00e4r tillverkad i Sverige med ett robust, rostfritt metallh\u00f6lje. Den \u00e4r utformad f\u00f6r att klara kr\u00e4vande f\u00f6rh\u00e5llanden i kallare, mer utsatta utrymmen. Oavsett om du skyddar f\u00f6rvaringsf\u00f6rem\u00e5l, verktyg eller ditt hems struktur ger SW20FW l\u00e5ngvarig och p\u00e5litlig prestanda.  <\/p>\n<h3>L\u00e5ng garanti och h\u00e5llbar anv\u00e4ndning<\/h3>\n<p>Genom att registrera din SW20FW p\u00e5 <a href=\"https:\/\/warranty-woods.com\">warranty-woods.com<\/a> och byta ut SMF-filtret en g\u00e5ng om \u00e5ret f\u00e5r du en marknadsledande garanti p\u00e5 6 \u00e5r. Registreringen s\u00e4kerst\u00e4ller ocks\u00e5 att du f\u00e5r p\u00e5minnelser om filterbyte, vilket hj\u00e4lper dig att uppr\u00e4tth\u00e5lla topprestanda och f\u00f6rl\u00e4nger enhetens livsl\u00e4ngd. Gl\u00f6m inte att spara dina kvitton f\u00f6r att aktivera den ut\u00f6kade garantin.  <\/p>\n<p>Med Woods SW20FW f\u00e5r du en tillf\u00f6rlitlig och energieffektiv l\u00f6sning f\u00f6r att bek\u00e4mpa fukt, lukt och m\u00f6gel i din k\u00e4llare, garage eller andra kalla och fuktiga milj\u00f6er. Den \u00e4r designad och tillverkad i Sverige och ger kraftfull prestanda p\u00e5 en liten yta, perfekt f\u00f6r att uppr\u00e4tth\u00e5lla ett torrt och h\u00e4lsosamt inomhusklimat \u00e5ret runt. <\/p>\n","protected":false},"excerpt":{"rendered":"<p>Avl\u00e4gsna fukt och lukt med en effektiv avfuktare som SW20FW. Den har en avfuktningskapacitet p\u00e5 upp till 12 liter\/dag och en rymlig vattentank p\u00e5 11,4 liter. SW20FW skapar en torr och h\u00e4lsosam inomhusmilj\u00f6 \u00e4ven vid l\u00e5ga temperaturer. Perfekt f\u00f6r mindre k\u00e4llare, garage och f\u00f6rvaringsutrymmen. Enkel att anv\u00e4nda, kr\u00e4ver lite underh\u00e5ll och \u00e4r tillverkad i Sverige med upp till 6 \u00e5rs garanti.   <\/p>\n","protected":false},"featured_media":39275,"template":"","meta":{"_acf_changed":false},"product_brand":[],"product_cat":[336,4726],"product_tag":[347,341,340],"class_list":{"0":"post-41079","1":"product","2":"type-product","3":"status-publish","4":"has-post-thumbnail","6":"product_cat-avfuktare","7":"product_cat-kallare","8":"product_tag-garage-sv","9":"product_tag-kallare","10":"product_tag-vind","11":"product_shipping_class-high","12":"splide__slide","14":"first","15":"instock","16":"taxable","17":"shipping-taxable","18":"product-type-simple"},"acf":[],"_links":{"self":[{"href":"https:\/\/woods.se\/sv\/wp-json\/wp\/v2\/product\/41079","targetHints":{"allow":["GET"]}}],"collection":[{"href":"https:\/\/woods.se\/sv\/wp-json\/wp\/v2\/product"}],"about":[{"href":"https:\/\/woods.se\/sv\/wp-json\/wp\/v2\/types\/product"}],"wp:featuredmedia":[{"embeddable":true,"href":"https:\/\/woods.se\/sv\/wp-json\/wp\/v2\/media\/39275"}],"wp:attachment":[{"href":"https:\/\/woods.se\/sv\/wp-json\/wp\/v2\/media?parent=41079"}],"wp:term":[{"taxonomy":"product_brand","embeddable":true,"href":"https:\/\/woods.se\/sv\/wp-json\/wp\/v2\/product_brand?post=41079"},{"taxonomy":"product_cat","embeddable":true,"href":"https:\/\/woods.se\/sv\/wp-json\/wp\/v2\/product_cat?post=41079"},{"taxonomy":"product_tag","embeddable":true,"href":"https:\/\/woods.se\/sv\/wp-json\/wp\/v2\/product_tag?post=41079"}],"curies":[{"name":"wp","href":"https:\/\/api.w.org\/{rel}","templated":true}]}}