{"id":47660,"date":"2025-03-21T09:59:50","date_gmt":"2025-03-21T08:59:50","guid":{"rendered":"https:\/\/stage.woods.se\/?page_id=47660"},"modified":"2026-03-13T16:41:23","modified_gmt":"2026-03-13T15:41:23","slug":"avfuktare-for-torkning-av-tvatt-i-kallare","status":"publish","type":"page","link":"https:\/\/woods.se\/sv\/avfuktare-for-torkning-av-tvatt-i-kallare\/","title":{"rendered":"Avfuktare f\u00f6r torkning av tv\u00e4tt i k\u00e4llare"},"content":{"rendered":"","protected":false},"excerpt":{"rendered":"","protected":false},"author":2,"featured_media":0,"parent":0,"menu_order":0,"comment_status":"closed","ping_status":"closed","template":"","meta":{"_acf_changed":false,"footnotes":""},"class_list":["post-47660","page","type-page","status-publish","hentry","splide__slide"],"acf":[],"_links":{"self":[{"href":"https:\/\/woods.se\/sv\/wp-json\/wp\/v2\/pages\/47660","targetHints":{"allow":["GET"]}}],"collection":[{"href":"https:\/\/woods.se\/sv\/wp-json\/wp\/v2\/pages"}],"about":[{"href":"https:\/\/woods.se\/sv\/wp-json\/wp\/v2\/types\/page"}],"author":[{"embeddable":true,"href":"https:\/\/woods.se\/sv\/wp-json\/wp\/v2\/users\/2"}],"replies":[{"embeddable":true,"href":"https:\/\/woods.se\/sv\/wp-json\/wp\/v2\/comments?post=47660"}],"version-history":[{"count":0,"href":"https:\/\/woods.se\/sv\/wp-json\/wp\/v2\/pages\/47660\/revisions"}],"wp:attachment":[{"href":"https:\/\/woods.se\/sv\/wp-json\/wp\/v2\/media?parent=47660"}],"curies":[{"name":"wp","href":"https:\/\/api.w.org\/{rel}","templated":true}]}}