{"id":47622,"date":"2025-09-12T19:19:05","date_gmt":"2025-09-12T17:19:05","guid":{"rendered":"https:\/\/stage.woods.se\/?page_id=47622"},"modified":"2025-09-12T19:19:05","modified_gmt":"2025-09-12T17:19:05","slug":"policy-for-aterbetalning-och-returer","status":"publish","type":"page","link":"https:\/\/woods.se\/sv\/policy-for-aterbetalning-och-returer\/","title":{"rendered":"Policy f\u00f6r \u00e5terbetalning och returer"},"content":{"rendered":"\n<p><b>Detta \u00e4r en exempelsida.<\/b><\/p>\n\n<h2 class=\"wp-block-heading\">\u00d6versikt<\/h2>\n\n<p>V\u00e5r \u00e5terbetalnings- och returpolicy varar i 30 dagar. Om det har g\u00e5tt 30 dagar sedan ditt k\u00f6p kan vi inte erbjuda dig full \u00e5terbetalning eller byte. <\/p>\n\n<p>F\u00f6r att kunna returneras m\u00e5ste varan vara oanv\u00e4nd och i samma skick som n\u00e4r du tog emot den. Den m\u00e5ste ocks\u00e5 ligga i originalf\u00f6rpackningen. <\/p>\n\n<p>Flera typer av varor \u00e4r undantagna fr\u00e5n att returneras. F\u00f6rg\u00e4ngliga varor som mat, blommor, tidningar eller tidskrifter kan inte returneras. Vi tar inte heller emot produkter som \u00e4r intim- eller hygienartiklar, farliga material eller brandfarliga v\u00e4tskor eller gaser.  <\/p>\n\n<p>Ytterligare artiklar som inte kan returneras:<\/p>\n\n<ul class=\"wp-block-list\">\n<li>Presentkort<\/li>\n<li>Nedladdningsbara programvaruprodukter<\/li>\n<li>Vissa artiklar inom h\u00e4lsa och personlig v\u00e5rd<\/li>\n<\/ul>\n\n<p>F\u00f6r att slutf\u00f6ra din retur beh\u00f6ver vi ett kvitto eller ett k\u00f6pbevis.<\/p>\n\n<p>V\u00e4nligen skicka inte tillbaka ditt k\u00f6p till tillverkaren.<\/p>\n\n<p>Det finns vissa situationer d\u00e4r endast partiell \u00e5terbetalning beviljas:<\/p>\n\n<ul class=\"wp-block-list\">\n<li>Bok med tydliga brukssp\u00e5r<\/li>\n<li>CD, DVD, VHS-band, programvara, videospel, kassettband eller vinylskiva som har \u00f6ppnats.<\/li>\n<li>Alla varor som inte \u00e4r i sitt ursprungliga skick, \u00e4r skadade eller saknar delar av sk\u00e4l som inte beror p\u00e5 v\u00e5rt fel.<\/li>\n<li>Alla varor som returneras mer \u00e4n 30 dagar efter leverans<\/li>\n<\/ul>\n\n<h2>\u00c5terbetalning<\/h2>\n\n<p>N\u00e4r din retur har tagits emot och kontrollerats skickar vi ett e-postmeddelande till dig f\u00f6r att meddela att vi har tagit emot din returnerade vara. Vi kommer ocks\u00e5 att meddela dig om din \u00e5terbetalning godk\u00e4nns eller avsl\u00e5s. <\/p>\n\n<p>Om du godk\u00e4nns kommer din \u00e5terbetalning att behandlas och en kreditering kommer automatiskt att g\u00f6ras p\u00e5 ditt kreditkort eller den ursprungliga betalningsmetoden inom ett visst antal dagar.<\/p>\n\n<h3 class=\"wp-block-heading\">F\u00f6rsenad eller utebliven \u00e5terbetalning<\/h3>\n\n<p>Om du \u00e4nnu inte har f\u00e5tt n\u00e5gon \u00e5terbetalning ska du f\u00f6rst kontrollera ditt bankkonto igen.<\/p>\n\n<p>Kontakta sedan ditt kreditkortsf\u00f6retag, det kan ta lite tid innan din \u00e5terbetalning \u00e4r officiellt bokf\u00f6rd.<\/p>\n\n<p>Kontakta d\u00e4refter din bank. Det \u00e4r ofta en viss handl\u00e4ggningstid innan en \u00e5terbetalning bokf\u00f6rs. <\/p>\n\n<p>Om du har gjort allt detta och fortfarande inte har f\u00e5tt din \u00e5terbetalning, v\u00e4nligen kontakta oss p\u00e5 {email address}.<\/p>\n\n<h3 class=\"wp-block-heading\">F\u00f6rs\u00e4ljningsvaror<\/h3>\n\n<p>Endast varor till ordinarie pris kan \u00e5terbetalas. Reavaror kan inte \u00e5terbetalas. <\/p>\n\n<h2>Utbyten<\/h2>\n\n<p>Vi byter endast ut varor om de \u00e4r defekta eller skadade. Om du beh\u00f6ver byta ut den mot samma artikel, skicka oss ett e-postmeddelande p\u00e5 {e-postadress} och skicka din artikel till: {fysisk adress}. <\/p>\n\n<h2>G\u00e5vor<\/h2>\n\n<p>Om varan var m\u00e4rkt som en g\u00e5va n\u00e4r den k\u00f6ptes och skickades direkt till dig, f\u00e5r du en presentkredit f\u00f6r v\u00e4rdet av din retur. N\u00e4r den returnerade varan har mottagits kommer ett presentkort att skickas till dig. <\/p>\n\n<p>Om varan inte var m\u00e4rkt som en g\u00e5va n\u00e4r den k\u00f6ptes, eller om g\u00e5vogivaren fick best\u00e4llningen skickad till sig sj\u00e4lv f\u00f6r att ge till dig senare, skickar vi en \u00e5terbetalning till g\u00e5vogivaren och de kommer att f\u00e5 reda p\u00e5 din retur.<\/p>\n\n<h2>Frakt och retur<\/h2>\n\n<p>F\u00f6r att returnera din produkt ska du posta din produkt till: {fysisk adress}.<\/p>\n\n<p>Du \u00e4r ansvarig f\u00f6r att betala dina egna fraktkostnader f\u00f6r att returnera din vara. Fraktkostnaderna \u00e5terbetalas inte. Om du f\u00e5r en \u00e5terbetalning kommer kostnaden f\u00f6r returfrakten att dras av fr\u00e5n din \u00e5terbetalning.  <\/p>\n\n<p>Beroende p\u00e5 var du bor kan den tid det tar f\u00f6r din inbytta produkt att n\u00e5 dig variera.<\/p>\n\n<p>Om du returnerar dyrare varor kan du \u00f6verv\u00e4ga att anv\u00e4nda en sp\u00e5rbar frakttj\u00e4nst eller k\u00f6pa en fraktf\u00f6rs\u00e4kring. Vi garanterar inte att vi kommer att f\u00e5 din returnerade vara. <\/p>\n\n<h2>Beh\u00f6ver du hj\u00e4lp?<\/h2>\n\n<p>Kontakta oss p\u00e5 {email} f\u00f6r fr\u00e5gor som r\u00f6r \u00e5terbetalningar och returer.<\/p>\n","protected":false},"excerpt":{"rendered":"<p>Detta \u00e4r en exempelsida. \u00d6versikt V\u00e5r \u00e5terbetalnings- och returpolicy varar i 30 dagar. Om det har g\u00e5tt 30 dagar sedan ditt k\u00f6p kan vi inte erbjuda dig full \u00e5terbetalning eller byte. F\u00f6r att kunna returneras m\u00e5ste varan vara oanv\u00e4nd och i samma skick som n\u00e4r du tog emot den. Den m\u00e5ste ocks\u00e5 ligga i originalf\u00f6rpackningen. [&hellip;]<\/p>\n","protected":false},"author":1,"featured_media":0,"parent":0,"menu_order":0,"comment_status":"closed","ping_status":"closed","template":"","meta":{"_acf_changed":false,"footnotes":""},"class_list":["post-47622","page","type-page","status-publish","hentry","splide__slide"],"acf":[],"_links":{"self":[{"href":"https:\/\/woods.se\/sv\/wp-json\/wp\/v2\/pages\/47622","targetHints":{"allow":["GET"]}}],"collection":[{"href":"https:\/\/woods.se\/sv\/wp-json\/wp\/v2\/pages"}],"about":[{"href":"https:\/\/woods.se\/sv\/wp-json\/wp\/v2\/types\/page"}],"author":[{"embeddable":true,"href":"https:\/\/woods.se\/sv\/wp-json\/wp\/v2\/users\/1"}],"replies":[{"embeddable":true,"href":"https:\/\/woods.se\/sv\/wp-json\/wp\/v2\/comments?post=47622"}],"version-history":[{"count":0,"href":"https:\/\/woods.se\/sv\/wp-json\/wp\/v2\/pages\/47622\/revisions"}],"wp:attachment":[{"href":"https:\/\/woods.se\/sv\/wp-json\/wp\/v2\/media?parent=47622"}],"curies":[{"name":"wp","href":"https:\/\/api.w.org\/{rel}","templated":true}]}}