{"id":52240,"date":"2026-03-26T13:59:35","date_gmt":"2026-03-26T12:59:35","guid":{"rendered":"https:\/\/woods.se\/?post_type=product&#038;p=52240"},"modified":"2026-04-24T13:00:43","modified_gmt":"2026-04-24T11:00:43","slug":"woods-wld1h","status":"publish","type":"product","link":"https:\/\/woods.se\/no\/produkter\/avfuktere\/woods-wld1h\/","title":{"rendered":"Wood&#8217;s WLD1H"},"content":{"rendered":"<h2>Wood&#8217;s WLD1H<\/h2>\n<h3>Fremtidens energieffektive avfukter for t\u00f8rkerom er her<\/h3>\n<p>\u00c5 t\u00f8rke t\u00f8y raskt er ofte energikrevende, s\u00e6rlig n\u00e5r det er behov for \u00e5 tilf\u00f8re store mengder varme. Dette er spesielt merkbart i boligblokker der vaskerommet brukes store deler av d\u00f8gnet.<br \/>\nWoods WLD1H vaskeromsavfukter er spesielt utviklet for eiendomsbesittere som \u00f8nsker \u00e5 redusere energikostnadene uten \u00e5 g\u00e5 p\u00e5 kompromiss med t\u00f8rketiden. Den installeres slik at den kraftige viften forsiktig bl\u00e5ser luft under t\u00f8yet, der det er v\u00e5test, for \u00e5 t\u00f8rke det.  <\/p>\n<p>Den innebygde tilleggsvarmeren (1200 W) kan aktiveres etter behov for \u00e5 sikre effektiv t\u00f8rking selv i rom der det ikke er tilstrekkelig varme. For optimal energieffektivitet anbefales det \u00e5 bruke boligens eksisterende varmesystem som prim\u00e6rkilde og tilleggsvarmeren som et supplement.<br \/>\nDet energieffektive og milj\u00f8vennlige kj\u00f8lemediet (R290) bidrar til h\u00f8y avfuktingskapasitet og reduserer behovet for ekstern varmetilf\u00f8rsel sammenlignet med mange tradisjonelle l\u00f8sninger. <\/p>\n<h3>Beregningseksempel &#8211; Hvor mye du kan spare<\/h3>\n<p>Effekt p\u00e5 n\u00e5v\u00e6rende t\u00f8rkesystem 6 kW minus WLD1 0,7 kW: 5,3 kWh<br \/>\nAnsl\u00e5tt driftstid per dag: 10 timer: 53 kWh<br \/>\n53 kWh x 30 dager: 1 590 kWh\/m\u00e5ned<br \/>\n1 590 kWh x 12 m\u00e5neder: 19 080 kWh<\/p>\n<p><strong>Estimert energibesparelse:<\/strong><br \/>\n1 590 kWh\/m\u00e5ned: 19 080 kWh\/\u00e5r<\/p>\n<p><strong>Ansl\u00e5tt besparelse<\/strong> i kroner:<br \/>\nStr\u00f8mpris 0,1 \u20ac\/kWh, besparelse: 1 908 \u20ac\/\u00e5r<br \/>\nStr\u00f8mpris 0,15 \u20ac\/kWh, besparelse: 2 862 \u20ac\/\u00e5r<br \/>\nStr\u00f8mpris 0,25 \u20ac\/KWh, besparelse: 4 770 \u20ac\/\u00e5r<br \/>\nStr\u00f8mpris 0,35 \u20ac\/KWh, besparelse: 6 678 \u20ac\/\u00e5r<\/p>\n<p><strong>Tilleggsforbruk med varmeren aktiv:<\/strong> 1,2 kWh<br \/>\nWLD1H er f\u00f8rst og fremst beregnet for bruk sammen med boligens eksisterende varmesystem. Den integrerte tilleggsvarmen brukes ved behov, for eksempel i kaldere rom eller n\u00e5r det er behov for ekstra t\u00f8rkekapasitet. <\/p>\n<h3>Anbefalte bruksomr\u00e5der:<\/h3>\n<p><strong>T\u00f8rkerom i bygninger<\/strong> &#8211; WLD1H er et p\u00e5litelig og kraftig valg for st\u00f8rre eiendommer, spesielt i boligblokker der t\u00f8rkerommene brukes hyppig. Ved \u00e5 installere WLD1H sikrer du en rask og jevn t\u00f8rkeprosess som reduserer risikoen for kondens, fuktskader og ubehagelig lukt &#8211; noe som i sin tur forlenger bygningens levetid.<br \/>\nTreningssentre <strong>og lignende lokaler<\/strong> &#8211; I milj\u00f8er der luftfuktigheten ofte er h\u00f8y, som i treningssentre og andre store lokaler, er WLD1H en sv\u00e6rt effektiv l\u00f8sning. Den holder luften frisk og t\u00f8rr, noe som skaper et mer komfortabelt og hygienisk milj\u00f8 for b\u00e5de bes\u00f8kende og utstyr. <\/p>\n<h3>H\u00f8y kapasitet og luftstr\u00f8m for effektiv sirkulasjon<\/h3>\n<p>Med en avfuktingskapasitet p\u00e5 opptil 48 liter per dag og en luftstr\u00f8m p\u00e5 opptil 800 m\u00b3\/t h\u00e5ndterer WLD1H store mengder t\u00f8y og fuktighet p\u00e5 en effektiv m\u00e5te. T\u00f8rking av t\u00f8y med en avfukter er ikke bare sv\u00e6rt energieffektivt, men ogs\u00e5 sk\u00e5nsomt for kl\u00e6rne. Den kraftige viften har fire justerbare hastigheter og t\u00f8rker kl\u00e6rne nedenfra, der de er fuktigst. Hvis t\u00f8yet er hengt opp riktig, t\u00f8rker det ogs\u00e5 raskere. V\u00e5te, tunge plagg, som jeans, b\u00f8r henges n\u00e6rmest avfukteren, mens lettere, tynnere plagg b\u00f8r henges lengst unna. Hvis t\u00f8yet i tillegg henges opp p\u00e5 doble t\u00f8rkesnorer, g\u00e5r t\u00f8rkingen enda raskere.     <\/p>\n<h3>Integrert tilleggsvarme for fleksibel drift<\/h3>\n<p>WLD1H er utstyrt med en innebygd 1200 W-varmer som kan aktiveres via en separat knapp. N\u00e5r varmen sl\u00e5s p\u00e5, arbeider enheten for \u00e5 n\u00e5 en temperatur p\u00e5 ca. 27 \u00b0C, og holder deretter et stabilt niv\u00e5 p\u00e5 27 \u00b0C \u00b11 \u00b0C under drift. N\u00e5r varmefunksjonen er aktivert, starter den automatisk med de samme innstillingene n\u00e5r den startes p\u00e5 nytt, slik at displayl\u00e5sen kan brukes og sikre at huseierens valgte innstillinger opprettholdes. Viften tilpasser seg det valgte programmet og fortsetter \u00e5 g\u00e5 en kort stund etter at oppvarmingen er sl\u00e5tt av for \u00e5 sikre trygg avkj\u00f8ling.   <\/p>\n<h3>Effektiv hele \u00e5ret, selv ved lave temperaturer<\/h3>\n<p>Wood&#8217;s WLD1H er utviklet for \u00e5 fungere effektivt selv ved lave temperaturer, med et driftsomr\u00e5de fra +2 \u00b0C til +35 \u00b0C. For optimal ytelse anbefales det \u00e5 bruke det eksisterende varmesystemet i lokalene. Om n\u00f8dvendig kan den integrerte tilleggsvarmen brukes til \u00e5 forbedre t\u00f8rkeforholdene ytterligere, spesielt i kaldere omgivelser.  <\/p>\n<h3>Smart installasjon gir bedre resultater<\/h3>\n<p>WLD1H installeres slik at luftutl\u00f8pet er rettet mot klessnorene og t\u00f8yet. For best mulig t\u00f8rkeeffekt b\u00f8r det medf\u00f8lgende veggfestet monteres i n\u00e6rheten av klessnorene. Den leveres ogs\u00e5 med et avtakbart displaydeksel, slik at du kan velge om beboerne skal kunne endre innstillingene eller om t\u00f8rkingen skal skje ved hjelp av forh\u00e5ndsinnstilte innstillinger fra huseieren. WLD1H leveres uten st\u00f8psel og m\u00e5 installeres av en kvalifisert elektriker. For enklest mulig bruk kobles den best til et tidsur som styrer t\u00f8rketiden.    <\/p>\n<h3>Bygget for \u00e5 vare<\/h3>\n<p>WLD1H er produsert i Sverige med et slitesterkt metallhus og slitesterke komponenter, og er designet for lang levetid og minimalt vedlikehold. Det vaskbare nylonfilteret beskytter avfukteren ved \u00e5 fange opp st\u00f8v og partikler fra t\u00f8yet, og det medf\u00f8lgende SMF-filteret av h\u00f8y kvalitet beskytter maskinen mot mindre partikler og mugg, noe som sikrer optimal ytelse over tid. <\/p>\n<h3>Lang garanti og enkel og b\u00e6rekraftig bruk<\/h3>\n<p>Wood&#8217;s WLD1H leveres med opptil 6 \u00e5rs garanti, forutsatt at filteret skiftes ut en gang i \u00e5ret og at maskinen er registrert p\u00e5 warranty-woods.com. Ved \u00e5 registrere deg vil du ogs\u00e5 motta p\u00e5minnelser n\u00e5r det er p\u00e5 tide \u00e5 skifte filter, noe som forenkler vedlikeholdet og sikrer at maskinen fungerer optimalt. <\/p>\n<h3>En langsiktig og effektiv l\u00f8sning for t\u00f8rking av rom og eiendommer<\/h3>\n<p>Med WLD1H f\u00e5r du en avfukter som ikke bare reduserer energikostnadene, men som ogs\u00e5 gj\u00f8r t\u00f8rkeprosessen mer sk\u00e5nsom for b\u00e5de t\u00f8yet og bygningskonstruksjonen. WLD1H er enkel \u00e5 installere og bruke, og er et naturlig valg for eiendomsbesittere som \u00f8nsker energieffektivitet og en b\u00e6rekraftig fremtid. <\/p>\n","protected":false},"excerpt":{"rendered":"<p>Woods smarte vaskeromsavfukter WLD1H er spesialutviklet for eiendomsbesittere som \u00f8nsker \u00e5 redusere energikostnadene uten \u00e5 g\u00e5 p\u00e5 kompromiss med t\u00f8rketiden. Med en kraftig vifte, h\u00f8y avfuktingskapasitet og integrert tilleggsvarme ved behov, kan WLD1H effektivt t\u00f8rke t\u00f8y selv i kj\u00f8ligere rom. Tilleggsvarmen fungerer som et supplement n\u00e5r det eksisterende varmesystemet ikke er tilstrekkelig. Takket v\u00e6re enkel installasjon og holdbare materialer er WLD1H en langsiktig og p\u00e5litelig l\u00f8sning for alle t\u00f8rkerom. Produsert i Sverige med opptil 6 \u00e5rs garanti.    <\/p>\n","protected":false},"featured_media":44462,"template":"","meta":{"_acf_changed":false},"product_brand":[],"product_cat":[859,4754,862],"product_tag":[2305,2307,2306],"class_list":{"0":"post-52240","1":"product","2":"type-product","3":"status-publish","4":"has-post-thumbnail","6":"product_cat-avfuktere","7":"product_cat-profesjonelle","8":"product_cat-professional-no","9":"product_tag-eiendomsbransjen","10":"product_tag-store-torkerom","11":"product_tag-torkerom","12":"splide__slide","14":"first","15":"instock","16":"taxable","17":"shipping-taxable","18":"purchasable","19":"product-type-simple"},"acf":[],"_links":{"self":[{"href":"https:\/\/woods.se\/no\/wp-json\/wp\/v2\/product\/52240","targetHints":{"allow":["GET"]}}],"collection":[{"href":"https:\/\/woods.se\/no\/wp-json\/wp\/v2\/product"}],"about":[{"href":"https:\/\/woods.se\/no\/wp-json\/wp\/v2\/types\/product"}],"wp:featuredmedia":[{"embeddable":true,"href":"https:\/\/woods.se\/no\/wp-json\/wp\/v2\/media\/44462"}],"wp:attachment":[{"href":"https:\/\/woods.se\/no\/wp-json\/wp\/v2\/media?parent=52240"}],"wp:term":[{"taxonomy":"product_brand","embeddable":true,"href":"https:\/\/woods.se\/no\/wp-json\/wp\/v2\/product_brand?post=52240"},{"taxonomy":"product_cat","embeddable":true,"href":"https:\/\/woods.se\/no\/wp-json\/wp\/v2\/product_cat?post=52240"},{"taxonomy":"product_tag","embeddable":true,"href":"https:\/\/woods.se\/no\/wp-json\/wp\/v2\/product_tag?post=52240"}],"curies":[{"name":"wp","href":"https:\/\/api.w.org\/{rel}","templated":true}]}}