{"id":48035,"date":"2024-12-12T11:11:09","date_gmt":"2024-12-12T10:11:09","guid":{"rendered":"https:\/\/stage.woods.se\/?post_type=product&#038;p=48035"},"modified":"2025-09-15T12:02:37","modified_gmt":"2025-09-15T10:02:37","slug":"woods-ac-milan-7k-wifi-smart-home","status":"publish","type":"product","link":"https:\/\/woods.se\/no\/produkter\/klimaanlegg\/for-barnerom\/woods-ac-milan-7k-wifi-smart-home\/","title":{"rendered":"Wood&#8217;s AC Milan 7K WiFi Smart Home"},"content":{"rendered":"<h2>Wood&#8217;s AC Milan 7K WiFi Smart Home<\/h2>\n<h3>Kompakt, stilleg\u00e5ende og smartstyrt AC for mindre rom<\/h3>\n<p>Wood&#8217;s AC Milan 7K WiFi Smart Home kombinerer effektiv kj\u00f8ling med kompakt design, lavt st\u00f8yniv\u00e5 og smart styring. Med en kj\u00f8lekapasitet p\u00e5 7000 BTU (2 kW) kj\u00f8ler den raskt ned rom p\u00e5 opptil 20 m\u00b2, noe som gj\u00f8r den perfekt for mindre rom i hjemmet &#8211; fra soverom og barnerom til stuer.<\/p>\n<h3>Viktige funksjoner<\/h3>\n\n<h3>Kj\u00f8ler de mindre rommene i hjemmet ditt<\/h3>\n<p><strong>Soverom: <\/strong>Det lave st\u00f8yniv\u00e5et gj\u00f8r at du kan sove svalt og uforstyrret.<br \/>\n<strong>Barnerom:<\/strong> Gir en jevn og behagelig temperatur som gj\u00f8r inneklimaet tryggere for barn.<br \/>\n<strong>I stuen:<\/strong> Skaper et kj\u00f8lig og behagelig milj\u00f8 for hele familien p\u00e5 varme dager.<\/p>\n<h3>Smidig og brukervennlig &#8211; med smart kontroll<\/h3>\n<p>Milan 7K WiFi er lett \u00e5 flytte og enkel \u00e5 installere med det medf\u00f8lgende vindussettet. Den har et digitalt ber\u00f8ringspanel og fjernkontroll for lokal styring, men takket v\u00e6re WiFi-funksjonen kan du ogs\u00e5 styre den via Wood&#8217;s Connect-appen, Google Home eller Alexa. P\u00e5 denne m\u00e5ten kan du starte kj\u00f8lingen i tide og alltid bli m\u00f8tt av et behagelig klima n\u00e5r du kommer hjem.<\/p>\n<h3>Rolig og behagelig<\/h3>\n<p>Med et st\u00f8yniv\u00e5 p\u00e5 bare 52 dB fungerer AC Milan 7K WiFi Smart Home diskret, noe som gj\u00f8r den spesielt egnet for mindre soverom eller barnerom der det er behov for kj\u00f8ling uten forstyrrende st\u00f8y. Det vaskbare filteret gj\u00f8r den enkel \u00e5 vedlikeholde og bidrar til \u00e5 holde luften ren.<\/p>\n","protected":false},"excerpt":{"rendered":"<p>Wood&#8217;s AC Milan 7K WiFi Smart Home er en liten, hendig og stilleg\u00e5ende b\u00e6rbar AC. Med 7000 BTU (2 kW) kj\u00f8ler den effektivt ned rom p\u00e5 opptil 20 m\u00b2 &#8211; perfekt for soverom, barnerom og stuer. Den har et lavt st\u00f8yniv\u00e5 p\u00e5 maks. 52 dB, et vaskbart filter og en luftstr\u00f8m p\u00e5 350 m\u00b3\/t. Takket v\u00e6re WiFi-funksjonen kan du fjernstyre den via Wood&#8217;s Connect-appen, Google Home eller Alexa og alltid komme hjem til et behagelig inneklima.<\/p>\n","protected":false},"featured_media":46132,"template":"","meta":{"_acf_changed":false},"product_brand":[],"product_cat":[4895,857],"product_tag":[2964,3069,916,921],"class_list":{"0":"post-48035","1":"product","2":"type-product","3":"status-publish","4":"has-post-thumbnail","6":"product_cat-for-barnerom","7":"product_cat-klimaanlegg","8":"product_tag-20-m-no","9":"product_tag-portabel-ac-for-mindre-soverom","10":"product_tag-smart-home-no","11":"product_tag-wifi-no","12":"product_shipping_class-high","13":"splide__slide","15":"first","16":"instock","17":"taxable","18":"shipping-taxable","19":"product-type-simple"},"acf":[],"_links":{"self":[{"href":"https:\/\/woods.se\/no\/wp-json\/wp\/v2\/product\/48035","targetHints":{"allow":["GET"]}}],"collection":[{"href":"https:\/\/woods.se\/no\/wp-json\/wp\/v2\/product"}],"about":[{"href":"https:\/\/woods.se\/no\/wp-json\/wp\/v2\/types\/product"}],"wp:featuredmedia":[{"embeddable":true,"href":"https:\/\/woods.se\/no\/wp-json\/wp\/v2\/media\/46132"}],"wp:attachment":[{"href":"https:\/\/woods.se\/no\/wp-json\/wp\/v2\/media?parent=48035"}],"wp:term":[{"taxonomy":"product_brand","embeddable":true,"href":"https:\/\/woods.se\/no\/wp-json\/wp\/v2\/product_brand?post=48035"},{"taxonomy":"product_cat","embeddable":true,"href":"https:\/\/woods.se\/no\/wp-json\/wp\/v2\/product_cat?post=48035"},{"taxonomy":"product_tag","embeddable":true,"href":"https:\/\/woods.se\/no\/wp-json\/wp\/v2\/product_tag?post=48035"}],"curies":[{"name":"wp","href":"https:\/\/api.w.org\/{rel}","templated":true}]}}