{"id":48023,"date":"2025-09-10T22:57:51","date_gmt":"2025-09-10T20:57:51","guid":{"rendered":"https:\/\/stage.woods.se\/?post_type=product&#038;p=48023"},"modified":"2025-10-15T13:48:43","modified_gmt":"2025-10-15T11:48:43","slug":"woods-airmaster-pre-filter-3-pk","status":"publish","type":"product","link":"https:\/\/woods.se\/no\/produkter\/ozonaggregat\/woods-airmaster-pre-filter-3-pk\/","title":{"rendered":"Wood&#8217;s Airmaster Pre-filter 3-pk"},"content":{"rendered":"<h2>Wood&#8217;s Airmaster Pre-filter 3-pk &#8211; Beskytter ozongeneratoren din for lengre levetid<\/h2>\n<p><strong>Passer til f\u00f8lgende modeller:<\/strong> Wood&#8217;s Airmaster WOZ 400, WOZ 500, WOZ 2000, WOZ 4000, WOZ 2000, WOZ 3000, WOZ 6000 og BLC 500, BLC 2000, BLC 4000, BL 3000 og BL 6000.<\/p>\n<p>Dette originale forfilteret er utviklet for Wood&#8217;s Airmaster. Forfilteret har en viktig funksjon ved at det fanger opp st\u00f8v og smuss som ellers kan p\u00e5virke ozonproduksjonen negativt. P\u00e5 denne m\u00e5ten bidrar filteret b\u00e5de til en stabil ozonproduksjon og til \u00e5 forlenge ozongeneratorens levetid.<\/p>\n<h3>Lett \u00e5 bytte ut<\/h3>\n<p>Filteret er enkelt \u00e5 skifte ut og krever ingen verkt\u00f8y. Vi anbefaler at det skiftes ut hver 6.-12. m\u00e5ned, eller oftere hvis enheten brukes i st\u00f8vete omgivelser.<\/p>\n<h3>Emballasje<\/h3>\n<p>Leveres i en 3-pakning, slik at du alltid har filtre klare for regelmessig vedlikehold av din Airmaster.<\/p>\n","protected":false},"excerpt":{"rendered":"<p>Wood&#8217;s Airmaster 3-pakning forfilter er et originalfilter som beskytter ozongeneratoren din mot st\u00f8v og smuss. Ved \u00e5 holde enheten ren sikrer du jevn og effektiv ozonproduksjon og forlenger enhetens levetid. Filteret er enkelt \u00e5 bytte ut, og det anbefales \u00e5 bytte det hver 6.-12. m\u00e5ned eller etter behov.<\/p>\n","protected":false},"featured_media":46858,"template":"","meta":{"_acf_changed":false},"product_brand":[],"product_cat":[861,862,856],"product_tag":[3550,3142],"class_list":{"0":"post-48023","1":"product","2":"type-product","3":"status-publish","4":"has-post-thumbnail","6":"product_cat-ozonaggregat","7":"product_cat-professional-no","8":"product_cat-tilbehor","9":"product_tag-forfilter","10":"product_tag-ozongeneratorer","11":"splide__slide","13":"first","14":"instock","15":"taxable","16":"shipping-taxable","17":"product-type-simple"},"acf":[],"_links":{"self":[{"href":"https:\/\/woods.se\/no\/wp-json\/wp\/v2\/product\/48023","targetHints":{"allow":["GET"]}}],"collection":[{"href":"https:\/\/woods.se\/no\/wp-json\/wp\/v2\/product"}],"about":[{"href":"https:\/\/woods.se\/no\/wp-json\/wp\/v2\/types\/product"}],"wp:featuredmedia":[{"embeddable":true,"href":"https:\/\/woods.se\/no\/wp-json\/wp\/v2\/media\/46858"}],"wp:attachment":[{"href":"https:\/\/woods.se\/no\/wp-json\/wp\/v2\/media?parent=48023"}],"wp:term":[{"taxonomy":"product_brand","embeddable":true,"href":"https:\/\/woods.se\/no\/wp-json\/wp\/v2\/product_brand?post=48023"},{"taxonomy":"product_cat","embeddable":true,"href":"https:\/\/woods.se\/no\/wp-json\/wp\/v2\/product_cat?post=48023"},{"taxonomy":"product_tag","embeddable":true,"href":"https:\/\/woods.se\/no\/wp-json\/wp\/v2\/product_tag?post=48023"}],"curies":[{"name":"wp","href":"https:\/\/api.w.org\/{rel}","templated":true}]}}