{"id":48016,"date":"2025-09-10T15:14:25","date_gmt":"2025-09-10T13:14:25","guid":{"rendered":"https:\/\/stage.woods.se\/?post_type=product&#038;p=48016"},"modified":"2025-10-15T13:42:07","modified_gmt":"2025-10-15T11:42:07","slug":"woods-roof-window-sealing-kit-termisk","status":"publish","type":"product","link":"https:\/\/woods.se\/no\/produkter\/klimaanlegg\/woods-roof-window-sealing-kit-termisk\/","title":{"rendered":"Wood&#8217;s Roof Window Sealing Kit (termisk)"},"content":{"rendered":"<h2>Wood&#8217;s Roof Window Sealing Kit &#8211; effektiv termisk tetting for takvinduer<\/h2>\n<p>Med Woods tetningssett for takvinduer kan du optimalisere ytelsen til det b\u00e6rbare klimaanlegget ditt, selv i rom med takvinduer. Tetting rundt eksosslangen hindrer varm luft i \u00e5 komme inn i rommet, noe som ellers reduserer kj\u00f8lekapasiteten og \u00f8ker energiforbruket.<\/p>\n<h3>Smart design med to deler<\/h3>\n<p>Settet best\u00e5r av to deler p\u00e5 2 meter. Den ene delen monteres enkelt i den \u00f8vre delen av vinduet, mens den andre delen, som er utstyrt med glidel\u00e5s og fire l\u00f8pere, festes i den nedre delen. Dette gj\u00f8r at settet passer til b\u00e5de AC-modeller med \u00e9n og to avtrekksslanger (inkludert AC Cortina AirSwitch).<\/p>\n<h3>Termisk stoff for best mulig isolasjon<\/h3>\n<p>Det termiske stoffet av h\u00f8y kvalitet s\u00f8rger for at varm luft holdes ute og kj\u00f8lig luft holdes inne. Samtidig hindrer det st\u00f8v, smuss og insekter i \u00e5 komme inn i rommet.<\/p>\n<h3>Fordeler med Wood&#8217;s tetningssett for takvinduer<\/h3>\n<ul>\n<li>Forbedret kj\u00f8lekapasitet &#8211; holder varm luft ute og kj\u00f8lig luft inne.<\/li>\n<li>Passer ogs\u00e5 til b\u00e6rbare AC-enheter med doble slanger.<\/li>\n<li>Termisk stoff gir bedre isolasjon og energieffektivitet.<\/li>\n<li>Todelt design tilpasset for takvinduer.<\/li>\n<li>Enkel montering og fleksibel passform.<\/li>\n<\/ul>\n<h3>Perfekt for hjem og kontorer<\/h3>\n<p>Enten du bruker den b\u00e6rbare AC-en p\u00e5 soverommet, i stuen eller p\u00e5 kontoret med et takvindu, vil Wood&#8217;s Takvindu-tetningssett hjelpe deg med \u00e5 oppn\u00e5 maksimal effekt og et mer komfortabelt innemilj\u00f8.<\/p>\n<p>Velg Wood&#8217;s Roof Window Sealing Kit &#8211; et smart og energieffektivt tilbeh\u00f8r til din b\u00e6rbare AC.<\/p>\n","protected":false},"excerpt":{"rendered":"<p>Wood&#8217;s Roof Window Sealing Kit er det perfekte tilbeh\u00f8ret for b\u00e6rbare klimaanlegg i rom med takvinduer. Settet best\u00e5r av to deler p\u00e5 2 m, hvorav den ene har glidel\u00e5s med fire l\u00f8pere og kan brukes til b\u00e5de \u00e9n og to eksosslanger. Laget av termisk stoff som effektivt holder varm luft ute og kj\u00f8lig luft inne. Passer til alle b\u00e6rbare AC-modeller og er enkel \u00e5 installere.<\/p>\n","protected":false},"featured_media":46402,"template":"","meta":{"_acf_changed":false},"product_brand":[],"product_cat":[857,856,4907],"product_tag":[3494],"class_list":{"0":"post-48016","1":"product","2":"type-product","3":"status-publish","4":"has-post-thumbnail","6":"product_cat-klimaanlegg","7":"product_cat-tilbehor","8":"product_cat-tilbehoer-til-klimaanlegg","9":"product_tag-tetningssett","10":"splide__slide","12":"first","13":"instock","14":"taxable","15":"shipping-taxable","16":"purchasable","17":"product-type-simple"},"acf":[],"_links":{"self":[{"href":"https:\/\/woods.se\/no\/wp-json\/wp\/v2\/product\/48016","targetHints":{"allow":["GET"]}}],"collection":[{"href":"https:\/\/woods.se\/no\/wp-json\/wp\/v2\/product"}],"about":[{"href":"https:\/\/woods.se\/no\/wp-json\/wp\/v2\/types\/product"}],"wp:featuredmedia":[{"embeddable":true,"href":"https:\/\/woods.se\/no\/wp-json\/wp\/v2\/media\/46402"}],"wp:attachment":[{"href":"https:\/\/woods.se\/no\/wp-json\/wp\/v2\/media?parent=48016"}],"wp:term":[{"taxonomy":"product_brand","embeddable":true,"href":"https:\/\/woods.se\/no\/wp-json\/wp\/v2\/product_brand?post=48016"},{"taxonomy":"product_cat","embeddable":true,"href":"https:\/\/woods.se\/no\/wp-json\/wp\/v2\/product_cat?post=48016"},{"taxonomy":"product_tag","embeddable":true,"href":"https:\/\/woods.se\/no\/wp-json\/wp\/v2\/product_tag?post=48016"}],"curies":[{"name":"wp","href":"https:\/\/api.w.org\/{rel}","templated":true}]}}