{"id":48010,"date":"2025-09-10T15:12:51","date_gmt":"2025-09-10T13:12:51","guid":{"rendered":"https:\/\/stage.woods.se\/?post_type=product&#038;p=48010"},"modified":"2025-10-15T13:35:10","modified_gmt":"2025-10-15T11:35:10","slug":"woods-small-window-sealing-kit-thermal","status":"publish","type":"product","link":"https:\/\/woods.se\/no\/produkter\/klimaanlegg\/woods-small-window-sealing-kit-thermal\/","title":{"rendered":"Wood&#8217;s Small Window Sealing Kit (Thermal)"},"content":{"rendered":"<h2>Wood&#8217;s Small Window Sealing Kit &#8211; effektiv termisk tetting for mindre vinduer<\/h2>\n<p>Med Wood&#8217;s Small Window Sealing Kit kan du forbedre ytelsen til den b\u00e6rbare AC-en din, selv p\u00e5 mindre vinduer. Tetting rundt eksosslangen hindrer varm luft i \u00e5 komme tilbake til rommet, noe som ellers reduserer kj\u00f8lekapasiteten og \u00f8ker energiforbruket.<\/p>\n<h3>Smart design med termisk stoff<\/h3>\n<p>Settet er 200 cm langt og er laget av termostoff av h\u00f8y kvalitet som gir ekstra isolasjon. Dette holder effektivt varm luft ute, samtidig som den holder den kj\u00f8lige luften inne. Med fire glidel\u00e5ser p\u00e5 glidel\u00e5sen kan settet brukes til AC-enheter med \u00e9n eller to eksosslanger (inkludert AC Cortina AirSwitch).<\/p>\n<h3>Fordeler med Wood&#8217;s tetningssett for sm\u00e5 vinduer<\/h3>\n<ul>\n<li>Forbedret kj\u00f8lekapasitet &#8211; holder varm luft ute og kj\u00f8lig luft inne.<\/li>\n<li>Passer ogs\u00e5 til b\u00e6rbare AC-enheter med doble slanger.<\/li>\n<li>Termisk stoff gir bedre isolasjon og energieffektivitet.<\/li>\n<li>Enkel montering p\u00e5 mindre vinduer.<\/li>\n<li>Hindrer st\u00f8v, smuss og insekter i \u00e5 trenge inn.<\/li>\n<\/ul>\n<h3>Perfekt for hjem og kontorer<\/h3>\n<p>Enten du bruker den b\u00e6rbare AC-en p\u00e5 soverommet, i stuen eller p\u00e5 kontoret, hjelper Wood&#8217;s Small Window Sealing Kit deg med \u00e5 f\u00e5 maksimal ytelse og et kj\u00f8ligere innemilj\u00f8 selv i mindre vinduer.<\/p>\n<p>Velg Wood&#8217;s Small Window Sealing Kit &#8211; et kompakt, smart og energieffektivt tilbeh\u00f8r til din b\u00e6rbare AC.<\/p>\n","protected":false},"excerpt":{"rendered":"<p>Wood&#8217;s Small Window Sealing Kit er et kompakt og smart tilbeh\u00f8r som maksimerer effekten av din b\u00e6rbare AC. Settet er 200 cm langt og er laget av termisk stoff som effektivt holder varm luft ute og kj\u00f8lig luft inne. Med fire l\u00f8pere p\u00e5 glidel\u00e5sen kan det brukes til b\u00e5de \u00e9n og to avtrekksslanger (AC Cortina AirSwitch). Passer til alle b\u00e6rbare AC-modeller og er enkel \u00e5 montere p\u00e5 mindre vinduer.<\/p>\n","protected":false},"featured_media":46416,"template":"","meta":{"_acf_changed":false},"product_brand":[],"product_cat":[857,856,4907],"product_tag":[3494],"class_list":{"0":"post-48010","1":"product","2":"type-product","3":"status-publish","4":"has-post-thumbnail","6":"product_cat-klimaanlegg","7":"product_cat-tilbehor","8":"product_cat-tilbehoer-til-klimaanlegg","9":"product_tag-tetningssett","10":"splide__slide","12":"first","13":"instock","14":"taxable","15":"shipping-taxable","16":"purchasable","17":"product-type-simple"},"acf":[],"_links":{"self":[{"href":"https:\/\/woods.se\/no\/wp-json\/wp\/v2\/product\/48010","targetHints":{"allow":["GET"]}}],"collection":[{"href":"https:\/\/woods.se\/no\/wp-json\/wp\/v2\/product"}],"about":[{"href":"https:\/\/woods.se\/no\/wp-json\/wp\/v2\/types\/product"}],"wp:featuredmedia":[{"embeddable":true,"href":"https:\/\/woods.se\/no\/wp-json\/wp\/v2\/media\/46416"}],"wp:attachment":[{"href":"https:\/\/woods.se\/no\/wp-json\/wp\/v2\/media?parent=48010"}],"wp:term":[{"taxonomy":"product_brand","embeddable":true,"href":"https:\/\/woods.se\/no\/wp-json\/wp\/v2\/product_brand?post=48010"},{"taxonomy":"product_cat","embeddable":true,"href":"https:\/\/woods.se\/no\/wp-json\/wp\/v2\/product_cat?post=48010"},{"taxonomy":"product_tag","embeddable":true,"href":"https:\/\/woods.se\/no\/wp-json\/wp\/v2\/product_tag?post=48010"}],"curies":[{"name":"wp","href":"https:\/\/api.w.org\/{rel}","templated":true}]}}