{"id":48008,"date":"2024-12-16T09:06:55","date_gmt":"2024-12-16T08:06:55","guid":{"rendered":"https:\/\/stage.woods.se\/?post_type=product&#038;p=48008"},"modified":"2025-10-15T13:28:12","modified_gmt":"2025-10-15T11:28:12","slug":"ceramic-plate-woods-airmaster-woz-100","status":"publish","type":"product","link":"https:\/\/woods.se\/no\/produkter\/ozonaggregat\/ceramic-plate-woods-airmaster-woz-100\/","title":{"rendered":"Ceramic plate Wood&#8217;s Airmaster WOZ 100"},"content":{"rendered":"<h2>Wood&#8217;s Airmaster WOZ 100 keramisk plate<\/h2>\n<h3>Forlenger levetiden og sikrer effektiv ozonproduksjon<\/h3>\n<p>Den keramiske platen er en sentral del av Wood&#8217;s Airmaster WOZ 100 (tidligere BL 100) og er ansvarlig for selve ozonproduksjonen. Ettersom det er en slitasjedel, m\u00e5 den skiftes ut regelmessig for \u00e5 sikre at enheten fortsetter \u00e5 produsere ozon p\u00e5 en effektiv m\u00e5te.<\/p>\n<h3>Skift ut den keramiske platen regelmessig<\/h3>\n<p>Vi anbefaler at den keramiske platen skiftes ut minst \u00e9n gang i \u00e5ret, eller oftere ved intensiv bruk. En ny keramisk plate garanterer stabil ozonproduksjon og s\u00f8rger for at WOZ 100 fungerer optimalt.<\/p>\n<h3>Rengj\u00f8r ozongeneratoren ved utskifting<\/h3>\n<p>N\u00e5r du bytter filter, er det ogs\u00e5 viktig \u00e5 rengj\u00f8re generatoren. Dette forhindrer at st\u00f8v og smuss p\u00e5virker produksjonen og forlenger ozongeneratorens levetid.<\/p>\n","protected":false},"excerpt":{"rendered":"<p>Den keramiske platen til Wood&#8217;s Airmaster WOZ 100 er en original reservedel til ozongeneratoren WOZ 100 (tidligere BL 100). Den keramiske platen er en slitasjedel som mister sin effektivitet over tid, og b\u00f8r derfor skiftes ut minst \u00e9n gang i \u00e5ret. Ved utskifting anbefales det ogs\u00e5 \u00e5 rengj\u00f8re ozongeneratoren for \u00e5 sikre optimal ytelse og lang levetid.<\/p>\n","protected":false},"featured_media":46802,"template":"","meta":{"_acf_changed":false},"product_brand":[],"product_cat":[861,862,856],"product_tag":[3541,3538],"class_list":{"0":"post-48008","1":"product","2":"type-product","3":"status-publish","4":"has-post-thumbnail","6":"product_cat-ozonaggregat","7":"product_cat-professional-no","8":"product_cat-tilbehor","9":"product_tag-keramisk-plate","10":"product_tag-ozon","11":"splide__slide","13":"first","14":"instock","15":"taxable","16":"shipping-taxable","17":"product-type-simple"},"acf":[],"_links":{"self":[{"href":"https:\/\/woods.se\/no\/wp-json\/wp\/v2\/product\/48008","targetHints":{"allow":["GET"]}}],"collection":[{"href":"https:\/\/woods.se\/no\/wp-json\/wp\/v2\/product"}],"about":[{"href":"https:\/\/woods.se\/no\/wp-json\/wp\/v2\/types\/product"}],"wp:featuredmedia":[{"embeddable":true,"href":"https:\/\/woods.se\/no\/wp-json\/wp\/v2\/media\/46802"}],"wp:attachment":[{"href":"https:\/\/woods.se\/no\/wp-json\/wp\/v2\/media?parent=48008"}],"wp:term":[{"taxonomy":"product_brand","embeddable":true,"href":"https:\/\/woods.se\/no\/wp-json\/wp\/v2\/product_brand?post=48008"},{"taxonomy":"product_cat","embeddable":true,"href":"https:\/\/woods.se\/no\/wp-json\/wp\/v2\/product_cat?post=48008"},{"taxonomy":"product_tag","embeddable":true,"href":"https:\/\/woods.se\/no\/wp-json\/wp\/v2\/product_tag?post=48008"}],"curies":[{"name":"wp","href":"https:\/\/api.w.org\/{rel}","templated":true}]}}