{"id":48006,"date":"2024-12-16T09:05:00","date_gmt":"2024-12-16T08:05:00","guid":{"rendered":"https:\/\/stage.woods.se\/?post_type=product&#038;p=48006"},"modified":"2025-10-15T13:25:44","modified_gmt":"2025-10-15T11:25:44","slug":"nipple-and-2-metre-silicone-hose-for-woz-400-500-2000-4000","status":"publish","type":"product","link":"https:\/\/woods.se\/no\/produkter\/ozonaggregat\/nipple-and-2-metre-silicone-hose-for-woz-400-500-2000-4000\/","title":{"rendered":"Nipple and 2 metre silicone hose for WOZ 400, 500, 2000, 4000"},"content":{"rendered":"<h2>Nippel og 2 meter silikonslange<\/h2>\n<h3>Fleksibelt tilbeh\u00f8r til Wood&#8217;s Airmaster<\/h3>\n<p>Med denne nippelen og den 2 meter lange silikonslangen kan du enkelt lede ozonstr\u00f8mmen fra Wood&#8217;s Airmaster-ozongeneratoren til de omr\u00e5dene der det er mest behov for den. Slangen er laget av fleksibel, slitesterk silikon som t\u00e5ler regelmessig bruk og gj\u00f8r installasjonen b\u00e5de enkel og sikker.<\/p>\n<h3>For vanskelig tilgjengelige omr\u00e5der<\/h3>\n<p>Tilbeh\u00f8ret er spesielt nyttig n\u00e5r du trenger \u00e5 behandle omr\u00e5der som ellers er vanskelige \u00e5 n\u00e5 &#8211; for eksempel ventilasjonskanaler, skillevegger, krypkjellere eller klimaanlegg i biler. Det kan ogs\u00e5 brukes til vannrensing og andre spesielle bruksomr\u00e5der der ozonet m\u00e5 ledes til et bestemt punkt.<\/p>\n<h3>Kompatibilitet<\/h3>\n<p>Nippelen og slangen passer til f\u00f8lgende modeller:<\/p>\n<p><strong>WOZ-serien: WOZ 400, WOZ 500, WOZ 2000, WOZ 4000<\/strong><br \/>\n<strong>BLC-serien: BLC 500-D, BLC 2000-D, BLC 4000-D<\/strong><\/p>\n","protected":false},"excerpt":{"rendered":"<p>Nippelen og den 2 meter lange silikonslangen er praktisk tilbeh\u00f8r til Wood&#8217;s Airmaster med ozonr\u00f8r. Perfekt for \u00e5 lede ozon direkte til vanskelig tilgjengelige omr\u00e5der som ventilasjon, skillevegger, krypkjellere eller klimaanlegg i biler. Settet passer til modellene WOZ 400, WOZ 500, WOZ 2000, WOZ 4000, BLC 500-D, BLC 2000-D og BLC 4000-D. Enkel installasjon og fleksibel silikon for sikker bruk.<\/p>\n","protected":false},"featured_media":46823,"template":"","meta":{"_acf_changed":false},"product_brand":[],"product_cat":[861,862,856],"product_tag":[3142,3539],"class_list":{"0":"post-48006","1":"product","2":"type-product","3":"status-publish","4":"has-post-thumbnail","6":"product_cat-ozonaggregat","7":"product_cat-professional-no","8":"product_cat-tilbehor","9":"product_tag-ozongeneratorer","10":"product_tag-silikonslange","11":"splide__slide","13":"first","14":"instock","15":"taxable","16":"shipping-taxable","17":"product-type-simple"},"acf":[],"_links":{"self":[{"href":"https:\/\/woods.se\/no\/wp-json\/wp\/v2\/product\/48006","targetHints":{"allow":["GET"]}}],"collection":[{"href":"https:\/\/woods.se\/no\/wp-json\/wp\/v2\/product"}],"about":[{"href":"https:\/\/woods.se\/no\/wp-json\/wp\/v2\/types\/product"}],"wp:featuredmedia":[{"embeddable":true,"href":"https:\/\/woods.se\/no\/wp-json\/wp\/v2\/media\/46823"}],"wp:attachment":[{"href":"https:\/\/woods.se\/no\/wp-json\/wp\/v2\/media?parent=48006"}],"wp:term":[{"taxonomy":"product_brand","embeddable":true,"href":"https:\/\/woods.se\/no\/wp-json\/wp\/v2\/product_brand?post=48006"},{"taxonomy":"product_cat","embeddable":true,"href":"https:\/\/woods.se\/no\/wp-json\/wp\/v2\/product_cat?post=48006"},{"taxonomy":"product_tag","embeddable":true,"href":"https:\/\/woods.se\/no\/wp-json\/wp\/v2\/product_tag?post=48006"}],"curies":[{"name":"wp","href":"https:\/\/api.w.org\/{rel}","templated":true}]}}