{"id":48005,"date":"2024-12-16T09:04:16","date_gmt":"2024-12-16T08:04:16","guid":{"rendered":"https:\/\/stage.woods.se\/?post_type=product&#038;p=48005"},"modified":"2025-10-15T13:23:39","modified_gmt":"2025-10-15T11:23:39","slug":"woods-airmaster-woz-4000-ozone-tube","status":"publish","type":"product","link":"https:\/\/woods.se\/no\/produkter\/ozonaggregat\/woods-airmaster-woz-4000-ozone-tube\/","title":{"rendered":"Wood&#8217;s Airmaster WOZ 4000 Ozone Tube"},"content":{"rendered":"<h2>Ozonr\u00f8r Wood&#8217;s Airmaster WOZ 4000 (tidligere BLC 4000)<\/h2>\n<h3>Svenskprodusert reservedel for effektiv ozonproduksjon<\/h3>\n<p>Dette ozonr\u00f8ret er spesialdesignet for Wood&#8217;s Airmaster WOZ 4000 (tidligere BLC 4000) og spiller en sentral rolle n\u00e5r det gjelder \u00e5 omdanne oksygen til ozon p\u00e5 en effektiv m\u00e5te. R\u00f8ret er svenskprodusert og konstruert av materialer av h\u00f8y kvalitet: rustfritt st\u00e5l (SS2333), kvartsglass og kj\u00f8leribber i aluminium. Den robuste konstruksjonen sikrer en trygg og stabil ozonkonvertering over lang tid.<\/p>\n<h3>Leveres komplett med slanger<\/h3>\n<p>Ozonr\u00f8ret leveres med tilkoblingsslanger i silikon, noe som gj\u00f8r installasjonen rask og enkel.<\/p>\n<h3>Skift ut ozonr\u00f8ret regelmessig<\/h3>\n<p>Ettersom ozonr\u00f8ret er en slitasjedel, m\u00e5 det skiftes ut med jevne mellomrom for \u00e5 opprettholde optimal ytelse. Hver gang det skiftes ut, b\u00f8r ozongeneratoren ogs\u00e5 rengj\u00f8res for \u00e5 forhindre at st\u00f8v og smuss p\u00e5virker produksjonen negativt.<\/p>\n","protected":false},"excerpt":{"rendered":"<p>Ozonr\u00f8r Wood&#8217;s Airmaster WOZ 4000 (tidligere BLC 4000) er en original reservedel som sikrer effektiv og stabil ozonproduksjon. R\u00f8ret er svenskprodusert i rustfritt st\u00e5l (SS2333), kvartsglass og aluminium for lang holdbarhet og h\u00f8y ytelse. Leveres komplett med silikonslanger for enkel tilkobling. Siden ozonr\u00f8ret er en slitasjedel, anbefales regelmessig utskifting. Ved utskifting b\u00f8r ozongeneratoren alltid rengj\u00f8res.<\/p>\n","protected":false},"featured_media":46851,"template":"","meta":{"_acf_changed":false},"product_brand":[],"product_cat":[861,862,856],"product_tag":[3142,3533],"class_list":{"0":"post-48005","1":"product","2":"type-product","3":"status-publish","4":"has-post-thumbnail","6":"product_cat-ozonaggregat","7":"product_cat-professional-no","8":"product_cat-tilbehor","9":"product_tag-ozongeneratorer","10":"product_tag-ozonror","11":"splide__slide","13":"first","14":"instock","15":"taxable","16":"shipping-taxable","17":"product-type-simple"},"acf":[],"_links":{"self":[{"href":"https:\/\/woods.se\/no\/wp-json\/wp\/v2\/product\/48005","targetHints":{"allow":["GET"]}}],"collection":[{"href":"https:\/\/woods.se\/no\/wp-json\/wp\/v2\/product"}],"about":[{"href":"https:\/\/woods.se\/no\/wp-json\/wp\/v2\/types\/product"}],"wp:featuredmedia":[{"embeddable":true,"href":"https:\/\/woods.se\/no\/wp-json\/wp\/v2\/media\/46851"}],"wp:attachment":[{"href":"https:\/\/woods.se\/no\/wp-json\/wp\/v2\/media?parent=48005"}],"wp:term":[{"taxonomy":"product_brand","embeddable":true,"href":"https:\/\/woods.se\/no\/wp-json\/wp\/v2\/product_brand?post=48005"},{"taxonomy":"product_cat","embeddable":true,"href":"https:\/\/woods.se\/no\/wp-json\/wp\/v2\/product_cat?post=48005"},{"taxonomy":"product_tag","embeddable":true,"href":"https:\/\/woods.se\/no\/wp-json\/wp\/v2\/product_tag?post=48005"}],"curies":[{"name":"wp","href":"https:\/\/api.w.org\/{rel}","templated":true}]}}