{"id":47960,"date":"2024-12-12T11:20:40","date_gmt":"2024-12-12T10:20:40","guid":{"rendered":"https:\/\/stage.woods.se\/?post_type=product&#038;p=47960"},"modified":"2025-10-14T14:47:58","modified_gmt":"2025-10-14T12:47:58","slug":"woods-skylight-roof-sealing-kit","status":"publish","type":"product","link":"https:\/\/woods.se\/no\/produkter\/klimaanlegg\/woods-skylight-roof-sealing-kit\/","title":{"rendered":"Wood&#8217;s Skylight (Roof) Sealing Kit"},"content":{"rendered":"<h2>Wood&#8217;s Skylight Sealing Kit &#8211; tetningssett for takvinduer<\/h2>\n<p>Med Wood&#8217;s Skylight Sealing Kit kan du optimalisere ytelsen til det b\u00e6rbare klimaanlegget ditt, selv om du har et takvindu med vippefunksjon. Ved \u00e5 tette rundt avtrekksslangen forhindrer du at varm luft returnerer til rommet, noe som ellers reduserer kj\u00f8lekapasiteten og \u00f8ker energiforbruket.<\/p>\n<h3>Smart design for takvinduer<\/h3>\n<p>Settet best\u00e5r av to deler p\u00e5 2 meter (39 cm brede). Den ene monteres p\u00e5 den \u00f8vre delen av vinduet, mens den andre, som er utstyrt med en praktisk glidel\u00e5s, festes p\u00e5 den nedre delen. Konstruksjonen gj\u00f8r det enkelt \u00e5 tilpasse tetningssettet til vinduets form og vekselstr\u00f8msslangens diameter.<\/p>\n<h3>Fordeler med Wood&#8217;s tetningssett for takvinduer<\/h3>\n<ul>\n<li>Forbedret kj\u00f8lekapasitet &#8211; hindrer varm luft i \u00e5 trenge inn.<\/li>\n<li>Energibesparelser &#8211; reduserer str\u00f8mforbruket gjennom bedre forsegling.<\/li>\n<li>Bedre innemilj\u00f8 &#8211; stopper st\u00f8v, smuss og insekter.<\/li>\n<li>Universell passform &#8211; fungerer med alle b\u00e6rbare AC-enheter med eksosslange.<\/li>\n<\/ul>\n<h3>Perfekt for hjem og kontorer<\/h3>\n<p>Enten du bruker den b\u00e6rbare AC-en p\u00e5 soverommet, i stuen eller p\u00e5 kontoret, vil Wood&#8217;s Skylight Sealing Kit hjelpe deg med \u00e5 oppn\u00e5 maksimal effekt og et kj\u00f8ligere og mer komfortabelt innemilj\u00f8 &#8211; selv i rom med takvinduer.<\/p>\n<p>Velg Wood&#8217;s Skylight Sealing Kit &#8211; det smarte og energieffektive tilbeh\u00f8ret for b\u00e6rbare klimaanlegg med takvinduer.<\/p>\n","protected":false},"excerpt":{"rendered":"<p>Wood&#8217;s Skylight Sealing Kit er det smarte tilbeh\u00f8ret for b\u00e6rbare AC-enheter med takvinduer. Settet best\u00e5r av to 2 meter lange deler, hvorav den ene monteres i den \u00f8vre delen av vinduet og den andre, med glidel\u00e5s, i den nedre delen. Sammen tetter de effektivt rundt eksosslangen og hindrer varm luft, st\u00f8v og insekter i \u00e5 trenge inn. Passer til alle b\u00e6rbare AC-modeller med eksosslange og er enkel \u00e5 installere.<\/p>\n","protected":false},"featured_media":46444,"template":"","meta":{"_acf_changed":false},"product_brand":[],"product_cat":[4907,857,856],"product_tag":[3494],"class_list":{"0":"post-47960","1":"product","2":"type-product","3":"status-publish","4":"has-post-thumbnail","6":"product_cat-tilbehoer-til-klimaanlegg","7":"product_cat-klimaanlegg","8":"product_cat-tilbehor","9":"product_tag-tetningssett","10":"product_shipping_class-low","11":"splide__slide","13":"first","14":"instock","15":"taxable","16":"shipping-taxable","17":"purchasable","18":"product-type-simple"},"acf":[],"_links":{"self":[{"href":"https:\/\/woods.se\/no\/wp-json\/wp\/v2\/product\/47960","targetHints":{"allow":["GET"]}}],"collection":[{"href":"https:\/\/woods.se\/no\/wp-json\/wp\/v2\/product"}],"about":[{"href":"https:\/\/woods.se\/no\/wp-json\/wp\/v2\/types\/product"}],"wp:featuredmedia":[{"embeddable":true,"href":"https:\/\/woods.se\/no\/wp-json\/wp\/v2\/media\/46444"}],"wp:attachment":[{"href":"https:\/\/woods.se\/no\/wp-json\/wp\/v2\/media?parent=47960"}],"wp:term":[{"taxonomy":"product_brand","embeddable":true,"href":"https:\/\/woods.se\/no\/wp-json\/wp\/v2\/product_brand?post=47960"},{"taxonomy":"product_cat","embeddable":true,"href":"https:\/\/woods.se\/no\/wp-json\/wp\/v2\/product_cat?post=47960"},{"taxonomy":"product_tag","embeddable":true,"href":"https:\/\/woods.se\/no\/wp-json\/wp\/v2\/product_tag?post=47960"}],"curies":[{"name":"wp","href":"https:\/\/api.w.org\/{rel}","templated":true}]}}