{"id":47957,"date":"2024-12-12T11:18:31","date_gmt":"2024-12-12T10:18:31","guid":{"rendered":"https:\/\/stage.woods.se\/?post_type=product&#038;p=47957"},"modified":"2025-10-14T14:40:42","modified_gmt":"2025-10-14T12:40:42","slug":"woods-window-sealing-kit","status":"publish","type":"product","link":"https:\/\/woods.se\/no\/produkter\/klimaanlegg\/woods-window-sealing-kit\/","title":{"rendered":"Wood&#8217;s Window Sealing Kit"},"content":{"rendered":"<h2>Wood&#8217;s vindusforseglingssett<\/h2>\n<h3>Vindustetningssett for \u00e5 f\u00e5 mest mulig ut av det b\u00e6rbare klimaanlegget ditt<\/h3>\n<p>Med Wood&#8217;s Window Sealing Kit kan du optimalisere ytelsen til det b\u00e6rbare klimaanlegget ditt. Ved \u00e5 tette \u00e5pningen rundt eksosslangen forhindres varm luft fra \u00e5 komme tilbake til rommet &#8211; noe som ellers reduserer kj\u00f8lekapasiteten betydelig og \u00f8ker energiforbruket.<\/p>\n<h3>Smart design og enkel installasjon<\/h3>\n<p>Settet er 4 meter langt og 39 cm bredt og monteres enkelt med borrel\u00e5s mellom vindu og karm, uten behov for kompliserte vegg\u00e5pninger. Takket v\u00e6re den fleksible og justerbare glidel\u00e5s\u00e5pningen kan det tilpasses alle typer vinduer, slangediametere og munnstykker. N\u00e5r du vil lukke vinduet, er det bare \u00e5 fjerne settet &#8211; raskt og enkelt.<\/p>\n<h3>Fordeler med Wood&#8217;s vindusforseglingssett<\/h3>\n<ul>\n<li>Forbedret kj\u00f8lekapasitet &#8211; hindrer varm luft i \u00e5 trenge inn<\/li>\n<li>Energibesparelser &#8211; reduserer str\u00f8mforbruket gjennom bedre forsegling.<\/li>\n<li>Bedre innemilj\u00f8 &#8211; hindrer st\u00f8v, smuss og insekter i \u00e5 komme inn.<\/li>\n<li>Universell passform &#8211; fungerer med alle b\u00e6rbare klimaanlegg med eksosslanger.<\/li>\n<\/ul>\n<h3>Perfekt for hjem og kontorer<\/h3>\n<p>Enten du bruker den b\u00e6rbare AC-en i stuen, p\u00e5 soverommet eller p\u00e5 kontoret, hjelper Wood&#8217;s Window Sealing Kit deg med \u00e5 f\u00e5 maksimal effekt og et kj\u00f8ligere og mer komfortabelt innemilj\u00f8.<\/p>\n<p>Velg Wood&#8217;s Window Sealing Kit &#8211; et enkelt, smart og energieffektivt tilbeh\u00f8r til det b\u00e6rbare klimaanlegget ditt.<\/p>\n","protected":false},"excerpt":{"rendered":"<p>Wood&#8217;s Window Sealing Kit er det smarte tilbeh\u00f8ret som maksimerer kj\u00f8lekapasiteten til den b\u00e6rbare AC-en din. Med en lengde p\u00e5 4 m og en bredde p\u00e5 39 cm passer det til de fleste vinduer og fungerer med alle b\u00e6rbare AC-modeller. Settet er sv\u00e6rt enkelt \u00e5 montere, og den justerbare glidel\u00e5s\u00e5pningen gj\u00f8r at settet enkelt kan tilpasses st\u00f8rrelsen p\u00e5 slangen og hindrer varm luft, smuss og insekter i \u00e5 komme inn.<\/p>\n","protected":false},"featured_media":46458,"template":"","meta":{"_acf_changed":false},"product_brand":[],"product_cat":[857,856,4907],"product_tag":[3494],"class_list":{"0":"post-47957","1":"product","2":"type-product","3":"status-publish","4":"has-post-thumbnail","6":"product_cat-klimaanlegg","7":"product_cat-tilbehor","8":"product_cat-tilbehoer-til-klimaanlegg","9":"product_tag-tetningssett","10":"product_shipping_class-low","11":"splide__slide","13":"first","14":"outofstock","15":"taxable","16":"shipping-taxable","17":"purchasable","18":"product-type-simple"},"acf":[],"_links":{"self":[{"href":"https:\/\/woods.se\/no\/wp-json\/wp\/v2\/product\/47957","targetHints":{"allow":["GET"]}}],"collection":[{"href":"https:\/\/woods.se\/no\/wp-json\/wp\/v2\/product"}],"about":[{"href":"https:\/\/woods.se\/no\/wp-json\/wp\/v2\/types\/product"}],"wp:featuredmedia":[{"embeddable":true,"href":"https:\/\/woods.se\/no\/wp-json\/wp\/v2\/media\/46458"}],"wp:attachment":[{"href":"https:\/\/woods.se\/no\/wp-json\/wp\/v2\/media?parent=47957"}],"wp:term":[{"taxonomy":"product_brand","embeddable":true,"href":"https:\/\/woods.se\/no\/wp-json\/wp\/v2\/product_brand?post=47957"},{"taxonomy":"product_cat","embeddable":true,"href":"https:\/\/woods.se\/no\/wp-json\/wp\/v2\/product_cat?post=47957"},{"taxonomy":"product_tag","embeddable":true,"href":"https:\/\/woods.se\/no\/wp-json\/wp\/v2\/product_tag?post=47957"}],"curies":[{"name":"wp","href":"https:\/\/api.w.org\/{rel}","templated":true}]}}