{"id":47952,"date":"2025-09-10T10:37:34","date_gmt":"2025-09-10T08:37:34","guid":{"rendered":"https:\/\/stage.woods.se\/?post_type=product&#038;p=47952"},"modified":"2025-09-15T11:57:18","modified_gmt":"2025-09-15T09:57:18","slug":"woods-ac-palermo-18k","status":"publish","type":"product","link":"https:\/\/woods.se\/no\/produkter\/klimaanlegg\/for-kontorer\/woods-ac-palermo-18k\/","title":{"rendered":"Wood&#8217;s AC Palermo 18K"},"content":{"rendered":"<h2>Wood&#8217;s AC Palermo 18K<\/h2>\n<h3>Sv\u00e6rt kraftig kj\u00f8ling for store rom<\/h3>\n<p>Wood&#8217;s AC Palermo 18K er et sv\u00e6rt kraftig, b\u00e6rbart klimaanlegg som raskt senker temperaturen i rom p\u00e5 opptil 53 m\u00b2. Med en kj\u00f8lekapasitet p\u00e5 18 000 BTU (5,3 kW) og h\u00f8y luftgjennomstr\u00f8mning er den ideell for b\u00e5de hjem og arbeidsmilj\u00f8er der p\u00e5litelig ytelse er avgj\u00f8rende.<\/p>\n<h3>Viktige funksjoner<\/h3>\n\n<h3>Rask og effektiv kj\u00f8ling<\/h3>\n<p>AC Palermo 18K er konstruert for \u00e5 levere h\u00f8y ytelse selv p\u00e5 de varmeste dagene. Med tre viftehastigheter og et bredt temperaturomr\u00e5de kan du justere kj\u00f8lingen etter dine behov. Enten du \u00f8nsker \u00e5 kj\u00f8le ned en stor stue, en butikk eller opprettholde en jevn temperatur p\u00e5 kontoret, leverer Palermo 18K p\u00e5litelige resultater.<\/p>\n<h3>Effektiv kj\u00f8ling for ulike milj\u00f8er<\/h3>\n<p><strong>Kontorer og arbeidsplasser:<\/strong> Skaper et komfortabelt og produktivt klima selv i \u00e5pne rom.<br \/>\n<strong>Serverrom: <\/strong>Forhindrer overoppheting av sensitivt utstyr.<br \/>\n<strong>Butikker:<\/strong> Bidrar til et kj\u00f8lig og behagelig milj\u00f8 som gj\u00f8r kundene gladere og mer tilb\u00f8yelige til \u00e5 kj\u00f8pe.<br \/>\n<strong>Konferanserom:<\/strong> Sikrer en stabil og behagelig temperatur under m\u00f8ter og arrangementer.<\/p>\n<h3>Enkel \u00e5 bruke og flytte<\/h3>\n<p>AC Palermo 18K har et intuitivt digitalt ber\u00f8ringspanel som gj\u00f8r den enkel \u00e5 betjene. Takket v\u00e6re de lettg\u00e5ende hjulene kan den enkelt flyttes dit det er mest behov for den. Det medf\u00f8lgende vindussettet gj\u00f8r installasjonen rask og enkel, uten noen permanente endringer &#8211; den varme luften ventileres effektivt ut gjennom et vindu.<\/p>\n","protected":false},"excerpt":{"rendered":"<p>Wood&#8217;s AC Palermo 18K er et sv\u00e6rt kraftig, b\u00e6rbart klimaanlegg som kombinerer h\u00f8y kapasitet med brukervennlighet. Med en kj\u00f8lekapasitet p\u00e5 18 000 BTU (5,3 kW) og en luftstr\u00f8m p\u00e5 950 m\u00b3\/t kj\u00f8ler den raskt og effektivt ned rom p\u00e5 opptil 53 m\u00b2. Perfekt for kontorer, butikker, serverrom eller st\u00f8rre hjem. Den er enkel \u00e5 bruke med et digitalt ber\u00f8ringspanel, inkludert vindussett og hjul som gj\u00f8r det enkelt \u00e5 flytte den mellom ulike rom.<\/p>\n","protected":false},"featured_media":46292,"template":"","meta":{"_acf_changed":false},"product_brand":[],"product_cat":[4899,857],"product_tag":[2987,3068],"class_list":{"0":"post-47952","1":"product","2":"type-product","3":"status-publish","4":"has-post-thumbnail","6":"product_cat-for-kontorer","7":"product_cat-klimaanlegg","8":"product_tag-53-m-no","9":"product_tag-portabel-ac-for-kontorer","10":"product_shipping_class-high","11":"splide__slide","13":"first","14":"instock","15":"taxable","16":"shipping-taxable","17":"product-type-simple"},"acf":[],"_links":{"self":[{"href":"https:\/\/woods.se\/no\/wp-json\/wp\/v2\/product\/47952","targetHints":{"allow":["GET"]}}],"collection":[{"href":"https:\/\/woods.se\/no\/wp-json\/wp\/v2\/product"}],"about":[{"href":"https:\/\/woods.se\/no\/wp-json\/wp\/v2\/types\/product"}],"wp:featuredmedia":[{"embeddable":true,"href":"https:\/\/woods.se\/no\/wp-json\/wp\/v2\/media\/46292"}],"wp:attachment":[{"href":"https:\/\/woods.se\/no\/wp-json\/wp\/v2\/media?parent=47952"}],"wp:term":[{"taxonomy":"product_brand","embeddable":true,"href":"https:\/\/woods.se\/no\/wp-json\/wp\/v2\/product_brand?post=47952"},{"taxonomy":"product_cat","embeddable":true,"href":"https:\/\/woods.se\/no\/wp-json\/wp\/v2\/product_cat?post=47952"},{"taxonomy":"product_tag","embeddable":true,"href":"https:\/\/woods.se\/no\/wp-json\/wp\/v2\/product_tag?post=47952"}],"curies":[{"name":"wp","href":"https:\/\/api.w.org\/{rel}","templated":true}]}}