{"id":47950,"date":"2025-09-08T10:39:01","date_gmt":"2025-09-08T08:39:01","guid":{"rendered":"https:\/\/stage.woods.se\/?post_type=product&#038;p=47950"},"modified":"2026-04-17T15:53:11","modified_gmt":"2026-04-17T13:53:11","slug":"woods-cortina-xl-wifi","status":"publish","type":"product","link":"https:\/\/woods.se\/no\/produkter\/klimaanlegg\/til-stuer-og-leiligheter\/woods-cortina-xl-wifi\/","title":{"rendered":"Wood&#8217;s Cortina XL WiFi"},"content":{"rendered":"<h2>Wood&#8217;s AC Cortina XL WiFi<\/h2>\n<h3>Kraftig kj\u00f8ling for st\u00f8rre omr\u00e5der<\/h3>\n<p>Wood&#8217;s AC Cortina XL WiFi er en b\u00e6rbar AC med h\u00f8y ytelse som er utviklet for \u00e5 gi rask og effektiv kj\u00f8ling i st\u00f8rre rom. Med inverterteknologi og en kj\u00f8lekapasitet p\u00e5 18 000 BTU (5 kW) kj\u00f8ler den enkelt ned rom p\u00e5 opptil 53 m\u00b2, noe som gj\u00f8r den ideell for b\u00e5de hjem og kontorer. <\/p>\n<h3>Viktige funksjoner<\/h3>\n\n<h3>Kraftig komfort hjemme og p\u00e5 kontoret<\/h3>\n<p><strong>Store oppholdsrom:<\/strong> Nyt behagelige temperaturer selv p\u00e5 de varmeste dagene.<br \/>\n<strong>Kontorer og \u00e5pne kontorlandskap:<\/strong> Forbedrer arbeidsmilj\u00f8et og gir jevn kj\u00f8ling for b\u00e5de ansatte og kunder.<br \/>\n<strong>Butikker og st\u00f8rre rom:<\/strong> Effektiv kj\u00f8ling selv i kommersielle milj\u00f8er.<\/p>\n<h3>Fordelene med inverterteknologi<\/h3>\n<p>Wood&#8217;s AC Cortina XL WiFi er utstyrt med moderne inverterteknologi som justerer kompressorhastigheten etter behov. Dette betyr at enheten n\u00e5r den innstilte temperaturen raskere og deretter g\u00e5r p\u00e5 et lavt niv\u00e5 for \u00e5 opprettholde jevn komfort. Resultatet er lavere energiforbruk, mer stilleg\u00e5ende drift, mindre slitasje og lengre levetid sammenlignet med tradisjonelle AC-enheter.  <\/p>\n<h3>Smidig, smart og brukervennlig<\/h3>\n<p>Wood&#8217;s AC Cortina XL WiFi leveres komplett med et digitalt ber\u00f8ringspanel, fjernkontroll, vindussett og hjul for enkel forflytning. Takket v\u00e6re WiFi-kontroll via Wood&#8217;s Connect-appen kan du justere innstillingene uansett hvor du er, og alltid nyte et behagelig inneklima. <\/p>\n<p>Velg Wood&#8217;s AC Cortina XL WiFi &#8211; en kraftig, energieffektiv og smart b\u00e6rbar AC for store rom, kontorer og \u00e5pne omr\u00e5der.<\/p>\n","protected":false},"excerpt":{"rendered":"<p>Wood&#8217;s AC Cortina XL WiFi er et kraftig, b\u00e6rbart klimaanlegg som kj\u00f8ler ned opptil 53 m\u00b2 &#8211; perfekt for store stuer, \u00e5pne planl\u00f8sninger og kontorer. Med en kj\u00f8lekapasitet p\u00e5 18 000 BTU (5 kW), tre viftemoduser og inverterteknologi f\u00e5r du rask, jevn og energieffektiv kj\u00f8ling. Den har energiklasse A, et lavt st\u00f8yniv\u00e5 p\u00e5 64 dB (h\u00f8yeste niv\u00e5) og kan styres via ber\u00f8ringspanel, fjernkontroll eller WiFi med Wood&#8217;s Connect-appen.  <\/p>\n","protected":false},"featured_media":46025,"template":"","meta":{"_acf_changed":false},"product_brand":[],"product_cat":[4899,4890,4883,857],"product_tag":[2987,3068,3054,3067,921],"class_list":{"0":"post-47950","1":"product","2":"type-product","3":"status-publish","4":"has-post-thumbnail","6":"product_cat-for-kontorer","7":"product_cat-for-soverom","8":"product_cat-til-stuer-og-leiligheter","9":"product_cat-klimaanlegg","10":"product_tag-53-m-no","11":"product_tag-portabel-ac-for-kontorer","12":"product_tag-portabel-ac-for-soverom","13":"product_tag-portabel-ac-for-stuer","14":"product_tag-wifi-no","15":"splide__slide","17":"first","18":"instock","19":"taxable","20":"shipping-taxable","21":"product-type-simple"},"acf":[],"_links":{"self":[{"href":"https:\/\/woods.se\/no\/wp-json\/wp\/v2\/product\/47950","targetHints":{"allow":["GET"]}}],"collection":[{"href":"https:\/\/woods.se\/no\/wp-json\/wp\/v2\/product"}],"about":[{"href":"https:\/\/woods.se\/no\/wp-json\/wp\/v2\/types\/product"}],"wp:featuredmedia":[{"embeddable":true,"href":"https:\/\/woods.se\/no\/wp-json\/wp\/v2\/media\/46025"}],"wp:attachment":[{"href":"https:\/\/woods.se\/no\/wp-json\/wp\/v2\/media?parent=47950"}],"wp:term":[{"taxonomy":"product_brand","embeddable":true,"href":"https:\/\/woods.se\/no\/wp-json\/wp\/v2\/product_brand?post=47950"},{"taxonomy":"product_cat","embeddable":true,"href":"https:\/\/woods.se\/no\/wp-json\/wp\/v2\/product_cat?post=47950"},{"taxonomy":"product_tag","embeddable":true,"href":"https:\/\/woods.se\/no\/wp-json\/wp\/v2\/product_tag?post=47950"}],"curies":[{"name":"wp","href":"https:\/\/api.w.org\/{rel}","templated":true}]}}