{"id":47948,"date":"2025-01-03T11:39:05","date_gmt":"2025-01-03T10:39:05","guid":{"rendered":"https:\/\/stage.woods.se\/?post_type=product&#038;p=47948"},"modified":"2026-02-23T15:55:21","modified_gmt":"2026-02-23T14:55:21","slug":"woods-ac-cortina-12k-airswitch-smart-home-duo-a","status":"publish","type":"product","link":"https:\/\/woods.se\/no\/produkter\/klimaanlegg\/til-stuer-og-leiligheter\/woods-ac-cortina-12k-airswitch-smart-home-duo-a\/","title":{"rendered":"Wood&#8217;s AC Cortina 12K AirSwitch Smart Home Duo A+"},"content":{"rendered":"<h2>Wood&#8217;s AC Cortina 12K AirSwitch\u2122<\/h2>\n<h3>Ekstremt stilleg\u00e5ende og energieffektiv kj\u00f8ling med HEPA-rensing<\/h3>\n<p>Wood&#8217;s AC Cortina 12K AirSwitch Smart Home Duo A+ er en revolusjonerende l\u00f8sning innen b\u00e6rbar klimaanlegg. Den kan styres via WiFi, varme og kj\u00f8le, men er ogs\u00e5 utstyrt med den patents\u00f8kte og prisbel\u00f8nte AirSwitch\u2122-teknologien, som gj\u00f8r det mulig \u00e5 kj\u00f8le ned rommet med kj\u00f8lig uteluft n\u00e5r temperaturen ute er lavere enn inne. Det gir en stilleg\u00e5ende drift og et uovertruffent lavt energiforbruk. Luften renses alltid gjennom et HEPA-filter, og ved \u00e5 hele tiden tilf\u00f8re nytt oksygen reduserer den ogs\u00e5 CO2-niv\u00e5et. Alt for et optimalt inneklima og perfekt for netter der du \u00f8nsker \u00e5 sove svalt, rent og godt, uten forstyrrende lyder.    <\/p>\n<h3>Viktige funksjoner<\/h3>\n\n<h3>Slik fungerer AirSwitch:<\/h3>\n<p><strong>BILDER\/ILLUSTRASJONER<\/strong><\/p>\n<ol>\n<li>N\u00e5r utetemperaturen er h\u00f8yere enn \u00f8nsket temperatur, kj\u00f8ler kompressoren effektivt ned rommet og renser luften gjennom et HEPA-filter.<\/li>\n<li><span style=\"color: #343433; font-family: Inter, sans-serif;\">N\u00e5r utetemperaturen er lavere enn den innstilte temperaturen, g\u00e5r AirSwitch automatisk over til \u00e5 hente inn kj\u00f8ligere luft gjennom HEPA-filteret uten \u00e5 kj\u00f8re kompressoren &#8211; noe som er b\u00e5de stillere og mer energieffektivt.<\/span><\/li>\n<\/ol>\n<h3>Opplev forskjellen:<\/h3>\n<p><strong>St\u00f8yniv\u00e5: <\/strong>Kompressor-modus: 49-52 dB sammenlignet med AirSwitch-modus: 34-38 dB<br \/>\n<strong>Energiforbruk: <\/strong>Kompressormodus: 1120 W sammenlignet med AirSwitch-modus: 32 W<\/p>\n<h3>To smarte AirSwitch\u2122-moduser for optimal kj\u00f8ling<\/h3>\n<ul>\n<li><strong>AirSwitch Auto &#8211;<\/strong> Bytter automatisk mellom tradisjonell kompressorkj\u00f8ling og inntak av kj\u00f8lig uteluft. Perfekt for netter n\u00e5r utetemperaturen synker. <\/li>\n<li><strong>AirSwitch &#8211;<\/strong> N\u00e5r utetemperaturen er lavere enn innetemperaturen, henter AC-en hele tiden inn kj\u00f8lig luft og kj\u00f8ler rommet effektivt.<\/li>\n<\/ul>\n<h3>Renere og sunnere luft med HEPA-filter<\/h3>\n<p>I tillegg til effektiv kj\u00f8ling tilbyr Cortina 12K AirSwitch\u2122 klimaanlegget ogs\u00e5 avansert luftrensing. Den innebygde HEPA-teknologien fanger opp st\u00f8v, pollen, muggsporer, bakterier og til og med sm\u00e5 r\u00f8ykpartikler, uavhengig av hvordan du kj\u00f8ler. Resultatet er ikke bare en behagelig temperatur, men ogs\u00e5 et renere og sunnere innemilj\u00f8.  <\/p>\n<h3>Effektiv komfort hjemme og p\u00e5 kontoret<\/h3>\n<p><strong>Soverom: <\/strong>Sov svalt og uforstyrret takket v\u00e6re AirSwitch\u2122-teknologien, som s\u00f8rger for frisk luft og ekstremt stilleg\u00e5ende drift.<br \/>\n<strong>Barnerom: <\/strong>Stabil og sunn temperatur kombinert med ren luft fra HEPA-filteret.<br \/>\n<strong>Stue og oppholdsrom:<\/strong> Gir svalhet for hele familien om sommeren og friskere luft hele \u00e5ret.<br \/>\n<strong>P\u00e5 kontoret:<\/strong> Forbedrer arbeidsmilj\u00f8et og reduserer b\u00e5de varme og luftforurensning.<\/p>\n<h3>Duo-funksjon &#8211; kj\u00f8ler og varmer \u00e5ret rundt<\/h3>\n<p>Wood&#8217;s AC Cortina 12K AirSwitch Smart Home Duo A+ kj\u00f8ler like godt som den varmer. Du stiller inn \u00f8nsket temperatur, og enheten justerer klimaet automatisk, slik at du kan bruke den \u00e5ret rundt &#8211; uansett om det er heteb\u00f8lge eller vinterkulde. <\/p>\n<h3>Smidig, smart og brukervennlig<\/h3>\n<p>Med WiFi\/Smart Home-st\u00f8tte kan du fjernstyre enheten og komme hjem til et behagelig inneklima. Digitalt ber\u00f8ringspanel, fjernkontroll, vaskbart HEPA-filter og komplett vindussett er inkludert. Enheten har ogs\u00e5 hjul for enkel forflytning.  <\/p>\n<h3>Opp til 6 \u00e5rs garanti<\/h3>\n<p>Ved \u00e5 registrere din AC Cortina 12K AirSwitch Smart Home Duo A+ p\u00e5 warranty-woods.com og bytte ut HEPA-filteret minst \u00e9n gang i \u00e5ret, kan du utvide garantien til opptil 6 \u00e5r.<\/p>\n<p>Velg Wood&#8217;s AC Cortina 12K AirSwitch Smart Home Duo A+ for stillere, smartere og mer energieffektiv komfort &#8211; \u00e5ret rundt.<\/p>\n","protected":false},"excerpt":{"rendered":"<p>Wood&#8217;s AC Cortina 12K AirSwitch Smart Home Duo A+ er den ultimate l\u00f8sningen innen b\u00e6rbar klimaanlegg. Med den prisbel\u00f8nte AirSwitch\u2122-teknologien kj\u00f8ler den stilleg\u00e5ende og energieffektivt ved hjelp av kj\u00f8lig uteluft, samtidig som HEPA-filteret renser luften for st\u00f8v, pollen og bakterier. Utstyrt med WiFi\/Smart Home-styring, kj\u00f8ler og varmer den opp rom p\u00e5 opptil 35 m\u00b2, energiklasse A+ og 6 \u00e5rs garanti ved registrering.  <\/p>\n","protected":false},"featured_media":45676,"template":"","meta":{"_acf_changed":false},"product_brand":[],"product_cat":[4899,4890,4883,857],"product_tag":[2975,2999,894,3068,3054,3067,916,921],"class_list":{"0":"post-47948","1":"product","2":"type-product","3":"status-publish","4":"has-post-thumbnail","6":"product_cat-for-kontorer","7":"product_cat-for-soverom","8":"product_cat-til-stuer-og-leiligheter","9":"product_cat-klimaanlegg","10":"product_tag-35-m-no","11":"product_tag-a-no","12":"product_tag-duo-no","13":"product_tag-portabel-ac-for-kontorer","14":"product_tag-portabel-ac-for-soverom","15":"product_tag-portabel-ac-for-stuer","16":"product_tag-smart-home-no","17":"product_tag-wifi-no","18":"splide__slide","20":"first","21":"instock","22":"taxable","23":"shipping-taxable","24":"product-type-simple"},"acf":[],"_links":{"self":[{"href":"https:\/\/woods.se\/no\/wp-json\/wp\/v2\/product\/47948","targetHints":{"allow":["GET"]}}],"collection":[{"href":"https:\/\/woods.se\/no\/wp-json\/wp\/v2\/product"}],"about":[{"href":"https:\/\/woods.se\/no\/wp-json\/wp\/v2\/types\/product"}],"wp:featuredmedia":[{"embeddable":true,"href":"https:\/\/woods.se\/no\/wp-json\/wp\/v2\/media\/45676"}],"wp:attachment":[{"href":"https:\/\/woods.se\/no\/wp-json\/wp\/v2\/media?parent=47948"}],"wp:term":[{"taxonomy":"product_brand","embeddable":true,"href":"https:\/\/woods.se\/no\/wp-json\/wp\/v2\/product_brand?post=47948"},{"taxonomy":"product_cat","embeddable":true,"href":"https:\/\/woods.se\/no\/wp-json\/wp\/v2\/product_cat?post=47948"},{"taxonomy":"product_tag","embeddable":true,"href":"https:\/\/woods.se\/no\/wp-json\/wp\/v2\/product_tag?post=47948"}],"curies":[{"name":"wp","href":"https:\/\/api.w.org\/{rel}","templated":true}]}}