{"id":47945,"date":"2024-12-12T11:15:46","date_gmt":"2024-12-12T10:15:46","guid":{"rendered":"https:\/\/stage.woods.se\/?post_type=product&#038;p=47945"},"modified":"2026-02-23T16:17:42","modified_gmt":"2026-02-23T15:17:42","slug":"woods-ac-milan-7k-wifi-smart-home-duo","status":"publish","type":"product","link":"https:\/\/woods.se\/no\/produkter\/klimaanlegg\/for-barnerom\/woods-ac-milan-7k-wifi-smart-home-duo\/","title":{"rendered":"Wood&#8217;s AC Milan 7K WiFi Smart Home Duo"},"content":{"rendered":"<h2>Wood&#8217;s AC Milan 7K WiFi Smart Home Duo<\/h2>\n<h3>Jevn, stilleg\u00e5ende og smartstyrt klimaanlegg med oppvarming<\/h3>\n<p>Wood&#8217;s AC Milan 7K WiFi Smart Home Duo kombinerer kj\u00f8ling, oppvarming og smart styring i et kompakt og stilleg\u00e5ende format. Med en kj\u00f8lekapasitet p\u00e5 7000 BTU (2 kW) og en varmekapasitet p\u00e5 1500 W kj\u00f8ler eller varmer den raskt opp rom p\u00e5 opptil 20 m\u00b2, noe som gj\u00f8r den perfekt for mindre rom som soverom, barnerom og stuer. <\/p>\n<h3>Viktige funksjoner<\/h3>\n\n<h3>Kj\u00f8ler og varmer opp mindre rom i hjemmet<\/h3>\n<p><strong>Soverom: <\/strong>Det lave st\u00f8yniv\u00e5et gj\u00f8r at du kan sove svalt eller varmt og uforstyrret.<br \/>\n<strong>Barnerom:<\/strong> Gir en trygg og behagelig temperatur for barn \u00e5ret rundt.<br \/>\n<strong>I stuen:<\/strong> Skaper et kj\u00f8lig milj\u00f8 om sommeren og varme n\u00e5r vinteren kommer.<\/p>\n<h3>Smidig og brukervennlig &#8211; med smart kontroll<\/h3>\n<p>Milan 7K WiFi Duo er lett \u00e5 flytte og enkel \u00e5 installere med det medf\u00f8lgende vindussettet. Den kan styres via et digitalt ber\u00f8ringspanel eller en fjernkontroll, men takket v\u00e6re WiFi-funksjonen kan du ogs\u00e5 fjernstyre den via Wood&#8217;s Connect-appen eller gjennom Google Home og Alexa. P\u00e5 denne m\u00e5ten kan du alltid komme hjem til en behagelig temperatur.  <\/p>\n<h3>Rolig og behagelig<\/h3>\n<p>Med et st\u00f8yniv\u00e5 p\u00e5 bare 52 dB fungerer AC Milan 7K WiFi Smart Home Duo diskret. Perfekt for soverom eller barnerom der du trenger kj\u00f8ling eller oppvarming uten forstyrrende st\u00f8y. <\/p>\n","protected":false},"excerpt":{"rendered":"<p>Wood&#8217;s AC Milan 7K WiFi Smart Home Duo er en praktisk og stilleg\u00e5ende b\u00e6rbar AC med Duo-funksjon som b\u00e5de kj\u00f8ler og varmer. Med en kj\u00f8lekapasitet p\u00e5 7000 BTU (2 kW) og en varmekapasitet p\u00e5 1500 W, samt en luftstr\u00f8m p\u00e5 350 m\u00b3\/t, regulerer den effektivt temperaturen i rom p\u00e5 opptil 20 m\u00b2. Den er enkel \u00e5 styre via et digitalt ber\u00f8ringspanel, fjernkontroll eller via WiFi med Wood&#8217;s Connect-appen, Google Home eller Alexa. Perfekt for soverom, barnerom og stuer &#8211; \u00e5ret rundt.   <\/p>\n","protected":false},"featured_media":46132,"template":"","meta":{"_acf_changed":false},"product_brand":[],"product_cat":[4895,857],"product_tag":[2964,894,3069,916,921],"class_list":{"0":"post-47945","1":"product","2":"type-product","3":"status-publish","4":"has-post-thumbnail","6":"product_cat-for-barnerom","7":"product_cat-klimaanlegg","8":"product_tag-20-m-no","9":"product_tag-duo-no","10":"product_tag-portabel-ac-for-mindre-soverom","11":"product_tag-smart-home-no","12":"product_tag-wifi-no","13":"splide__slide","15":"first","16":"instock","17":"taxable","18":"shipping-taxable","19":"product-type-simple"},"acf":[],"_links":{"self":[{"href":"https:\/\/woods.se\/no\/wp-json\/wp\/v2\/product\/47945","targetHints":{"allow":["GET"]}}],"collection":[{"href":"https:\/\/woods.se\/no\/wp-json\/wp\/v2\/product"}],"about":[{"href":"https:\/\/woods.se\/no\/wp-json\/wp\/v2\/types\/product"}],"wp:featuredmedia":[{"embeddable":true,"href":"https:\/\/woods.se\/no\/wp-json\/wp\/v2\/media\/46132"}],"wp:attachment":[{"href":"https:\/\/woods.se\/no\/wp-json\/wp\/v2\/media?parent=47945"}],"wp:term":[{"taxonomy":"product_brand","embeddable":true,"href":"https:\/\/woods.se\/no\/wp-json\/wp\/v2\/product_brand?post=47945"},{"taxonomy":"product_cat","embeddable":true,"href":"https:\/\/woods.se\/no\/wp-json\/wp\/v2\/product_cat?post=47945"},{"taxonomy":"product_tag","embeddable":true,"href":"https:\/\/woods.se\/no\/wp-json\/wp\/v2\/product_tag?post=47945"}],"curies":[{"name":"wp","href":"https:\/\/api.w.org\/{rel}","templated":true}]}}