{"id":47942,"date":"2024-12-12T11:14:23","date_gmt":"2024-12-12T10:14:23","guid":{"rendered":"https:\/\/stage.woods.se\/?post_type=product&#038;p=47942"},"modified":"2025-09-15T11:53:43","modified_gmt":"2025-09-15T09:53:43","slug":"woods-ac-cortina-12k-duo","status":"publish","type":"product","link":"https:\/\/woods.se\/no\/produkter\/klimaanlegg\/til-stuer-og-leiligheter\/woods-ac-cortina-12k-duo\/","title":{"rendered":"Wood&#8217;s AC Cortina 12K Duo"},"content":{"rendered":"<h2>Wood&#8217;s AC Cortina 12K Duo<\/h2>\n<h3>B\u00e6rbar AC og varmeapparat for komfort \u00e5ret rundt<\/h3>\n<p>Wood&#8217;s AC Cortina 12K Duo er en allsidig og kraftig inneklimal\u00f8sning som er utviklet for bruk \u00e5ret rundt. Den kj\u00f8ler like effektivt som den varmer, noe som gj\u00f8r den til et fleksibelt valg for b\u00e5de hjem og kontorer. Med en kj\u00f8lekapasitet p\u00e5 12 000 BTU (3,5 kW) og en varmekapasitet p\u00e5 3000 W er den ideell for rom p\u00e5 opptil 35 m\u00b2.<\/p>\n<h3>Viktige funksjoner<\/h3>\n\n<h3>Effektiv komfort \u00e5ret rundt<\/h3>\n<p><strong>Soverommet:<\/strong> Kj\u00f8ler om sommeren og varmer komfortabelt om vinteren &#8211; alltid riktig temperatur for en god natts s\u00f8vn.<br \/>\n<strong>Barnerom: <\/strong>Skaper et trygt og stabilt innemilj\u00f8 uansett \u00e5rstid.<br \/>\n<strong>I stuen:<\/strong> Gir svalhet p\u00e5 varme sommerdager og varme p\u00e5 kj\u00f8lige kvelder.<br \/>\n<strong>P\u00e5 kontoret:<\/strong> Gj\u00f8r arbeidsmilj\u00f8et komfortabelt og produktivt \u00e5ret rundt.<\/p>\n<h3>Stilleg\u00e5ende og energieffektiv<\/h3>\n<p>Til tross for den kraftige ytelsen har Wood&#8217;s AC Cortina 12K Duo et lavt st\u00f8yniv\u00e5 p\u00e5 bare 53,5 dB og energiklasse A. Den kan ogs\u00e5 fungere i h\u00f8ye temperaturer p\u00e5 opptil 43 \u00b0C, noe som gj\u00f8r den p\u00e5litelig selv i ekstrem sommervarme.<\/p>\n<h3>Smidig og brukervennlig<\/h3>\n<p>AC Cortina 12K Duo leveres med et digitalt ber\u00f8ringspanel, vaskbart filter, fjernkontroll og et komplett vindussett for enkel installasjon. Takket v\u00e6re de smidige hjulene kan du enkelt flytte enheten dit du trenger den. Ved registrering utvides garantien fra 2 til 3 \u00e5r.<\/p>\n<p>Velg Wood&#8217;s AC Cortina 12K Duo for et fleksibelt og komfortabelt inneklima &#8211; \u00e5ret rundt.<\/p>\n<p>&nbsp;<\/p>\n","protected":false},"excerpt":{"rendered":"<p>Wood&#8217;s AC Cortina 12K Duo er et b\u00e6rbart klimaanlegg og varmeapparat i ett &#8211; perfekt for bruk \u00e5ret rundt. Den har en kj\u00f8lekapasitet p\u00e5 12 000 BTU (3,5 kW) og en varmekapasitet p\u00e5 3000 W, noe som gj\u00f8r den ideell for rom p\u00e5 opptil 35 m\u00b2. Med tre viftemoduser, en luftstr\u00f8m p\u00e5 420 m\u00b3\/t og et lavt st\u00f8yniv\u00e5 p\u00e5 bare 53,5 dB f\u00e5r du et behagelig inneklima b\u00e5de hjemme og p\u00e5 kontoret. Enkel \u00e5 styre via digitalt ber\u00f8ringspanel eller fjernkontroll.<\/p>\n","protected":false},"featured_media":45847,"template":"","meta":{"_acf_changed":false},"product_brand":[],"product_cat":[4899,4890,857,4883],"product_tag":[2975,894,3068,3054,3067],"class_list":{"0":"post-47942","1":"product","2":"type-product","3":"status-publish","4":"has-post-thumbnail","6":"product_cat-for-kontorer","7":"product_cat-for-soverom","8":"product_cat-klimaanlegg","9":"product_cat-til-stuer-og-leiligheter","10":"product_tag-35-m-no","11":"product_tag-duo-no","12":"product_tag-portabel-ac-for-kontorer","13":"product_tag-portabel-ac-for-soverom","14":"product_tag-portabel-ac-for-stuer","15":"splide__slide","17":"first","18":"outofstock","19":"taxable","20":"shipping-taxable","21":"product-type-simple"},"acf":[],"_links":{"self":[{"href":"https:\/\/woods.se\/no\/wp-json\/wp\/v2\/product\/47942","targetHints":{"allow":["GET"]}}],"collection":[{"href":"https:\/\/woods.se\/no\/wp-json\/wp\/v2\/product"}],"about":[{"href":"https:\/\/woods.se\/no\/wp-json\/wp\/v2\/types\/product"}],"wp:featuredmedia":[{"embeddable":true,"href":"https:\/\/woods.se\/no\/wp-json\/wp\/v2\/media\/45847"}],"wp:attachment":[{"href":"https:\/\/woods.se\/no\/wp-json\/wp\/v2\/media?parent=47942"}],"wp:term":[{"taxonomy":"product_brand","embeddable":true,"href":"https:\/\/woods.se\/no\/wp-json\/wp\/v2\/product_brand?post=47942"},{"taxonomy":"product_cat","embeddable":true,"href":"https:\/\/woods.se\/no\/wp-json\/wp\/v2\/product_cat?post=47942"},{"taxonomy":"product_tag","embeddable":true,"href":"https:\/\/woods.se\/no\/wp-json\/wp\/v2\/product_tag?post=47942"}],"curies":[{"name":"wp","href":"https:\/\/api.w.org\/{rel}","templated":true}]}}