{"id":47939,"date":"2024-12-12T11:13:13","date_gmt":"2024-12-12T10:13:13","guid":{"rendered":"https:\/\/stage.woods.se\/?post_type=product&#038;p=47939"},"modified":"2026-02-23T16:23:11","modified_gmt":"2026-02-23T15:23:11","slug":"woods-ac-milan-9k-wifi-smart-home-duo","status":"publish","type":"product","link":"https:\/\/woods.se\/no\/produkter\/klimaanlegg\/til-stuer-og-leiligheter\/woods-ac-milan-9k-wifi-smart-home-duo\/","title":{"rendered":"Wood&#8217;s AC Milan 9K WiFi Smart Home Duo"},"content":{"rendered":"<h2>Wood&#8217;s AC Milan 9K WiFi Smart Home Duo<\/h2>\n<h3>Jevn, stilleg\u00e5ende og smartstyrt klimaanlegg med oppvarming<\/h3>\n<p>Wood&#8217;s AC Milan 9K WiFi Smart Home Duo kombinerer kj\u00f8ling, oppvarming og smart styring i et kompakt og diskret format. Med en kj\u00f8lekapasitet p\u00e5 9000 BTU (2,6 kW) og en varmekapasitet p\u00e5 2000 W regulerer den effektivt temperaturen i rom p\u00e5 opptil 26 m\u00b2. Dette gj\u00f8r den perfekt for b\u00e5de hjemmet og mindre kontorer.  <\/p>\n<h3>Viktige funksjoner<\/h3>\n\n<h3>Kj\u00f8ler og varmer opp hjemmet eller kontoret ditt<\/h3>\n<p><strong>Soverom:<\/strong> Det lave st\u00f8yniv\u00e5et gj\u00f8r at du kan sove svalt eller varmt uten \u00e5 bli forstyrret.<br \/>\n<strong>Barnerom:<\/strong> Sikrer en behagelig og trygg temperatur for barn \u00e5ret rundt.<br \/>\n<strong>Stue og oppholdsrom:<\/strong> Skaper et komfortabelt milj\u00f8 for hele familien &#8211; b\u00e5de sommer og vinter.<br \/>\n<strong>Sm\u00e5 kontorer:<\/strong> Bidrar til et produktivt arbeidsmilj\u00f8 gjennom stabile temperaturer uansett \u00e5rstid.<\/p>\n<h3>Smidig og brukervennlig &#8211; med smart kontroll<\/h3>\n<p>Milan 9K WiFi Duo er enkel \u00e5 installere med det medf\u00f8lgende vindussettet, og den er lett \u00e5 flytte takket v\u00e6re hjulene. Du kan styre den via det digitale ber\u00f8ringspanelet, fjernkontrollen eller med Wood&#8217;s Connect-appen, samt med stemmestyring via Google Home og Alexa. Start kj\u00f8ling eller oppvarming i tide, og nyt alltid et behagelig inneklima.  <\/p>\n<h3>Rolig og behagelig<\/h3>\n<p>Med et st\u00f8yniv\u00e5 p\u00e5 bare 52 dB fungerer AC Milan 9K WiFi Smart Home Duo diskret, noe som gj\u00f8r den ideell for soverom, barnerom og arbeidsmilj\u00f8er der stillhet er viktig.<\/p>\n","protected":false},"excerpt":{"rendered":"<p>Wood&#8217;s AC Milan 9K WiFi Smart Home Duo er en praktisk og stilleg\u00e5ende b\u00e6rbar AC med Duo-funksjon som b\u00e5de kj\u00f8ler og varmer. Med en kj\u00f8lekapasitet p\u00e5 9000 BTU (2,6 kW) og en varmekapasitet p\u00e5 2000 W, samt en luftstr\u00f8m p\u00e5 350 m\u00b3\/t, regulerer den raskt temperaturen i rom p\u00e5 opptil 26 m\u00b2. Den er enkel \u00e5 styre via et digitalt ber\u00f8ringspanel, fjernkontroll eller via WiFi med Wood&#8217;s Connect-appen, Google Home eller Alexa. Perfekt for hjemmet og sm\u00e5 kontorer &#8211; \u00e5ret rundt.   <\/p>\n","protected":false},"featured_media":46132,"template":"","meta":{"_acf_changed":false},"product_brand":[],"product_cat":[4890,857,4883],"product_tag":[2970,894,3054,3067,916,921],"class_list":{"0":"post-47939","1":"product","2":"type-product","3":"status-publish","4":"has-post-thumbnail","6":"product_cat-for-soverom","7":"product_cat-klimaanlegg","8":"product_cat-til-stuer-og-leiligheter","9":"product_tag-26-m-no","10":"product_tag-duo-no","11":"product_tag-portabel-ac-for-soverom","12":"product_tag-portabel-ac-for-stuer","13":"product_tag-smart-home-no","14":"product_tag-wifi-no","15":"splide__slide","17":"first","18":"instock","19":"taxable","20":"shipping-taxable","21":"product-type-simple"},"acf":[],"_links":{"self":[{"href":"https:\/\/woods.se\/no\/wp-json\/wp\/v2\/product\/47939","targetHints":{"allow":["GET"]}}],"collection":[{"href":"https:\/\/woods.se\/no\/wp-json\/wp\/v2\/product"}],"about":[{"href":"https:\/\/woods.se\/no\/wp-json\/wp\/v2\/types\/product"}],"wp:featuredmedia":[{"embeddable":true,"href":"https:\/\/woods.se\/no\/wp-json\/wp\/v2\/media\/46132"}],"wp:attachment":[{"href":"https:\/\/woods.se\/no\/wp-json\/wp\/v2\/media?parent=47939"}],"wp:term":[{"taxonomy":"product_brand","embeddable":true,"href":"https:\/\/woods.se\/no\/wp-json\/wp\/v2\/product_brand?post=47939"},{"taxonomy":"product_cat","embeddable":true,"href":"https:\/\/woods.se\/no\/wp-json\/wp\/v2\/product_cat?post=47939"},{"taxonomy":"product_tag","embeddable":true,"href":"https:\/\/woods.se\/no\/wp-json\/wp\/v2\/product_tag?post=47939"}],"curies":[{"name":"wp","href":"https:\/\/api.w.org\/{rel}","templated":true}]}}