{"id":47935,"date":"2024-12-11T10:48:30","date_gmt":"2024-12-11T09:48:30","guid":{"rendered":"https:\/\/stage.woods.se\/?post_type=product&#038;p=47935"},"modified":"2026-02-23T15:41:52","modified_gmt":"2026-02-23T14:41:52","slug":"woods-ac-cortina-12k-smart-home","status":"publish","type":"product","link":"https:\/\/woods.se\/no\/produkter\/klimaanlegg\/til-stuer-og-leiligheter\/woods-ac-cortina-12k-smart-home\/","title":{"rendered":"Wood&#8217;s AC Cortina 12K Smart Home"},"content":{"rendered":"<h2>Wood&#8217;s AC Cortina 12K Smart Home<\/h2>\n<h3>Prisbel\u00f8nt b\u00e6rbar AC med h\u00f8y ytelse og smart kontroll<\/h3>\n<p>Wood&#8217;s AC Cortina 12K Smart Home har gjentatte ganger blitt k\u00e5ret til best i test. Med en kj\u00f8lekapasitet p\u00e5 12 000 BTU (3,5 kW) kj\u00f8ler den raskt og effektivt ned rom p\u00e5 opptil 35 m\u00b2, noe som gj\u00f8r den perfekt for b\u00e5de hjemme- og kontorbruk. <\/p>\n<h3>Viktige funksjoner<\/h3>\n\n<h3>Effektiv kj\u00f8ling hjemme og p\u00e5 kontoret<\/h3>\n<p><strong>Soverom:<\/strong> Stilleg\u00e5ende drift og effektiv kj\u00f8ling s\u00f8rger for en god natts s\u00f8vn, selv p\u00e5 varme netter.<br \/>\n<strong>Barnerom:<\/strong> Skaper en behagelig og stabil temperatur for et tryggere innemilj\u00f8.<br \/>\n<strong>I stuen:<\/strong> Holder hele familien avkj\u00f8lt p\u00e5 varme sommerdager.<br \/>\n<strong>P\u00e5 kontoret:<\/strong> Forbedrer arbeidsmilj\u00f8et og gj\u00f8r det lettere \u00e5 holde fokus selv n\u00e5r temperaturen stiger.<\/p>\n<h3>Stilleg\u00e5ende og energieffektiv<\/h3>\n<p>Med tre viftehastigheter og et lavt st\u00f8yniv\u00e5 p\u00e5 bare 53,5 dB kan du enkelt tilpasse kj\u00f8lingen til dine behov &#8211; fra stilleg\u00e5ende drift p\u00e5 soverommet til h\u00f8yere effekt i de varmeste timene p\u00e5 dagen. Til tross for den sterke ytelsen er AC Cortina 12K Smart Home sv\u00e6rt energieffektiv med energiklasse A, og den fungerer problemfritt selv ved temperaturer p\u00e5 opptil 43 \u00b0C. <\/p>\n<h3>Smidig, smart og brukervennlig<\/h3>\n<p>For ekstra bekvemmelighet er den utstyrt med WiFi\/Smart Home og kan styres via Wood&#8217;s Connect-appen og med Smart Home-l\u00f8sninger som Google Home og Alexa, slik at du kan starte kj\u00f8lingen f\u00f8r du kommer hjem og bli m\u00f8tt av et behagelig inneklima. I tillegg har den et digitalt ber\u00f8ringspanel, et vaskbart filter, fjernkontroll og et komplett vindussett som gj\u00f8r installasjonen enkel og praktisk. Den har ogs\u00e5 hjul som gj\u00f8r det enkelt \u00e5 flytte enheten dit du vil ha den. N\u00e5r du registrerer produktet, f\u00e5r du en utvidet garanti fra 2 til 3 \u00e5r.   <\/p>\n<p>Velg Wood&#8217;s AC Cortina 12K Smart Home n\u00e5r du vil ha et testvinnende, smart og WiFi-styrt b\u00e6rbart klimaanlegg til hjemmet eller arbeidsplassen.<\/p>\n","protected":false},"excerpt":{"rendered":"<p>Wood&#8217;s AC Cortina 12K Smart Home er et testvinnende b\u00e6rbart klimaanlegg som er k\u00e5ret til best i test i mange land. Med en kj\u00f8lekapasitet p\u00e5 12 000 BTU (3,5 kW) kj\u00f8ler den effektivt ned rom p\u00e5 opptil 35 m\u00b2. Den har tre viftemoduser, en luftstr\u00f8m p\u00e5 420 m\u00b3\/t og et lavt st\u00f8yniv\u00e5 p\u00e5 53,5 dB. Den kan enkelt styres via et digitalt ber\u00f8ringspanel, fjernkontroll eller Wood&#8217;s Connect-appen og Smart Home-l\u00f8sninger, slik at du kan komme hjem til et behagelig klima.   <\/p>\n","protected":false},"featured_media":45847,"template":"","meta":{"_acf_changed":false},"product_brand":[],"product_cat":[4899,4890,4883,857],"product_tag":[2975,3027,3068,3054,3067,916,921],"class_list":{"0":"post-47935","1":"product","2":"type-product","3":"status-publish","4":"has-post-thumbnail","6":"product_cat-for-kontorer","7":"product_cat-for-soverom","8":"product_cat-til-stuer-og-leiligheter","9":"product_cat-klimaanlegg","10":"product_tag-35-m-no","11":"product_tag-best-i-test","12":"product_tag-portabel-ac-for-kontorer","13":"product_tag-portabel-ac-for-soverom","14":"product_tag-portabel-ac-for-stuer","15":"product_tag-smart-home-no","16":"product_tag-wifi-no","17":"splide__slide","19":"first","20":"outofstock","21":"taxable","22":"shipping-taxable","23":"product-type-simple"},"acf":[],"_links":{"self":[{"href":"https:\/\/woods.se\/no\/wp-json\/wp\/v2\/product\/47935","targetHints":{"allow":["GET"]}}],"collection":[{"href":"https:\/\/woods.se\/no\/wp-json\/wp\/v2\/product"}],"about":[{"href":"https:\/\/woods.se\/no\/wp-json\/wp\/v2\/types\/product"}],"wp:featuredmedia":[{"embeddable":true,"href":"https:\/\/woods.se\/no\/wp-json\/wp\/v2\/media\/45847"}],"wp:attachment":[{"href":"https:\/\/woods.se\/no\/wp-json\/wp\/v2\/media?parent=47935"}],"wp:term":[{"taxonomy":"product_brand","embeddable":true,"href":"https:\/\/woods.se\/no\/wp-json\/wp\/v2\/product_brand?post=47935"},{"taxonomy":"product_cat","embeddable":true,"href":"https:\/\/woods.se\/no\/wp-json\/wp\/v2\/product_cat?post=47935"},{"taxonomy":"product_tag","embeddable":true,"href":"https:\/\/woods.se\/no\/wp-json\/wp\/v2\/product_tag?post=47935"}],"curies":[{"name":"wp","href":"https:\/\/api.w.org\/{rel}","templated":true}]}}