{"id":47931,"date":"2024-12-11T10:47:59","date_gmt":"2024-12-11T09:47:59","guid":{"rendered":"https:\/\/stage.woods.se\/?post_type=product&#038;p=47931"},"modified":"2025-09-15T11:51:52","modified_gmt":"2025-09-15T09:51:52","slug":"woods-ac-milan-9k-wifi-smart-home","status":"publish","type":"product","link":"https:\/\/woods.se\/no\/produkter\/klimaanlegg\/til-stuer-og-leiligheter\/woods-ac-milan-9k-wifi-smart-home\/","title":{"rendered":"Wood&#8217;s AC Milan 9K WiFi Smart Home"},"content":{"rendered":"<h2>Wood&#8217;s AC Milan 9K WiFi Smart Home<\/h2>\n<h3>Kompakt, stilleg\u00e5ende og smartstyrt AC for hjem og kontor<\/h3>\n<p>Wood&#8217;s AC Milan 9K WiFi Smart Home kombinerer effektiv kj\u00f8ling med kompakt design, lavt st\u00f8yniv\u00e5 og smart styring. Med en kj\u00f8lekapasitet p\u00e5 9000 BTU (2,6 kW) kj\u00f8ler den raskt ned rom p\u00e5 opptil 26 m\u00b2, noe som gj\u00f8r den ideell for hjemmet &#8211; fra soverom og barnerom til stuer &#8211; samt mindre kontorer.<\/p>\n<h3>Viktige funksjoner<\/h3>\n\n<h3>Kj\u00f8ler raskt ned rom p\u00e5 opptil 26 m2<\/h3>\n<p><strong>Soverom: <\/strong>Det lave st\u00f8yniv\u00e5et gj\u00f8r at du kan sove svalt og uforstyrret.<br \/>\n<strong>Barnerom:<\/strong> Gir et tryggere og mer komfortabelt milj\u00f8 for barn med jevn temperatur.<br \/>\n<strong>I stuen:<\/strong> Skaper et kj\u00f8lig og behagelig milj\u00f8 for hele familien p\u00e5 varme dager.<br \/>\n<strong>Lite kontor:<\/strong> Holder arbeidsmilj\u00f8et produktivt og komfortabelt selv om sommeren.<\/p>\n<h3>Smidig og brukervennlig &#8211; med smart kontroll<\/h3>\n<p>Milan 9K WiFi er lett \u00e5 flytte og enkel \u00e5 installere med det medf\u00f8lgende vindussettet. Det intuitive digitale ber\u00f8ringspanelet og fjernkontrollen gj\u00f8r det enkelt \u00e5 styre den p\u00e5 stedet, men takket v\u00e6re WiFi-funksjonen kan du ogs\u00e5 styre enheten via Wood&#8217;s Connect-appen eller gjennom Google Home og Alexa. Start kj\u00f8lingen i tide, og kom alltid hjem til et behagelig inneklima.<\/p>\n<h3>Rolig og behagelig<\/h3>\n<p>Med et st\u00f8yniv\u00e5 p\u00e5 bare 52 dB i maksimal viftemodus fungerer AC Milan 9K WiFi Smart Home diskret. Perfekt for soverom og barnerom der det er behov for kj\u00f8ling uten forstyrrende st\u00f8y.<\/p>\n<h3>H\u00f8yeste karakterer i tester<\/h3>\n<p>Wood&#8217;s AC Milan har f\u00e5tt toppkarakterer i tester takket v\u00e6re kombinasjonen av effektivitet, lavt st\u00f8yniv\u00e5 og smarte funksjoner. Det vaskbare filteret gj\u00f8r den enkel \u00e5 vedlikeholde og holder luften frisk.<\/p>\n","protected":false},"excerpt":{"rendered":"<p>Wood&#8217;s AC Milan 9K WiFi Smart Home er en liten, praktisk og stilleg\u00e5ende b\u00e6rbar AC som har f\u00e5tt toppkarakter i tester. Med 9000 BTU (2,6 kW) kj\u00f8ler den effektivt rom p\u00e5 opptil 26 m\u00b2, noe som er perfekt for soverom, barnerom, stuer eller sm\u00e5 kontorer. Den har WiFi-styring via Wood&#8217;s Connect, Google Home og Alexa &#8211; slik at du enkelt kan fjernstyre den og alltid bli m\u00f8tt av et behagelig klima n\u00e5r du kommer hjem.<\/p>\n","protected":false},"featured_media":46181,"template":"","meta":{"_acf_changed":false},"product_brand":[],"product_cat":[4890,4883,857],"product_tag":[2970,3054,3067,916,921],"class_list":{"0":"post-47931","1":"product","2":"type-product","3":"status-publish","4":"has-post-thumbnail","6":"product_cat-for-soverom","7":"product_cat-til-stuer-og-leiligheter","8":"product_cat-klimaanlegg","9":"product_tag-26-m-no","10":"product_tag-portabel-ac-for-soverom","11":"product_tag-portabel-ac-for-stuer","12":"product_tag-smart-home-no","13":"product_tag-wifi-no","14":"splide__slide","16":"first","17":"instock","18":"taxable","19":"shipping-taxable","20":"product-type-simple"},"acf":[],"_links":{"self":[{"href":"https:\/\/woods.se\/no\/wp-json\/wp\/v2\/product\/47931","targetHints":{"allow":["GET"]}}],"collection":[{"href":"https:\/\/woods.se\/no\/wp-json\/wp\/v2\/product"}],"about":[{"href":"https:\/\/woods.se\/no\/wp-json\/wp\/v2\/types\/product"}],"wp:featuredmedia":[{"embeddable":true,"href":"https:\/\/woods.se\/no\/wp-json\/wp\/v2\/media\/46181"}],"wp:attachment":[{"href":"https:\/\/woods.se\/no\/wp-json\/wp\/v2\/media?parent=47931"}],"wp:term":[{"taxonomy":"product_brand","embeddable":true,"href":"https:\/\/woods.se\/no\/wp-json\/wp\/v2\/product_brand?post=47931"},{"taxonomy":"product_cat","embeddable":true,"href":"https:\/\/woods.se\/no\/wp-json\/wp\/v2\/product_cat?post=47931"},{"taxonomy":"product_tag","embeddable":true,"href":"https:\/\/woods.se\/no\/wp-json\/wp\/v2\/product_tag?post=47931"}],"curies":[{"name":"wp","href":"https:\/\/api.w.org\/{rel}","templated":true}]}}