{"id":47927,"date":"2024-12-10T15:10:15","date_gmt":"2024-12-10T14:10:15","guid":{"rendered":"https:\/\/stage.woods.se\/?post_type=product&#038;p=47927"},"modified":"2026-03-17T11:08:31","modified_gmt":"2026-03-17T10:08:31","slug":"woods-ac-cortina-9k-eco-a","status":"publish","type":"product","link":"https:\/\/woods.se\/no\/produkter\/klimaanlegg\/til-stuer-og-leiligheter\/woods-ac-cortina-9k-eco-a\/","title":{"rendered":"Wood&#8217;s AC Cortina 9K Eco A+"},"content":{"rendered":"<h2>Wood&#8217;s AC Cortina 9K Eco A+<\/h2>\n<h3>Jevn, stilleg\u00e5ende og energieffektiv kj\u00f8ling<\/h3>\n<p>Wood&#8217;s AC Cortina 9K Eco A+ kombinerer h\u00f8y ytelse med lavt energiforbruk. Med en kj\u00f8lekapasitet p\u00e5 9000 BTU (2,6 kW) kj\u00f8ler den raskt ned rom p\u00e5 opptil 26 m\u00b2, og takket v\u00e6re energiklassifiseringen A+ er den sv\u00e6rt energieffektiv. Den fungerer i temperaturer opp til 43 \u00b0C, noe som gj\u00f8r den til en p\u00e5litelig l\u00f8sning selv i ekstrem varme. De tre viftemodusene gj\u00f8r at du enkelt kan justere st\u00f8yniv\u00e5et etter behov.   <\/p>\n<h3>Viktige funksjoner<\/h3>\n\n<h3>Kj\u00f8ler boliger og sm\u00e5 kontorer<\/h3>\n<p><strong>Soverom: <\/strong>Det lave st\u00f8yniv\u00e5et og de mange vifteinnstillingene gj\u00f8r at du kan sove svalt og uforstyrret.<br \/>\n<strong>Barnerom:<\/strong> Gir et stabilt og behagelig inneklima for barn p\u00e5 varme dager.<br \/>\n<strong>I stuen:<\/strong> Skaper et kj\u00f8lig og behagelig milj\u00f8 for hele familien.<br \/>\n<strong>Sm\u00e5 kontorer:<\/strong> Bidrar til et produktivt arbeidsmilj\u00f8 ved \u00e5 opprettholde en jevn temperatur selv n\u00e5r utetemperaturen stiger.<\/p>\n<h3>Smidig og brukervennlig<\/h3>\n<p>AC Cortina 9K Eco A+ er enkel \u00e5 flytte takket v\u00e6re hjulene, og den er enkel \u00e5 installere med det medf\u00f8lgende vindussettet. Det digitale ber\u00f8ringspanelet og fjernkontrollen gj\u00f8r det enkelt \u00e5 justere innstillingene etter behov. <\/p>\n<h3>Energieffektiv kj\u00f8ling<\/h3>\n<p>Med energiklasse A+ f\u00e5r du en b\u00e6rbar AC som ikke bare leverer kraftig kj\u00f8ling, men som ogs\u00e5 holder energiforbruket nede. Dette gj\u00f8r Cortina 9K Eco A+ til et mer milj\u00f8vennlig og \u00f8konomisk valg for b\u00e5de hjem og kontor. <\/p>\n","protected":false},"excerpt":{"rendered":"<p>Wood&#8217;s AC Cortina 9K Eco A+ er en energieffektiv og praktisk b\u00e6rbar AC med en kj\u00f8lekapasitet p\u00e5 9000 BTU (2,6 kW). Den kj\u00f8ler raskt ned rom p\u00e5 opptil 26 m\u00b2 og har tre viftemoduser og en luftstr\u00f8m p\u00e5 380 m\u00b3\/t. Perfekt for soverom, barnerom, stuer eller sm\u00e5 kontorer. Med energiklasse A+ og driftstemperatur p\u00e5 opptil 43 \u00b0C er den p\u00e5litelig selv p\u00e5 \u00e5rets varmeste dager. Enkel \u00e5 bruke med digitalt ber\u00f8ringspanel, fjernkontroll og vindussett.    <\/p>\n","protected":false},"featured_media":45847,"template":"","meta":{"_acf_changed":false},"product_brand":[],"product_cat":[4899,4890,857,4883],"product_tag":[2970,3068,3054,3067],"class_list":{"0":"post-47927","1":"product","2":"type-product","3":"status-publish","4":"has-post-thumbnail","6":"product_cat-for-kontorer","7":"product_cat-for-soverom","8":"product_cat-klimaanlegg","9":"product_cat-til-stuer-og-leiligheter","10":"product_tag-26-m-no","11":"product_tag-portabel-ac-for-kontorer","12":"product_tag-portabel-ac-for-soverom","13":"product_tag-portabel-ac-for-stuer","14":"splide__slide","16":"first","17":"instock","18":"taxable","19":"shipping-taxable","20":"product-type-simple"},"acf":[],"_links":{"self":[{"href":"https:\/\/woods.se\/no\/wp-json\/wp\/v2\/product\/47927","targetHints":{"allow":["GET"]}}],"collection":[{"href":"https:\/\/woods.se\/no\/wp-json\/wp\/v2\/product"}],"about":[{"href":"https:\/\/woods.se\/no\/wp-json\/wp\/v2\/types\/product"}],"wp:featuredmedia":[{"embeddable":true,"href":"https:\/\/woods.se\/no\/wp-json\/wp\/v2\/media\/45847"}],"wp:attachment":[{"href":"https:\/\/woods.se\/no\/wp-json\/wp\/v2\/media?parent=47927"}],"wp:term":[{"taxonomy":"product_brand","embeddable":true,"href":"https:\/\/woods.se\/no\/wp-json\/wp\/v2\/product_brand?post=47927"},{"taxonomy":"product_cat","embeddable":true,"href":"https:\/\/woods.se\/no\/wp-json\/wp\/v2\/product_cat?post=47927"},{"taxonomy":"product_tag","embeddable":true,"href":"https:\/\/woods.se\/no\/wp-json\/wp\/v2\/product_tag?post=47927"}],"curies":[{"name":"wp","href":"https:\/\/api.w.org\/{rel}","templated":true}]}}