{"id":47901,"date":"2024-12-10T15:09:12","date_gmt":"2024-12-10T14:09:12","guid":{"rendered":"https:\/\/stage.woods.se\/?post_type=product&#038;p=47901"},"modified":"2025-09-15T11:54:42","modified_gmt":"2025-09-15T09:54:42","slug":"woods-ac-cortina-12k-wifi-smart-home-a","status":"publish","type":"product","link":"https:\/\/woods.se\/no\/produkter\/klimaanlegg\/til-stuer-og-leiligheter\/woods-ac-cortina-12k-wifi-smart-home-a\/","title":{"rendered":"Wood&#8217;s AC Cortina 12K WiFi\/Smart Home A+"},"content":{"rendered":"<h2>Wood&#8217;s AC Cortina 12K WiFi Smart Home A+<\/h2>\n<h3>Testvinnende, smart og mer energieffektiv<\/h3>\n<p>Wood&#8217;s AC Cortina 12K er verdsatt for sin kombinasjon av kraftig kj\u00f8ling, smarte funksjoner og n\u00e5 enda bedre energieffektivitet med denne A+-versjonen. AC Cortina har gjentatte ganger blitt k\u00e5ret til best i test &#8211; blant annet av tek.no &#8211; og er utviklet for \u00e5 b\u00e5de kj\u00f8le effektivt og spare energi.<\/p>\n<h3>Viktige funksjoner<\/h3>\n\n<h3>Effektiv og mer milj\u00f8vennlig kj\u00f8ling i hjemmet og p\u00e5 kontoret<\/h3>\n<p><strong>Soverom:<\/strong> Hold deg kj\u00f8lig om natten med stilleg\u00e5ende drift og lavt energiforbruk.<br \/>\n<strong>Barnerom:<\/strong> Skap et stabilt og trygt innemilj\u00f8 med redusert milj\u00f8p\u00e5virkning.<br \/>\n<strong>I stuen:<\/strong> Hold hele familien avkj\u00f8lt og komfortabel p\u00e5 varme dager &#8211; med bedre energieffektivitet.<br \/>\n<strong>P\u00e5 kontoret:<\/strong> Forbedre arbeidsmilj\u00f8et og hold fokus selv p\u00e5 varme sommerdager, samtidig som du sparer energi.<\/p>\n<h3>Stilleg\u00e5ende og ekstra energieffektiv<\/h3>\n<p>Wood&#8217;s AC Cortina 12K WiFi Smart Home A+ kombinerer sterk ytelse med forbedret energieffektivitet i energiklasse A+. Dette gj\u00f8r den til et mer milj\u00f8vennlig alternativ, uten at det g\u00e5r p\u00e5 bekostning av kj\u00f8lekapasiteten. Den fungerer ogs\u00e5 problemfritt i temperaturer opp til 43 \u00b0C.<\/p>\n<h3>Smidig, smart og brukervennlig<\/h3>\n<p>Med WiFi- og Smart Home-st\u00f8tte kan enheten styres via Wood&#8217;s Connect-appen og smarthusl\u00f8sninger som Google Home og Alexa. Start kj\u00f8lingen f\u00f8r du kommer hjem, og bli alltid m\u00f8tt av et behagelig inneklima. Den inkluderer ogs\u00e5 et digitalt ber\u00f8ringspanel, fjernkontroll, vaskbart filter og et komplett vindussett for enkel installasjon. Takket v\u00e6re de smidige hjulene kan den enkelt flyttes dit du trenger den. N\u00e5r du registrerer deg, utvides garantien fra 2 til 3 \u00e5r.<\/p>\n<p>Velg Wood&#8217;s AC Cortina 12K WiFi Smart Home A+ &#8211; et testvinnende, smart og mer energieffektivt klimaanlegg til hjemmet eller arbeidsplassen din.<\/p>\n","protected":false},"excerpt":{"rendered":"<p>Wood&#8217;s AC Cortina 12K WiFi Smart Home A+ er et testvinnende og mer energieffektivt b\u00e6rbart klimaanlegg &#8211; perfekt for deg som \u00f8nsker b\u00e5de ytelse og et mer milj\u00f8vennlig alternativ. Med en kj\u00f8lekapasitet p\u00e5 12 000 BTU (3,5 kW) kj\u00f8ler den ned opptil 35 m\u00b2 og har tre viftemoduser, en luftstr\u00f8m p\u00e5 360 m\u00b3\/t og et lavt st\u00f8yniv\u00e5 p\u00e5 53,5 dB. Enkel \u00e5 styre via digitalt ber\u00f8ringspanel, fjernkontroll eller Wood&#8217;s Connect-appen og Smart Home-l\u00f8sninger.<\/p>\n","protected":false},"featured_media":45847,"template":"","meta":{"_acf_changed":false},"product_brand":[],"product_cat":[4899,4890,4883,857],"product_tag":[2975,2999,3068,3054,3067,916,921],"class_list":{"0":"post-47901","1":"product","2":"type-product","3":"status-publish","4":"has-post-thumbnail","6":"product_cat-for-kontorer","7":"product_cat-for-soverom","8":"product_cat-til-stuer-og-leiligheter","9":"product_cat-klimaanlegg","10":"product_tag-35-m-no","11":"product_tag-a-no","12":"product_tag-portabel-ac-for-kontorer","13":"product_tag-portabel-ac-for-soverom","14":"product_tag-portabel-ac-for-stuer","15":"product_tag-smart-home-no","16":"product_tag-wifi-no","17":"splide__slide","19":"first","20":"instock","21":"taxable","22":"shipping-taxable","23":"product-type-simple"},"acf":[],"_links":{"self":[{"href":"https:\/\/woods.se\/no\/wp-json\/wp\/v2\/product\/47901","targetHints":{"allow":["GET"]}}],"collection":[{"href":"https:\/\/woods.se\/no\/wp-json\/wp\/v2\/product"}],"about":[{"href":"https:\/\/woods.se\/no\/wp-json\/wp\/v2\/types\/product"}],"wp:featuredmedia":[{"embeddable":true,"href":"https:\/\/woods.se\/no\/wp-json\/wp\/v2\/media\/45847"}],"wp:attachment":[{"href":"https:\/\/woods.se\/no\/wp-json\/wp\/v2\/media?parent=47901"}],"wp:term":[{"taxonomy":"product_brand","embeddable":true,"href":"https:\/\/woods.se\/no\/wp-json\/wp\/v2\/product_brand?post=47901"},{"taxonomy":"product_cat","embeddable":true,"href":"https:\/\/woods.se\/no\/wp-json\/wp\/v2\/product_cat?post=47901"},{"taxonomy":"product_tag","embeddable":true,"href":"https:\/\/woods.se\/no\/wp-json\/wp\/v2\/product_tag?post=47901"}],"curies":[{"name":"wp","href":"https:\/\/api.w.org\/{rel}","templated":true}]}}