{"id":47900,"date":"2024-12-10T15:07:34","date_gmt":"2024-12-10T14:07:34","guid":{"rendered":"https:\/\/stage.woods.se\/?post_type=product&#038;p=47900"},"modified":"2026-02-23T16:07:14","modified_gmt":"2026-02-23T15:07:14","slug":"woods-ac-palermo-22k","status":"publish","type":"product","link":"https:\/\/woods.se\/no\/produkter\/klimaanlegg\/for-kontorer\/woods-ac-palermo-22k\/","title":{"rendered":"Wood&#8217;s AC Palermo 22K"},"content":{"rendered":"<h2>Wood&#8217;s AC Palermo 22K<\/h2>\n<h3>Maksimal kj\u00f8lekapasitet for store rom<\/h3>\n<p>Wood&#8217;s AC Palermo 22K er det kraftigste b\u00e6rbare klimaanlegget p\u00e5 markedet. Med en imponerende kj\u00f8lekapasitet p\u00e5 22 000 BTU (6,5 kW) senker den raskt temperaturen i rom p\u00e5 opptil 65 m\u00b2. Perfekt for store hjem, \u00e5pne kontorlandskap, kontorer og serverrom der h\u00f8y kj\u00f8lekapasitet og p\u00e5litelig ytelse er avgj\u00f8rende.  <\/p>\n<h3>Viktige funksjoner:<\/h3>\n\n<h3>Rask og effektiv kj\u00f8ling<\/h3>\n<p>Med sin h\u00f8ye kapasitet og kraftige luftstr\u00f8m p\u00e5 950 m\u00b3\/t kj\u00f8ler AC Palermo 22K effektivt selv p\u00e5 de varmeste dagene. Den har tre viftehastigheter og et bredt temperaturomr\u00e5de, noe som gj\u00f8r det enkelt \u00e5 justere kj\u00f8lingen etter dine preferanser. Enten du trenger \u00e5 kj\u00f8le ned et stort rom raskt eller opprettholde en konstant og behagelig temperatur gjennom hele dagen, leverer Palermo 22K p\u00e5 h\u00f8yeste niv\u00e5.  <\/p>\n<h3>Effektiv kj\u00f8ling for store omr\u00e5der og arbeidsmilj\u00f8er<\/h3>\n<p><strong>For kontorer og store arbeidsomr\u00e5der:<\/strong> Den kraftige kj\u00f8lekapasiteten s\u00f8rger for en stabil temperatur i \u00e5pne kontorlandskap, butikker og konferanserom, noe som skaper et komfortabelt og produktivt milj\u00f8.<br \/>\n<strong>Serverrom:<\/strong> Wood&#8217;s AC Palermo 22K s\u00f8rger for riktig temperatur i serverrommet og forhindrer overoppheting som kan skade f\u00f8lsomt utstyr.<br \/>\n<strong>Butikker: <\/strong>Med sin kraftige kj\u00f8ling skaper Wood&#8217;s AC Palermo et behagelig klima i butikken, noe som gj\u00f8r kundene mer forn\u00f8yde og \u00f8ker deres kj\u00f8pslyst.<br \/>\n<strong>Konferanserom:<\/strong> Sikrer det rette klimaet under m\u00f8ter og arrangementer.<\/p>\n<h3>Enkel \u00e5 bruke og flytte<\/h3>\n<p>AC Palermo 22K har et intuitivt digitalt ber\u00f8ringspanel som gj\u00f8r den enkel \u00e5 betjene. Takket v\u00e6re de smidige hjulene kan du enkelt flytte enheten dit du trenger den mest. Det medf\u00f8lgende vindussettet gj\u00f8r installasjonen enkel og krever ingen permanente endringer &#8211; den varme luften ventileres ganske enkelt ut gjennom et vindu.  <\/p>\n<p>Leter du etter en kraftig og effektiv b\u00e6rbar AC for store rom? Wood&#8217;s AC Palermo 22K leverer maksimal kj\u00f8lekapasitet og komfort! <\/p>\n","protected":false},"excerpt":{"rendered":"<p>Opplev maksimal kj\u00f8lekapasitet og komfort med Wood&#8217;s AC Palermo 22K &#8211; et av de kraftigste b\u00e6rbare klimaanleggene p\u00e5 markedet. Med en kj\u00f8lekapasitet p\u00e5 22 000 BTU (6,5 kW) og h\u00f8y luftgjennomstr\u00f8mning kj\u00f8ler den raskt og effektivt ned rom p\u00e5 opptil 65 m\u00b2. Perfekt for \u00e5pne kontorlandskap, butikker, konferanserom og serverrom. Enkel \u00e5 bruke med et digitalt ber\u00f8ringspanel, inkludert vindussett og hjul som gj\u00f8r den enkel \u00e5 flytte til tross for st\u00f8rrelsen.   <\/p>\n","protected":false},"featured_media":46292,"template":"","meta":{"_acf_changed":false},"product_brand":[],"product_cat":[4899,857],"product_tag":[2994,3068],"class_list":{"0":"post-47900","1":"product","2":"type-product","3":"status-publish","4":"has-post-thumbnail","6":"product_cat-for-kontorer","7":"product_cat-klimaanlegg","8":"product_tag-65-m-no","9":"product_tag-portabel-ac-for-kontorer","10":"product_shipping_class-high","11":"splide__slide","13":"first","14":"instock","15":"taxable","16":"shipping-taxable","17":"product-type-simple"},"acf":[],"_links":{"self":[{"href":"https:\/\/woods.se\/no\/wp-json\/wp\/v2\/product\/47900","targetHints":{"allow":["GET"]}}],"collection":[{"href":"https:\/\/woods.se\/no\/wp-json\/wp\/v2\/product"}],"about":[{"href":"https:\/\/woods.se\/no\/wp-json\/wp\/v2\/types\/product"}],"wp:featuredmedia":[{"embeddable":true,"href":"https:\/\/woods.se\/no\/wp-json\/wp\/v2\/media\/46292"}],"wp:attachment":[{"href":"https:\/\/woods.se\/no\/wp-json\/wp\/v2\/media?parent=47900"}],"wp:term":[{"taxonomy":"product_brand","embeddable":true,"href":"https:\/\/woods.se\/no\/wp-json\/wp\/v2\/product_brand?post=47900"},{"taxonomy":"product_cat","embeddable":true,"href":"https:\/\/woods.se\/no\/wp-json\/wp\/v2\/product_cat?post=47900"},{"taxonomy":"product_tag","embeddable":true,"href":"https:\/\/woods.se\/no\/wp-json\/wp\/v2\/product_tag?post=47900"}],"curies":[{"name":"wp","href":"https:\/\/api.w.org\/{rel}","templated":true}]}}