{"id":47896,"date":"2024-12-10T13:40:55","date_gmt":"2024-12-10T12:40:55","guid":{"rendered":"https:\/\/stage.woods.se\/?post_type=product&#038;p=47896"},"modified":"2026-03-06T16:18:57","modified_gmt":"2026-03-06T15:18:57","slug":"woods-ad30","status":"publish","type":"product","link":"https:\/\/woods.se\/no\/produkter\/avfuktere\/oppholdsrom\/woods-ad30\/","title":{"rendered":"Wood&#8217;s AD30"},"content":{"rendered":"<h2>Wood&#8217;s AD30<\/h2>\n<h3>Kombinert avfukter og luftrenser for et friskere inneklima<\/h3>\n<p>Oppdag Woods AD30, den perfekte kombinasjonen av avfukter og luftrenser, spesielt utviklet for leiligheter, soverom og stuer. AD30 hjelper deg med \u00e5 skape et sunt og behagelig inneklima uansett \u00e5rstid, samtidig som den t\u00f8rker alle typer t\u00f8y raskt og sk\u00e5nsomt. Den fjerner effektivt overfl\u00f8dig fuktighet og renser luften for skadelige partikler, noe som bidrar til \u00e5 forhindre mugg, ubehagelig lukt og d\u00e5rlig luftkvalitet.  <\/p>\n<h3>Viktige funksjoner:<\/h3>\n\n<h3>Sunn luft i soverommet<\/h3>\n<p>Wood AD30 er ideell for soverom, der den arbeider stille og effektivt for \u00e5 sikre at du sover i et friskt og rent milj\u00f8. Det lave st\u00f8yniv\u00e5et s\u00f8rger for at nattes\u00f8vnen ikke blir forstyrret, samtidig som enheten kontinuerlig overv\u00e5ker og justerer luftfuktigheten og luftkvaliteten. Med AD30 skaper du optimale forhold for bedre s\u00f8vn og en frisk start p\u00e5 dagen.  <\/p>\n<h3>Balansert og ren luft i stuen din<\/h3>\n<p>AD30 er ogs\u00e5 perfekt for oppholdsrom der du tilbringer mye tid. Ved \u00e5 rense luften og fjerne fuktighet s\u00f8rger AD30 for et balansert innemilj\u00f8 som er fritt for st\u00f8v, allergener og mugg. Det patenterte og svenskproduserte Active ION HEPA-filteret fanger opp opptil 99,98 % av skadelige partikler og forurensende stoffer, noe som forbedrer b\u00e5de luftkvaliteten og velv\u00e6ret ditt.  <\/p>\n<h3>T\u00f8rker effektivt alle typer t\u00f8y<\/h3>\n<p>AD30 er utstyrt med en kraftig toppmontert avtrekksvifte som t\u00f8rker t\u00f8yet raskt. T\u00f8rkingen er energieffektiv og sv\u00e6rt sk\u00e5nsom mot kl\u00e6rne, slik at de holder lenger. Perfekt hvis du t\u00f8rker t\u00f8yet p\u00e5 badet, i stuen eller p\u00e5 soverommet.  <\/p>\n<h3>Fleksibel og enkel \u00e5 bruke<\/h3>\n<p>AD30 er ikke bare en kombinert avfukter og luftrenser &#8211; du kan ogs\u00e5 bruke den som en ren luftrenser n\u00e5r det ikke er behov for avfukting. Den er utstyrt med en luftsensor som automatisk justerer aktiviteten basert p\u00e5 luftfuktigheten og partikkelinnholdet i rommet, noe som gj\u00f8r den b\u00e5de energieffektiv og enkel \u00e5 bruke.<br \/>\nFor ekstra bekvemmelighet er AD30 utstyrt med en stor vanntank og en slangetilkobling for direkte drenering. I tillegg kan enheten starte automatisk etter et str\u00f8mbrudd og g\u00e5 tilbake til de siste innstillingene, noe som sikrer kontinuerlig drift og vedlikeholdsfri bruk.  <\/p>\n<h3>B\u00e6rekraftig ytelse og lang garanti<\/h3>\n<p>Wood&#8217;s AD30 er bygget for \u00e5 vare og forbedre inneklimaet ditt i mange \u00e5r fremover. Ved \u00e5 registrere din AD30 p\u00e5 <a href=\"https:\/\/warranty-woods.com\/\">warranty.woods.com<\/a> og bytte filter hvert \u00e5r, utvider du garantien fra 2 til 6 \u00e5r. Du mottar ogs\u00e5 smarte p\u00e5minnelser om filterbytte, noe som bidrar til \u00e5 forlenge levetiden og opprettholde optimal ytelse.  <\/p>\n<p>Velg Wood&#8217;s AD30 for et renere, sunnere og mer komfortabelt innemilj\u00f8 &#8211; en l\u00f8sning som beskytter hjemmet ditt og helsen din \u00e5ret rundt.<\/p>\n<p><iframe loading=\"lazy\" title=\"Instruction video - Wood&#039;s AD30 (English)\" width=\"500\" height=\"281\" src=\"https:\/\/www.youtube.com\/embed\/dxdw8MvpJHw?feature=oembed\" frameborder=\"0\" allow=\"accelerometer; autoplay; clipboard-write; encrypted-media; gyroscope; picture-in-picture; web-share\" referrerpolicy=\"strict-origin-when-cross-origin\" allowfullscreen><\/iframe><\/p>\n","protected":false},"excerpt":{"rendered":"<p>Wood&#8217;s AD30 er den perfekte kombinasjonen av avfukter og luftrenser, designet for soverom, stuer og hele leiligheter. Med sin h\u00f8ye kapasitet og toppavtrekk t\u00f8rker den alle typer t\u00f8y raskt, effektivt og sk\u00e5nsomt. HEPA-filteret renser luften for 99,98 % av alle skadelige partikler, mens AD30 fjerner all overfl\u00f8dig fuktighet p\u00e5 en sv\u00e6rt stilleg\u00e5ende og effektiv m\u00e5te. AD30 er det perfekte valget for t\u00f8rking av t\u00f8y og for \u00e5 skape et godt inneklima der du tilbringer mye tid.   <\/p>\n","protected":false},"featured_media":43405,"template":"","meta":{"_acf_changed":false},"product_brand":[],"product_cat":[859,4753],"product_tag":[1473,889,898,1490],"class_list":{"0":"post-47896","1":"product","2":"type-product","3":"status-publish","4":"has-post-thumbnail","6":"product_cat-avfuktere","7":"product_cat-oppholdsrom","8":"product_tag-leilighet","9":"product_tag-soverom","10":"product_tag-stue","11":"product_tag-stue-no","12":"product_shipping_class-high","13":"splide__slide","15":"first","16":"instock","17":"taxable","18":"shipping-taxable","19":"purchasable","20":"product-type-simple"},"acf":[],"_links":{"self":[{"href":"https:\/\/woods.se\/no\/wp-json\/wp\/v2\/product\/47896","targetHints":{"allow":["GET"]}}],"collection":[{"href":"https:\/\/woods.se\/no\/wp-json\/wp\/v2\/product"}],"about":[{"href":"https:\/\/woods.se\/no\/wp-json\/wp\/v2\/types\/product"}],"wp:featuredmedia":[{"embeddable":true,"href":"https:\/\/woods.se\/no\/wp-json\/wp\/v2\/media\/43405"}],"wp:attachment":[{"href":"https:\/\/woods.se\/no\/wp-json\/wp\/v2\/media?parent=47896"}],"wp:term":[{"taxonomy":"product_brand","embeddable":true,"href":"https:\/\/woods.se\/no\/wp-json\/wp\/v2\/product_brand?post=47896"},{"taxonomy":"product_cat","embeddable":true,"href":"https:\/\/woods.se\/no\/wp-json\/wp\/v2\/product_cat?post=47896"},{"taxonomy":"product_tag","embeddable":true,"href":"https:\/\/woods.se\/no\/wp-json\/wp\/v2\/product_tag?post=47896"}],"curies":[{"name":"wp","href":"https:\/\/api.w.org\/{rel}","templated":true}]}}