{"id":47893,"date":"2025-04-16T08:45:48","date_gmt":"2025-04-16T06:45:48","guid":{"rendered":"https:\/\/stage.woods.se\/?post_type=product&#038;p=47893"},"modified":"2026-03-27T16:25:12","modified_gmt":"2026-03-27T15:25:12","slug":"woods-sw25fb","status":"publish","type":"product","link":"https:\/\/woods.se\/no\/produkter\/avfuktere\/kjeller\/woods-sw25fb\/","title":{"rendered":"Wood&#8217;s SW25FB"},"content":{"rendered":"<h2>Wood\u00b4s SW25FB (svart)<\/h2>\n<h3>P\u00e5litlig avfuktare f\u00f6r kalla utrymmen<\/h3>\n<p>Fukt, mugg og d\u00e5rlig lukt er vanlig i kjellere og andre kalde rom, noe som kan for\u00e5rsake kostbare skader hvis det ikke gj\u00f8res noe med det i tide. Wood&#8217;s SW25FB er spesielt utviklet for \u00e5 skape et t\u00f8rt og komfortabelt milj\u00f8 i kalde rom, og forhindrer at mugg og lukt f\u00e5r fotfeste. Med h\u00f8y avfuktingskapasitet (13,5 liter) og kraftig luftstr\u00f8m n\u00e5r den ut i alle hj\u00f8rner av rommet, selv i rom med flere deler. Avfukteren eliminerer fuktighet og u\u00f8nsket lukt, noe som gj\u00f8r det mulig \u00e5 oppbevare tekstiler og andre f\u00f8lsomme eiendeler i rommet.   <\/p>\n<h3>Anbefalte bruksomr\u00e5der:<\/h3>\n<p><strong>Kjeller:<\/strong> H\u00f8y luftcirkulasjon og effektiv avfukting holder kjelleren t\u00f8rr og muggfri. Dette gj\u00f8r at du kan bruke kjelleren som et vanlig rom eller til oppbevaring.<br \/>\n<strong>Garasje:<\/strong> Holder fuktighet ute og beskytter kj\u00f8ret\u00f8y, verkt\u00f8y og annet utstyr \u00e5ret rundt.<br \/>\n<strong>Andre kalde rom: <\/strong>P\u00e5litelig fuktkontroll ned til +2 \u00b0C, noe som gj\u00f8r den ideell for loft, lagerrom og vinterlagring av for eksempel puter og tekstiler.<\/p>\n<h3>Viktige funksjoner:<\/h3>\n\n<h3>H\u00f8y kapasitet og luftstr\u00f8m for effektiv sirkulasjon<\/h3>\n<p>SW25FB har de funksjonene som trengs for \u00e5 fjerne fuktighet fra kalde og utsatte rom som kjellere, garasjer og loft. Med en h\u00f8y avfuktingskapasitet p\u00e5 opptil 13,5 liter per dag og en kraftig luftstr\u00f8m p\u00e5 350 m\u00b3\/time s\u00f8rger SW25FB for at hvert hj\u00f8rne av rommet n\u00e5s, selv n\u00e5r det er delt opp i flere rom. <\/p>\n<h3>Enkel bruk og tilpassbar funksjon<\/h3>\n<p>Med to viftemoduser og en romslig vanntank p\u00e5 11,4 liter er SW25FB sv\u00e6rt enkel \u00e5 h\u00e5ndtere. For minimalt vedlikehold er det enkelt \u00e5 koble til en slange som kan f\u00f8res direkte til et gulvsluk. Den smarte designen gj\u00f8r det ogs\u00e5 mulig \u00e5 plassere avfukteren rett over et gulvsluk. Den er ogs\u00e5 utstyrt med autostart, som gj\u00f8r at den automatisk g\u00e5r tilbake til den siste innstillingen etter et str\u00f8mbrudd, slik at du alltid kan v\u00e6re sikker p\u00e5 at den har kontroll p\u00e5 luftfuktigheten s\u00e5 snart str\u00f8mmen kommer tilbake. SW25FB overv\u00e5ker luftfuktigheten i rommet og sl\u00e5r seg automatisk p\u00e5 eller av ved behov.    <\/p>\n<h3>Smart mugg- og st\u00f8vfilter<\/h3>\n<p>SW25FB er utstyrt med Wood&#8217;s SMF-filter som effektivt fanger opp st\u00f8v- og muggpartikler i luften, beskytter avfukteren og forlenger dens levetid. Den holder rommene dine fri for fukt, mugg og lukt hele \u00e5ret, noe som gj\u00f8r den til en trygg og langsiktig l\u00f8sning. <\/p>\n<h3>Effektiv hele \u00e5ret, selv ved lave temperaturer<\/h3>\n<p>Takket v\u00e6re den innovative i-EcoDefrost-teknologien kan SW25FB avfukte selv ved s\u00e5 lave temperaturer som +2 \u00b0C. Den er konstruert for kontinuerlig drift, slik at den kan fungere trygt d\u00f8gnet rundt uten avbrudd. Dette gj\u00f8r den ideell for bruk \u00e5ret rundt, uansett v\u00e6r eller \u00e5rstid. Den holder rommene dine fri for fukt, mugg og ubehagelig lukt hele \u00e5ret, noe som gj\u00f8r den til en trygg og langsiktig l\u00f8sning for hjemmet ditt.   <\/p>\n<h3>Bygget for \u00e5 vare<\/h3>\n<p>SW25FB er produsert i Sverige med et robust hus i rustfritt st\u00e5l, og er bygget for \u00e5 fjerne fuktighet d\u00f8gnet rundt og vare i mange \u00e5r. Den er designet for p\u00e5litelig fuktkontroll i kjellere, garasjer og loft, og bidrar til \u00e5 bevare eiendelene dine og forlenge levetiden til hjemmet ditt. <\/p>\n<h3>Lang garanti og holdbar bruk<\/h3>\n<p>Ved \u00e5 registrere SW25FB p\u00e5 <a href=\"https:\/\/warranty-woods.com\">warranty-woods.com<\/a> og skifte filter hvert \u00e5r, f\u00e5r du en av de lengste garantiene p\u00e5 markedet, hele 6 \u00e5r. Ved \u00e5 registrere deg vil du ogs\u00e5 motta p\u00e5minnelser om filterbytte, noe som ikke bare forlenger avfukterens levetid, men ogs\u00e5 sikrer at den alltid fungerer med maksimal effektivitet. Ikke glem \u00e5 ta vare p\u00e5 kvitteringen n\u00e5r du kj\u00f8per filtre.  <\/p>\n<p>Med Wood&#8217;s SW25FB f\u00e5r du en p\u00e5litelig, holdbar og energieffektiv l\u00f8sning som l\u00f8ser alle dine fuktproblemer i kjellere, garasjer og andre kalde rom.<\/p>\n","protected":false},"excerpt":{"rendered":"<p>Bli kvitt fukt, d\u00e5rlig lukt og mugg med Wood&#8217;s SW25FB avfukter. Den avfukter opptil 13,5 liter vann per dag og skaper raskt et t\u00f8rt og behagelig milj\u00f8, selv ved lavere temperaturer. Den kraftige luftstr\u00f8mmen sirkulerer og avfukter luften selv om rommet er delt opp i flere rom, og med det effektive filteret og slangetilkoblingen minimeres vedlikeholdet. Perfekt for mindre kjellere, garasjer og andre fuktige omr\u00e5der. Produsert i Sverige med opptil 6 \u00e5rs garanti.    <\/p>\n","protected":false},"featured_media":39359,"template":"","meta":{"_acf_changed":false},"product_brand":[],"product_cat":[859,4748],"product_tag":[896,888,887],"class_list":{"0":"post-47893","1":"product","2":"type-product","3":"status-publish","4":"has-post-thumbnail","6":"product_cat-avfuktere","7":"product_cat-kjeller","8":"product_tag-garasje","9":"product_tag-kjeller","10":"product_tag-lofte","11":"splide__slide","13":"first","14":"instock","15":"taxable","16":"shipping-taxable","17":"product-type-simple"},"acf":[],"_links":{"self":[{"href":"https:\/\/woods.se\/no\/wp-json\/wp\/v2\/product\/47893","targetHints":{"allow":["GET"]}}],"collection":[{"href":"https:\/\/woods.se\/no\/wp-json\/wp\/v2\/product"}],"about":[{"href":"https:\/\/woods.se\/no\/wp-json\/wp\/v2\/types\/product"}],"wp:featuredmedia":[{"embeddable":true,"href":"https:\/\/woods.se\/no\/wp-json\/wp\/v2\/media\/39359"}],"wp:attachment":[{"href":"https:\/\/woods.se\/no\/wp-json\/wp\/v2\/media?parent=47893"}],"wp:term":[{"taxonomy":"product_brand","embeddable":true,"href":"https:\/\/woods.se\/no\/wp-json\/wp\/v2\/product_brand?post=47893"},{"taxonomy":"product_cat","embeddable":true,"href":"https:\/\/woods.se\/no\/wp-json\/wp\/v2\/product_cat?post=47893"},{"taxonomy":"product_tag","embeddable":true,"href":"https:\/\/woods.se\/no\/wp-json\/wp\/v2\/product_tag?post=47893"}],"curies":[{"name":"wp","href":"https:\/\/api.w.org\/{rel}","templated":true}]}}