{"id":47892,"date":"2024-12-10T14:06:39","date_gmt":"2024-12-10T13:06:39","guid":{"rendered":"https:\/\/stage.woods.se\/?post_type=product&#038;p=47892"},"modified":"2026-03-05T14:04:53","modified_gmt":"2026-03-05T13:04:53","slug":"woods-sw20fw","status":"publish","type":"product","link":"https:\/\/woods.se\/no\/produkter\/avfuktere\/kjeller\/woods-sw20fw\/","title":{"rendered":"Wood&#8217;s SW20FW"},"content":{"rendered":"<h2>Wood&#8217;s SW20FW (hvit)<\/h2>\n<h3>Kompakt og effektiv avfukter for kalde rom<\/h3>\n<p>Fukt og lukt er vanlig i kjellere og andre uoppvarmede omr\u00e5der, og kan f\u00f8re til mugg og skader hvis det ikke behandles. Wood&#8217;s SW20FW er utviklet for \u00e5 h\u00e5ndtere disse utfordringene effektivt, selv i kaldere omgivelser. Med en avfuktingskapasitet p\u00e5 opptil 12 liter per dag og en luftstr\u00f8m p\u00e5 250 m\u00b3\/t s\u00f8rger SW20FW for grundig luftsirkulasjon i rom p\u00e5 opptil 80 m\u00b2, selv n\u00e5r de er delt inn i flere rom.  <\/p>\n<h3>Anbefalte bruksomr\u00e5der:<\/h3>\n<p><strong>Kjelleren:<\/strong> Holder luften t\u00f8rr og forhindrer muggvekst, perfekt for oppbevaring eller daglig bruk.<br \/>\n<strong>Garasje:<\/strong> Beskytter kj\u00f8ret\u00f8y, verkt\u00f8y og annet utstyr mot fuktighet \u00e5ret rundt.<br \/>\n<strong>Andre kalde rom:<\/strong> P\u00e5litelig drift ned til +2 \u00b0C, noe som gj\u00f8r den ideell for loft, boder og mer.<\/p>\n\n<h3>H\u00f8y kapasitet og luftstr\u00f8m for effektiv sirkulasjon<\/h3>\n<p>Wood&#8217;s SW20FW er en kompakt, men kraftig avfukter som er ideell for kalde og fuktutsatte omr\u00e5der som kjellere, garasjer og lagerrom. Med en avfuktingskapasitet p\u00e5 opptil 12 liter per dag og en luftstr\u00f8m p\u00e5 250 m\u00b3\/t s\u00f8rger den for effektiv fuktfjerning og luftsirkulasjon. Selv i avgrensede eller vanskelig tilgjengelige rom bidrar SW20FW til \u00e5 opprettholde et konstant t\u00f8rt og behagelig innemilj\u00f8.  <\/p>\n<h3>Enkel bruk og tilpassbar funksjon<\/h3>\n<p>SW20FW er designet for brukervennlig drift med bare \u00e9n knapp for \u00e5 stille inn \u00f8nsket luftfuktighet og en romslig vanntank p\u00e5 11,4 liter. For enda mer bekvemmelighet kan en slange kobles til for kontinuerlig drenering, eller enheten kan plasseres direkte over et gulvavl\u00f8p. Den har ogs\u00e5 en automatisk omstartfunksjon som s\u00f8rger for at avfukteren g\u00e5r tilbake til de tidligere innstillingene etter et str\u00f8mbrudd. Enheten overv\u00e5ker kontinuerlig luftfuktigheten i rommet og sl\u00e5r seg automatisk p\u00e5 eller av etter behov.   <\/p>\n<h3>Smart mugg- og st\u00f8vfilter<\/h3>\n<p>SW20FW er utstyrt med Woods patenterte SMF, som fanger opp luftb\u00e5rne partikler som st\u00f8v og muggsporer. Dette forbedrer ikke bare luftkvaliteten, men beskytter ogs\u00e5 avfukterens indre komponenter og forlenger levetiden. Filteret s\u00f8rger for at rommet ditt holder seg friskt, rent og fritt for skadelige allergener eller muggen lukt, noe som gj\u00f8r den til en trygg l\u00f8sning for fuktkontroll \u00e5ret rundt.  <\/p>\n<h3>Effektiv hele \u00e5ret, selv ved lave temperaturer<\/h3>\n<p>Takket v\u00e6re Woods avanserte i-EcoDefrost-teknologi fungerer SW20FW effektivt selv i kaldere omgivelser, ned til +2 \u00b0C. Den er konstruert for kontinuerlig drift, noe som betyr at den fungerer p\u00e5litelig d\u00f8gnet rundt, uansett \u00e5rstid. Enten det gjelder vinterlagring i garasjen eller \u00e5 holde kjelleren t\u00f8rr tidlig p\u00e5 v\u00e5ren, holder SW20FW fuktighet, mugg og lukt p\u00e5 avstand hele \u00e5ret.  <\/p>\n<h3>Bygget for \u00e5 vare<\/h3>\n<p>SW20FW er produsert i Sverige av holdbare materialer av h\u00f8y kvalitet. Det robuste metallkabinettet er konstruert for lang levetid og t\u00e5ler krevende forhold i kaldere og mer utsatte rom. SW20FW gir varig og p\u00e5litelig ytelse, uansett om du skal beskytte opplagrede gjenstander, verkt\u00f8y eller hjemmets struktur.  <\/p>\n<h3>Lang garanti og holdbar bruk<\/h3>\n<p>Ved \u00e5 registrere din SW20FW p\u00e5 <a href=\"https:\/\/warranty-woods.com\">warranty-woods.com<\/a> og bytte ut SMF-filteret en gang i \u00e5ret, f\u00e5r du en markedsledende garanti p\u00e5 opptil 6 \u00e5r. Registreringen sikrer ogs\u00e5 at du f\u00e5r p\u00e5minnelser om filterbytte, noe som hjelper deg med \u00e5 opprettholde topp ytelse og forlenge enhetens levetid. Ikke glem \u00e5 ta vare p\u00e5 filterkvitteringene dine for \u00e5 aktivere den utvidede garantien.  <\/p>\n<p>Med Woods SW20FW f\u00e5r du en kompakt, p\u00e5litelig og energieffektiv l\u00f8sning for \u00e5 bekjempe luftfuktighet i kjellere, garasjer og andre kalde eller fuktige milj\u00f8er. Den er designet og produsert i Sverige og leverer kraftig ytelse p\u00e5 et lite fotavtrykk, perfekt for \u00e5 opprettholde et t\u00f8rt og sunt inneklima \u00e5ret rundt. <\/p>\n","protected":false},"excerpt":{"rendered":"<p>Fjern fukt og lukt med den kompakte og effektive SW20FW. Med en avfuktingskapasitet p\u00e5 opptil 12 liter\/dag og en romslig vanntank p\u00e5 11,4 liter skaper den et t\u00f8rt og sunt milj\u00f8 selv ved lave temperaturer. Ideell for mindre kjellere, garasjer og lageromr\u00e5der. Enkel \u00e5 bruke, krever lite vedlikehold og er produsert i Sverige med en garanti p\u00e5 opptil 6 \u00e5r.   <\/p>\n","protected":false},"featured_media":39274,"template":"","meta":{"_acf_changed":false},"product_brand":[],"product_cat":[859,4748],"product_tag":[896,888,887],"class_list":{"0":"post-47892","1":"product","2":"type-product","3":"status-publish","4":"has-post-thumbnail","6":"product_cat-avfuktere","7":"product_cat-kjeller","8":"product_tag-garasje","9":"product_tag-kjeller","10":"product_tag-lofte","11":"product_shipping_class-high","12":"splide__slide","14":"first","15":"instock","16":"taxable","17":"shipping-taxable","18":"product-type-simple"},"acf":[],"_links":{"self":[{"href":"https:\/\/woods.se\/no\/wp-json\/wp\/v2\/product\/47892","targetHints":{"allow":["GET"]}}],"collection":[{"href":"https:\/\/woods.se\/no\/wp-json\/wp\/v2\/product"}],"about":[{"href":"https:\/\/woods.se\/no\/wp-json\/wp\/v2\/types\/product"}],"wp:featuredmedia":[{"embeddable":true,"href":"https:\/\/woods.se\/no\/wp-json\/wp\/v2\/media\/39274"}],"wp:attachment":[{"href":"https:\/\/woods.se\/no\/wp-json\/wp\/v2\/media?parent=47892"}],"wp:term":[{"taxonomy":"product_brand","embeddable":true,"href":"https:\/\/woods.se\/no\/wp-json\/wp\/v2\/product_brand?post=47892"},{"taxonomy":"product_cat","embeddable":true,"href":"https:\/\/woods.se\/no\/wp-json\/wp\/v2\/product_cat?post=47892"},{"taxonomy":"product_tag","embeddable":true,"href":"https:\/\/woods.se\/no\/wp-json\/wp\/v2\/product_tag?post=47892"}],"curies":[{"name":"wp","href":"https:\/\/api.w.org\/{rel}","templated":true}]}}