{"id":47885,"date":"2024-12-10T13:54:34","date_gmt":"2024-12-10T12:54:34","guid":{"rendered":"https:\/\/stage.woods.se\/?post_type=product&#038;p=47885"},"modified":"2026-03-05T15:01:24","modified_gmt":"2026-03-05T14:01:24","slug":"woods-mrd25gw","status":"publish","type":"product","link":"https:\/\/woods.se\/no\/produkter\/avfuktere\/tork-toy\/woods-mrd25gw\/","title":{"rendered":"Wood&#8217;s MRD25GW"},"content":{"rendered":"<h2>Wood&#8217;s MRD25GW<\/h2>\n<h3>Den optimale l\u00f8sningen for t\u00f8rking av t\u00f8y<\/h3>\n<p>Wood MRD25GW er den perfekte avfukteren for vaskerom og andre oppvarmede, fuktige rom. Med sitt kraftige topputl\u00f8p, spesielle t\u00f8rkemodus og innebygde WiFi kan MRD25GW redusere t\u00f8rketiden betydelig, samtidig som den kan fjernstyres og overv\u00e5kes via mobiltelefonen din. Dette gir deg full kontroll, uansett hvor du befinner deg. Den t\u00f8rker t\u00f8yet ditt sk\u00e5nsomt, slik at kl\u00e6rne beholder kvaliteten lenger. MRD25GW h\u00e5ndterer opptil 25 liter fuktighet per dag, noe som effektivt skaper et friskt og behagelig innemilj\u00f8 uten fukt og risiko for mugg.    <\/p>\n<h3>Viktige funksjoner:<\/h3>\n\n<h3>Brukervennlig og fleksibel<\/h3>\n<p>MRD25GW er designet for \u00e5 v\u00e6re enkel og brukervennlig. Med et oversiktlig ber\u00f8ringspanel og WiFi-tilkobling kan du enkelt stille inn \u00f8nsket luftfuktighetsniv\u00e5, b\u00e5de p\u00e5 stedet og eksternt, og la enheten opprettholde disse niv\u00e5ene. Den har ogs\u00e5 en programmerbar timer som automatisk starter og stopper avfuktingen etter dine behov.  <\/p>\n<h3>Energieffektiv og milj\u00f8vennlig<\/h3>\n<p>Med kj\u00f8lemediet R290 er MRD25GW en milj\u00f8vennlig l\u00f8sning med lavt energiforbruk og optimal ytelse. Den avfukter sv\u00e6rt effektivt i oppvarmede rom og har en automatisk avrimingsfunksjon med en indikator som viser n\u00e5r vanntanken p\u00e5 3,8 liter er full. Dette sikrer at den fungerer effektivt og forhindrer un\u00f8dvendig energiforbruk.  <\/p>\n<h3>Sikker og p\u00e5litelig for vaskerommet<\/h3>\n<p>Wood MRD25GW er en p\u00e5litelig og trygg avfukter. Den automatiske avstengningsfunksjonen aktiveres n\u00e5r vanntanken er full, og et hydrometer s\u00f8rger for at luftfuktigheten holdes p\u00e5 \u00f8nsket niv\u00e5. <\/p>\n<h3>Forleng garantien din<\/h3>\n<p>Ved \u00e5 registrere MRD25GW p\u00e5<a href=\"https:\/\/warranty-woods.com\/\"> warranty-woods.com<\/a> utvider du garantien fra 2 til 3 \u00e5r.<\/p>\n<p>MRD25GW er et trygt valg for hjemmet og spesielt nyttig i vaskerom, der vaskemodus, WiFi-funksjon og effektiv avfukting gj\u00f8r den til en uvurderlig hjelp i hverdagen.<\/p>\n","protected":false},"excerpt":{"rendered":"<p>Wood MRD25GW er en effektiv avfukter som er perfekt for vaskerom og andre oppvarmede, fuktige rom. Med en kapasitet p\u00e5 25 liter per dag, toppavtrekk og vaskemodus t\u00f8rker den t\u00f8yet raskt og holder luften frisk. Den har WiFi for enkel fjernkontroll, er enkel \u00e5 bruke og utstyrt med funksjoner som automatisk avriming og et sikkerhetssystem &#8211; en p\u00e5litelig l\u00f8sning for \u00e5 h\u00e5ndtere fuktighet.  <\/p>\n","protected":false},"featured_media":43650,"template":"","meta":{"_acf_changed":false},"product_brand":[],"product_cat":[859,4752],"product_tag":[876,874,921],"class_list":{"0":"post-47885","1":"product","2":"type-product","3":"status-publish","4":"has-post-thumbnail","6":"product_cat-avfuktere","7":"product_cat-tork-toy","8":"product_tag-tork-toy-i-vaskerommet","9":"product_tag-torr-toyvask","10":"product_tag-wifi-no","11":"product_shipping_class-high","12":"splide__slide","14":"first","15":"outofstock","16":"taxable","17":"shipping-taxable","18":"purchasable","19":"product-type-simple"},"acf":[],"_links":{"self":[{"href":"https:\/\/woods.se\/no\/wp-json\/wp\/v2\/product\/47885","targetHints":{"allow":["GET"]}}],"collection":[{"href":"https:\/\/woods.se\/no\/wp-json\/wp\/v2\/product"}],"about":[{"href":"https:\/\/woods.se\/no\/wp-json\/wp\/v2\/types\/product"}],"wp:featuredmedia":[{"embeddable":true,"href":"https:\/\/woods.se\/no\/wp-json\/wp\/v2\/media\/43650"}],"wp:attachment":[{"href":"https:\/\/woods.se\/no\/wp-json\/wp\/v2\/media?parent=47885"}],"wp:term":[{"taxonomy":"product_brand","embeddable":true,"href":"https:\/\/woods.se\/no\/wp-json\/wp\/v2\/product_brand?post=47885"},{"taxonomy":"product_cat","embeddable":true,"href":"https:\/\/woods.se\/no\/wp-json\/wp\/v2\/product_cat?post=47885"},{"taxonomy":"product_tag","embeddable":true,"href":"https:\/\/woods.se\/no\/wp-json\/wp\/v2\/product_tag?post=47885"}],"curies":[{"name":"wp","href":"https:\/\/api.w.org\/{rel}","templated":true}]}}