{"id":47883,"date":"2024-12-10T13:53:10","date_gmt":"2024-12-10T12:53:10","guid":{"rendered":"https:\/\/stage.woods.se\/?post_type=product&#038;p=47883"},"modified":"2026-03-05T15:04:56","modified_gmt":"2026-03-05T14:04:56","slug":"woods-mrd22g","status":"publish","type":"product","link":"https:\/\/woods.se\/no\/produkter\/avfuktere\/tork-toy\/woods-mrd22g\/","title":{"rendered":"Wood&#8217;s MRD22G"},"content":{"rendered":"<h2>Wood&#8217;s MRD22G<\/h2>\n<h3>Den optimale l\u00f8sningen for t\u00f8rking av t\u00f8y<\/h3>\n<p>Wood MRD22G er den perfekte avfukteren for vaskerom og andre oppvarmede, fuktige rom. Med topputl\u00f8pet og den spesielle t\u00f8rkemodusen kan MRD22G redusere t\u00f8rketiden betydelig og t\u00f8rke t\u00f8yet ditt sk\u00e5nsomt, slik at kl\u00e6rne beholder kvaliteten lenger. MRD22G h\u00e5ndterer opptil 20 liter fuktighet per dag, noe som effektivt skaper et friskt og behagelig innemilj\u00f8 uten fuktighet og risiko for mugg.  <\/p>\n<h3>Viktige funksjoner:<\/h3>\n\n<h3>Brukervennlig og fleksibel<\/h3>\n<p>MRD22G er designet for \u00e5 v\u00e6re enkel og brukervennlig. Med et oversiktlig ber\u00f8ringspanel kan du enkelt stille inn \u00f8nsket luftfuktighetsniv\u00e5 og la enheten opprettholde disse niv\u00e5ene. Enheten har ogs\u00e5 en 24-timers programmerbar timer som automatisk starter og stopper avfuktingen i henhold til dine behov, noe som gj\u00f8r det enkelt \u00e5 tilpasse den til hverdagen.  <\/p>\n<h3>Energieffektiv og milj\u00f8vennlig<\/h3>\n<p>MRD22 er utstyrt med kj\u00f8lemediet R290 og er en milj\u00f8vennlig l\u00f8sning med fokus p\u00e5 lavt energiforbruk og optimal ytelse. Den avfukter i oppvarmede rom og har en automatisk avrimingsfunksjon og en indikator som viser n\u00e5r vanntanken p\u00e5 3,5 liter er full, noe som sikrer at den fungerer effektivt og forhindrer un\u00f8dvendig energiforbruk. <\/p>\n<h3>Sikker og p\u00e5litelig for vaskerommet<\/h3>\n<p>Wood MRD22G er en p\u00e5litelig og sikker avfukter. Den automatiske avstengningsfunksjonen aktiveres n\u00e5r vanntanken er full, og et hydrometer s\u00f8rger for at luftfuktigheten holdes p\u00e5 \u00f8nsket niv\u00e5. MRD22G er et trygt valg for hjemmet og er spesielt nyttig i vaskerom, der vaskemodus og effektiv avfukting gj\u00f8r den til en uvurderlig hjelper i hverdagen.  <\/p>\n<h3>Forleng garantien din<\/h3>\n<p>Ved \u00e5 registrere din MRD22 p\u00e5 <a href=\"https:\/\/warranty-woods.com\/\">warranty-woods.com<\/a>, utvider du garantien fra 2 til 3 \u00e5r.<\/p>\n<p>Med Wood&#8217;s MRD22 f\u00e5r du en b\u00e6rekraftig, effektiv og praktisk m\u00e5te \u00e5 t\u00f8rke t\u00f8yet p\u00e5 og kontrollere luftfuktigheten p\u00e5.<\/p>\n","protected":false},"excerpt":{"rendered":"<p>Wood MRD22G er en effektiv avfukter som er perfekt for vaskerom og andre oppvarmede, fuktige rom. Med en kapasitet p\u00e5 20 liter per dag og et topputl\u00f8p t\u00f8rker den t\u00f8yet raskt og holder b\u00e5de luften og kl\u00e6rne friske. Den er enkel \u00e5 bruke og har mange nyttige og smarte funksjoner som gj\u00f8r at t\u00f8rkeprosessen g\u00e5r raskere. MRD22G er utstyrt med automatisk avriming og sikkerhetsfunksjoner som gj\u00f8r den til en p\u00e5litelig l\u00f8sning for effektiv fuktkontroll.   <\/p>\n","protected":false},"featured_media":43907,"template":"","meta":{"_acf_changed":false},"product_brand":[],"product_cat":[859,4752],"product_tag":[876,874],"class_list":{"0":"post-47883","1":"product","2":"type-product","3":"status-publish","4":"has-post-thumbnail","6":"product_cat-avfuktere","7":"product_cat-tork-toy","8":"product_tag-tork-toy-i-vaskerommet","9":"product_tag-torr-toyvask","10":"splide__slide","12":"first","13":"instock","14":"taxable","15":"shipping-taxable","16":"purchasable","17":"product-type-simple"},"acf":[],"_links":{"self":[{"href":"https:\/\/woods.se\/no\/wp-json\/wp\/v2\/product\/47883","targetHints":{"allow":["GET"]}}],"collection":[{"href":"https:\/\/woods.se\/no\/wp-json\/wp\/v2\/product"}],"about":[{"href":"https:\/\/woods.se\/no\/wp-json\/wp\/v2\/types\/product"}],"wp:featuredmedia":[{"embeddable":true,"href":"https:\/\/woods.se\/no\/wp-json\/wp\/v2\/media\/43907"}],"wp:attachment":[{"href":"https:\/\/woods.se\/no\/wp-json\/wp\/v2\/media?parent=47883"}],"wp:term":[{"taxonomy":"product_brand","embeddable":true,"href":"https:\/\/woods.se\/no\/wp-json\/wp\/v2\/product_brand?post=47883"},{"taxonomy":"product_cat","embeddable":true,"href":"https:\/\/woods.se\/no\/wp-json\/wp\/v2\/product_cat?post=47883"},{"taxonomy":"product_tag","embeddable":true,"href":"https:\/\/woods.se\/no\/wp-json\/wp\/v2\/product_tag?post=47883"}],"curies":[{"name":"wp","href":"https:\/\/api.w.org\/{rel}","templated":true}]}}