{"id":47882,"date":"2024-12-10T13:51:36","date_gmt":"2024-12-10T12:51:36","guid":{"rendered":"https:\/\/stage.woods.se\/?post_type=product&#038;p=47882"},"modified":"2026-03-23T14:16:04","modified_gmt":"2026-03-23T13:16:04","slug":"woods-mrd20g","status":"publish","type":"product","link":"https:\/\/woods.se\/no\/produkter\/avfuktere\/oppholdsrom\/woods-mrd20g\/","title":{"rendered":"Wood&#8217;s MRD20G"},"content":{"rendered":"<h2>Wood&#8217;s MRD20G<\/h2>\n<h3>Optimal avfukting for hjemmet<\/h3>\n<p>Wood&#8217;s MRD20G er en kraftig avfukter som hjelper deg med \u00e5 opprettholde et behagelig luftfuktighetsniv\u00e5 i stuer, soverom og leiligheter. Med toppavtrekk og h\u00f8y kapasitet h\u00e5ndterer den opptil 20 liter fuktighet per dag og skaper et friskt inneklima uten risiko for mugg og ubehagelig lukt. Den t\u00f8rker ogs\u00e5 t\u00f8yet ditt effektivt og sk\u00e5nsomt.  <\/p>\n<h3>Viktige funksjoner:<\/h3>\n\n<h3>Brukervennlig og fleksibel<\/h3>\n<p>MRD20G er enkel \u00e5 bruke med et oversiktlig ber\u00f8ringspanel der du stiller inn \u00f8nsket luftfuktighetsniv\u00e5. Den programmerbare timeren gj\u00f8r det enkelt \u00e5 tilpasse avfuktingen til dine behov. <\/p>\n<h3>Energieffektiv og milj\u00f8vennlig<\/h3>\n<p>Med kj\u00f8lemediet R290 er MRD20G en milj\u00f8vennlig l\u00f8sning med lavt energiforbruk og h\u00f8y ytelse. Automatisk avriming og en indikator for full vanntank s\u00f8rger for at enheten alltid fungerer optimalt. <\/p>\n<h3>Trygt og p\u00e5litelig<\/h3>\n<p>Automatisk avstengning aktiveres n\u00e5r vanntanken er full, og det innebygde hydrometeret s\u00f8rger for at luftfuktigheten holdes p\u00e5 \u00f8nsket niv\u00e5.<\/p>\n<h3>Forleng garantien din<\/h3>\n<p>Registrer din MRD20G p\u00e5 <a href=\"https:\/\/warranty-woods.com\/\">warranty-woods.com<\/a> og utvid garantien fra 2 til 3 \u00e5r.<\/p>\n<p>MRD20 er det perfekte valget for hjemmet ditt og s\u00f8rger effektivt for at hjemmet ditt forblir fritt for fukt, lukt og mugg.<\/p>\n","protected":false},"excerpt":{"rendered":"<p>Wood MRD20G er en effektiv avfukter for stuer, soverom og andre oppvarmede oppholdsrom. Med en kapasitet p\u00e5 20 liter per d\u00f8gn og toppavtrekk skaper den raskt en behagelig og sunn inneluft. Den er enkel \u00e5 bruke, har automatisk avriming og flere smarte funksjoner som gj\u00f8r den til en p\u00e5litelig l\u00f8sning mot fukt.  <\/p>\n","protected":false},"featured_media":43650,"template":"","meta":{"_acf_changed":false},"product_brand":[],"product_cat":[859,4753],"product_tag":[1473,889,898,1490],"class_list":{"0":"post-47882","1":"product","2":"type-product","3":"status-publish","4":"has-post-thumbnail","6":"product_cat-avfuktere","7":"product_cat-oppholdsrom","8":"product_tag-leilighet","9":"product_tag-soverom","10":"product_tag-stue","11":"product_tag-stue-no","12":"splide__slide","14":"first","15":"instock","16":"taxable","17":"shipping-taxable","18":"purchasable","19":"product-type-simple"},"acf":[],"_links":{"self":[{"href":"https:\/\/woods.se\/no\/wp-json\/wp\/v2\/product\/47882","targetHints":{"allow":["GET"]}}],"collection":[{"href":"https:\/\/woods.se\/no\/wp-json\/wp\/v2\/product"}],"about":[{"href":"https:\/\/woods.se\/no\/wp-json\/wp\/v2\/types\/product"}],"wp:featuredmedia":[{"embeddable":true,"href":"https:\/\/woods.se\/no\/wp-json\/wp\/v2\/media\/43650"}],"wp:attachment":[{"href":"https:\/\/woods.se\/no\/wp-json\/wp\/v2\/media?parent=47882"}],"wp:term":[{"taxonomy":"product_brand","embeddable":true,"href":"https:\/\/woods.se\/no\/wp-json\/wp\/v2\/product_brand?post=47882"},{"taxonomy":"product_cat","embeddable":true,"href":"https:\/\/woods.se\/no\/wp-json\/wp\/v2\/product_cat?post=47882"},{"taxonomy":"product_tag","embeddable":true,"href":"https:\/\/woods.se\/no\/wp-json\/wp\/v2\/product_tag?post=47882"}],"curies":[{"name":"wp","href":"https:\/\/api.w.org\/{rel}","templated":true}]}}