{"id":47881,"date":"2024-12-10T13:52:07","date_gmt":"2024-12-10T12:52:07","guid":{"rendered":"https:\/\/stage.woods.se\/?post_type=product&#038;p=47881"},"modified":"2026-04-28T07:44:47","modified_gmt":"2026-04-28T05:44:47","slug":"woods-mrd20gw","status":"publish","type":"product","link":"https:\/\/woods.se\/no\/produkter\/avfuktere\/oppholdsrom\/woods-mrd20gw\/","title":{"rendered":"Wood&#8217;s MRD20GW"},"content":{"rendered":"<h2>Wood&#8217;s MRD20GW<\/h2>\n<h3>Optimal avfukting for hjemmet<\/h3>\n<p>Wood&#8217;s MRD20GW er en kraftig avfukter som hjelper deg med \u00e5 opprettholde et behagelig fuktighetsniv\u00e5 i stuer, soverom og leiligheter. Med topp avtrekk, h\u00f8y kapasitet og innebygd WiFi h\u00e5ndterer den opptil 20 liter fuktighet per dag, og kan styres og overv\u00e5kes direkte fra mobiltelefonen din. Dette gir deg full kontroll og gj\u00f8r det enkelt \u00e5 tilpasse avfuktingen til dine behov, selv n\u00e5r du ikke er hjemme. Den skaper et sunt inneklima uten risiko for mugg og ubehagelig lukt. Den t\u00f8rker ogs\u00e5 t\u00f8yet ditt effektivt og sk\u00e5nsomt.    <\/p>\n<h3>Viktige funksjoner:<\/h3>\n\n<h3>Brukervennlig og fleksibel<\/h3>\n<p>MRD20GW er enkel \u00e5 bruke med et oversiktlig ber\u00f8ringspanel og WiFi-tilkobling som gj\u00f8r at du kan stille inn og justere luftfuktigheten eksternt. Den programmerbare timeren gj\u00f8r det enkelt \u00e5 tilpasse avfuktingen til dine behov. <\/p>\n<h3>Energieffektiv og milj\u00f8vennlig<\/h3>\n<p>Med kj\u00f8lemediet R290 er MRD20GW en milj\u00f8vennlig l\u00f8sning med lavt energiforbruk og h\u00f8y ytelse. Automatisk avriming og en indikator for full vanntank s\u00f8rger for at enheten alltid fungerer optimalt. <\/p>\n<h3>Trygt og p\u00e5litelig<\/h3>\n<p>Automatisk avstengning aktiveres n\u00e5r vanntanken er full, og det innebygde hydrometeret s\u00f8rger for at luftfuktigheten holdes p\u00e5 \u00f8nsket niv\u00e5.<\/p>\n<h3>Forleng garantien din<\/h3>\n<p>Registrer MRD20GW p\u00e5 <a href=\"https:\/\/warranty-woods.com\/\">warranty-woods.<\/a>com og utvid garantien fra 2 til 3 \u00e5r.<\/p>\n<p>MRD20GW er det perfekte valget for hjemmet ditt, og s\u00f8rger effektivt for at hjemmet ditt forblir fritt for fukt, lukt og mugg, med WiFi for ekstra bekvemmelighet og kontroll.<\/p>\n","protected":false},"excerpt":{"rendered":"<p>Wood MRD20GW er en effektiv avfukter for stuer, soverom og andre oppvarmede oppholdsrom. Med en kapasitet p\u00e5 20 liter per d\u00f8gn, toppavtrekk og WiFi skaper den raskt et behagelig og sunt inneklima som du kan fjernstyre. Den er enkel \u00e5 bruke, har automatisk avriming og flere smarte funksjoner som gj\u00f8r den til en p\u00e5litelig l\u00f8sning mot fukt.  <\/p>\n","protected":false},"featured_media":43650,"template":"","meta":{"_acf_changed":false},"product_brand":[],"product_cat":[859,4753],"product_tag":[889,1490,898,921],"class_list":{"0":"post-47881","1":"product","2":"type-product","3":"status-publish","4":"has-post-thumbnail","6":"product_cat-avfuktere","7":"product_cat-oppholdsrom","8":"product_tag-soverom","9":"product_tag-stue-no","10":"product_tag-stue","11":"product_tag-wifi-no","12":"product_shipping_class-high","13":"splide__slide","15":"first","16":"outofstock","17":"taxable","18":"shipping-taxable","19":"purchasable","20":"product-type-simple"},"acf":[],"_links":{"self":[{"href":"https:\/\/woods.se\/no\/wp-json\/wp\/v2\/product\/47881","targetHints":{"allow":["GET"]}}],"collection":[{"href":"https:\/\/woods.se\/no\/wp-json\/wp\/v2\/product"}],"about":[{"href":"https:\/\/woods.se\/no\/wp-json\/wp\/v2\/types\/product"}],"wp:featuredmedia":[{"embeddable":true,"href":"https:\/\/woods.se\/no\/wp-json\/wp\/v2\/media\/43650"}],"wp:attachment":[{"href":"https:\/\/woods.se\/no\/wp-json\/wp\/v2\/media?parent=47881"}],"wp:term":[{"taxonomy":"product_brand","embeddable":true,"href":"https:\/\/woods.se\/no\/wp-json\/wp\/v2\/product_brand?post=47881"},{"taxonomy":"product_cat","embeddable":true,"href":"https:\/\/woods.se\/no\/wp-json\/wp\/v2\/product_cat?post=47881"},{"taxonomy":"product_tag","embeddable":true,"href":"https:\/\/woods.se\/no\/wp-json\/wp\/v2\/product_tag?post=47881"}],"curies":[{"name":"wp","href":"https:\/\/api.w.org\/{rel}","templated":true}]}}