{"id":47880,"date":"2024-12-10T13:50:22","date_gmt":"2024-12-10T12:50:22","guid":{"rendered":"https:\/\/stage.woods.se\/?post_type=product&#038;p=47880"},"modified":"2026-04-24T09:25:02","modified_gmt":"2026-04-24T07:25:02","slug":"woods-mrd12","status":"publish","type":"product","link":"https:\/\/woods.se\/no\/produkter\/avfuktere\/bad\/woods-mrd12\/","title":{"rendered":"Wood&#8217;s MRD12"},"content":{"rendered":"<h2>Wood&#8217;s MRD12<\/h2>\n<h3>Den optimale l\u00f8sningen for bad og andre sm\u00e5 rom<\/h3>\n<p>Wood MRD12 er en kompakt og praktisk avfukter som er perfekt for baderom og mindre oppvarmede rom. Med en kapasitet til \u00e5 fjerne opptil 10 liter vann per dag skaper MRD12 et friskt og sunt inneklima og reduserer risikoen for mugg og ubehagelig lukt. Denne avfukteren er ideell for baderom der fukt fort kan bli et problem, og takket v\u00e6re toppavtrekket kan den ogs\u00e5 brukes til \u00e5 t\u00f8rke h\u00e5ndkl\u00e6r og mindre mengder t\u00f8y.  <\/p>\n<h3>Viktige funksjoner:<\/h3>\n\n<h3>Brukervennlig og fleksibel<\/h3>\n<p>MRD12 er designet for enkel bruk med et digitalt ber\u00f8ringspanel som viser den aktuelle luftfuktigheten, noe som gir deg full kontroll over klimaet i rommet. Med et vaskbart luftfilter og en lett tilgjengelig vanntank med slangetilkobling for kontinuerlig drenering, er vedlikeholdet enkelt og praktisk. De innfelte b\u00e6reh\u00e5ndtakene gj\u00f8r det ogs\u00e5 enkelt \u00e5 flytte MRD12 dit du trenger den mest.  <\/p>\n<h3>Energieffektiv og milj\u00f8vennlig<\/h3>\n<p>Wood MRD12 bruker det milj\u00f8vennlige kj\u00f8lemediet R290, som gir overlegen energieffektivitet og lavere klimap\u00e5virkning sammenlignet med eldre kj\u00f8lemedier. Dette gj\u00f8r MRD12 til et b\u00e6rekraftig valg som hjelper deg med \u00e5 redusere energiforbruket uten at det g\u00e5r p\u00e5 bekostning av ytelsen. <\/p>\n<h3>Sikker og p\u00e5litelig for sm\u00e5 rom<\/h3>\n<p>MRD12 er utstyrt med automatisk avriming og automatisk avstengning ved innstilt fuktighetsniv\u00e5, noe som sikrer trygg drift selv i kj\u00f8ligere omgivelser. MRD12 har et lavt st\u00f8yniv\u00e5, slik at du ikke blir forstyrret n\u00e5r du oppholder deg i rommet. Avfukteren er ogs\u00e5 kompakt og enkel \u00e5 h\u00e5ndtere, noe som gj\u00f8r den til en trygg og p\u00e5litelig l\u00f8sning for mindre fuktige rom \u00e5ret rundt.  <\/p>\n<h3>Forleng garantien din<\/h3>\n<p>Ved \u00e5 registrere MRD12 p\u00e5 <a href=\"https:\/\/warranty-woods.com\/\">warranty-woods.com<\/a> utvider du garantien fra 2 til 3 \u00e5r.<\/p>\n<p><iframe loading=\"lazy\" title=\"Instruction video - Wood&#039;s MRD12 (English)\" width=\"500\" height=\"281\" src=\"https:\/\/www.youtube.com\/embed\/R0yUWce75O8?feature=oembed\" frameborder=\"0\" allow=\"accelerometer; autoplay; clipboard-write; encrypted-media; gyroscope; picture-in-picture; web-share\" referrerpolicy=\"strict-origin-when-cross-origin\" allowfullscreen><\/iframe><\/p>\n","protected":false},"excerpt":{"rendered":"<p>Wood MRD12 er den perfekte avfukteren for baderom og andre sm\u00e5, oppvarmede rom. Den fjerner opptil 10 liter fuktighet per dag og bidrar til et friskt og sunt milj\u00f8 ved \u00e5 opprettholde optimale luftfuktighetsniv\u00e5er. Med sitt intuitive ber\u00f8ringspanel, toppavtrekk og mulighet for kontinuerlig drenering er den b\u00e5de enkel \u00e5 bruke og effektiv. Den kompakte designen og det praktiske b\u00e6reh\u00e5ndtaket gj\u00f8r det enkelt \u00e5 flytte den mellom ulike rom &#8211; en smart og fleksibel l\u00f8sning for \u00e5 forebygge d\u00e5rlig lukt og fukt.   <\/p>\n","protected":false},"featured_media":43837,"template":"","meta":{"_acf_changed":false},"product_brand":[],"product_cat":[859,4749],"product_tag":[1463,1237],"class_list":{"0":"post-47880","1":"product","2":"type-product","3":"status-publish","4":"has-post-thumbnail","6":"product_cat-avfuktere","7":"product_cat-bad","8":"product_tag-baderom","9":"product_tag-mindre-omrader","10":"splide__slide","12":"first","13":"instock","14":"taxable","15":"shipping-taxable","16":"purchasable","17":"product-type-simple"},"acf":[],"_links":{"self":[{"href":"https:\/\/woods.se\/no\/wp-json\/wp\/v2\/product\/47880","targetHints":{"allow":["GET"]}}],"collection":[{"href":"https:\/\/woods.se\/no\/wp-json\/wp\/v2\/product"}],"about":[{"href":"https:\/\/woods.se\/no\/wp-json\/wp\/v2\/types\/product"}],"wp:featuredmedia":[{"embeddable":true,"href":"https:\/\/woods.se\/no\/wp-json\/wp\/v2\/media\/43837"}],"wp:attachment":[{"href":"https:\/\/woods.se\/no\/wp-json\/wp\/v2\/media?parent=47880"}],"wp:term":[{"taxonomy":"product_brand","embeddable":true,"href":"https:\/\/woods.se\/no\/wp-json\/wp\/v2\/product_brand?post=47880"},{"taxonomy":"product_cat","embeddable":true,"href":"https:\/\/woods.se\/no\/wp-json\/wp\/v2\/product_cat?post=47880"},{"taxonomy":"product_tag","embeddable":true,"href":"https:\/\/woods.se\/no\/wp-json\/wp\/v2\/product_tag?post=47880"}],"curies":[{"name":"wp","href":"https:\/\/api.w.org\/{rel}","templated":true}]}}