{"id":47879,"date":"2024-12-10T13:51:10","date_gmt":"2024-12-10T12:51:10","guid":{"rendered":"https:\/\/stage.woods.se\/?post_type=product&#038;p=47879"},"modified":"2026-03-05T15:36:57","modified_gmt":"2026-03-05T14:36:57","slug":"woods-mrd14","status":"publish","type":"product","link":"https:\/\/woods.se\/no\/produkter\/avfuktere\/bad\/woods-mrd14\/","title":{"rendered":"Wood&#8217;s MRD14"},"content":{"rendered":"<h2>Wood&#8217;s MRD14<\/h2>\n<h3>Optimal l\u00f8sning for bad og andre sm\u00e5 rom<\/h3>\n<p>Wood MRD14 er en kompakt avfukter med h\u00f8y ytelse, spesielt utviklet for baderom og sm\u00e5 rom som b\u00e5ter og campingvogner. Med en IPX4-klassifisering har den et h\u00f8yt beskyttelsesniv\u00e5 mot vann, noe som gj\u00f8r den trygg \u00e5 bruke i fuktige milj\u00f8er. MRD14 kan raskt redusere luftfuktigheten og bl\u00e5ser t\u00f8rr luft fra toppen, noe som gj\u00f8r den ideell for rask og sk\u00e5nsom t\u00f8rking av h\u00e5ndkl\u00e6r og mindre mengder t\u00f8y.  <\/p>\n<h3>Viktige funksjoner:<\/h3>\n\n<h3>Brukervennlig og fleksibel<\/h3>\n<p>MRD14 er enkel \u00e5 bruke med et oversiktlig kontrollpanel og fire forh\u00e5ndsinnstilte verdier for enkel justering av luftfuktigheten. Den kompakte designen gj\u00f8r at den passer selv der det er begrenset med plass, og det praktiske b\u00e6reh\u00e5ndtaket gj\u00f8r det enkelt \u00e5 flytte den til ulike omr\u00e5der etter behov. <\/p>\n<h3>Energieffektiv og milj\u00f8vennlig<\/h3>\n<p>MRD14 er utstyrt med det milj\u00f8vennlige og energieffektive kj\u00f8lemediet R290, og leverer utmerket ytelse uten \u00e5 skade milj\u00f8et. Med en kapasitet p\u00e5 12 liter per dag og et maksimalt str\u00f8mforbruk p\u00e5 230 W er den et energieffektivt valg som holder luftkvaliteten optimal. <\/p>\n<h3>Sikker og p\u00e5litelig for sm\u00e5 rom<\/h3>\n<p>MRD14 er konstruert for sikker drift i fuktige milj\u00f8er, med en IPX4-klassifisering som beskytter mot vannsprut, noe som gj\u00f8r den ideell for baderom og andre sm\u00e5 rom som er utsatt for fuktighet. MRD14 gir best effekt i oppvarmede rom og sl\u00e5r seg automatisk av n\u00e5r tanken er full. Med et st\u00f8yniv\u00e5 p\u00e5 under 44 dB kan MRD14 brukes i de mest stilleg\u00e5ende omr\u00e5dene i hjemmet uten \u00e5 for\u00e5rsake forstyrrelser.  <\/p>\n<h3>Forleng garantien din<\/h3>\n<p>Ved \u00e5 registrere din MRD14 p\u00e5 <a href=\"https:\/\/warranty-woods.com\/\">warranty-woods.com<\/a> kan du utvide garantien fra 2 til 3 \u00e5r.<\/p>\n<p>Velg Wood&#8217;s MRD14 for en b\u00e6rekraftig, effektiv og praktisk m\u00e5te \u00e5 kontrollere luftfuktigheten p\u00e5 i sm\u00e5 og fuktige rom!<\/p>\n","protected":false},"excerpt":{"rendered":"<p>Wood MRD14 er en kompakt og effektiv avfukter som er perfekt for baderom og sm\u00e5 rom som campingvogner, b\u00e5ter og fritidsboliger. Den reduserer raskt fuktighetsniv\u00e5et, motvirker ubehagelig lukt og har et topputl\u00f8p for sk\u00e5nsom t\u00f8rking av h\u00e5ndkl\u00e6r og mindre mengder t\u00f8y. MRD14 er IPX4-klassifisert, noe som gj\u00f8r den trygg i fuktige omgivelser og enkel \u00e5 flytte med det praktiske b\u00e6reh\u00e5ndtaket. Denne avfukteren er energieffektiv og milj\u00f8vennlig, og er et p\u00e5litelig valg for \u00e5 forbedre luftkvaliteten i sm\u00e5 rom.   <\/p>\n","protected":false},"featured_media":42897,"template":"","meta":{"_acf_changed":false},"product_brand":[],"product_cat":[859,4749],"product_tag":[1463,1237],"class_list":{"0":"post-47879","1":"product","2":"type-product","3":"status-publish","4":"has-post-thumbnail","6":"product_cat-avfuktere","7":"product_cat-bad","8":"product_tag-baderom","9":"product_tag-mindre-omrader","10":"product_shipping_class-high","11":"splide__slide","13":"first","14":"instock","15":"taxable","16":"shipping-taxable","17":"purchasable","18":"product-type-simple"},"acf":[],"_links":{"self":[{"href":"https:\/\/woods.se\/no\/wp-json\/wp\/v2\/product\/47879","targetHints":{"allow":["GET"]}}],"collection":[{"href":"https:\/\/woods.se\/no\/wp-json\/wp\/v2\/product"}],"about":[{"href":"https:\/\/woods.se\/no\/wp-json\/wp\/v2\/types\/product"}],"wp:featuredmedia":[{"embeddable":true,"href":"https:\/\/woods.se\/no\/wp-json\/wp\/v2\/media\/42897"}],"wp:attachment":[{"href":"https:\/\/woods.se\/no\/wp-json\/wp\/v2\/media?parent=47879"}],"wp:term":[{"taxonomy":"product_brand","embeddable":true,"href":"https:\/\/woods.se\/no\/wp-json\/wp\/v2\/product_brand?post=47879"},{"taxonomy":"product_cat","embeddable":true,"href":"https:\/\/woods.se\/no\/wp-json\/wp\/v2\/product_cat?post=47879"},{"taxonomy":"product_tag","embeddable":true,"href":"https:\/\/woods.se\/no\/wp-json\/wp\/v2\/product_tag?post=47879"}],"curies":[{"name":"wp","href":"https:\/\/api.w.org\/{rel}","templated":true}]}}