{"id":47876,"date":"2024-12-10T15:06:14","date_gmt":"2024-12-10T14:06:14","guid":{"rendered":"https:\/\/stage.woods.se\/?post_type=product&#038;p=47876"},"modified":"2025-09-15T11:48:17","modified_gmt":"2025-09-15T09:48:17","slug":"woods-whu400","status":"publish","type":"product","link":"https:\/\/woods.se\/no\/produkter\/luftfuktere\/for-soverom\/woods-whu400\/","title":{"rendered":"Wood&#8217;s WHU400"},"content":{"rendered":"<h2>Wood&#8217;s WHU400<\/h2>\n<h3>Praktisk og stilleg\u00e5ende ultralyd luftfukter<\/h3>\n<p>Wood&#8217;s WHU400 er en liten, men kraftig luftfukter som bruker ultralydteknologi for \u00e5 spre fuktighet i form av en fin, kj\u00f8lig t\u00e5ke. Den er spesialdesignet for \u00e5 skape et behagelig og sunt innemilj\u00f8 i rom p\u00e5 opptil 40 m\u00b2 &#8211; perfekt for soverom, stuer og barnerom.<\/p>\n<h3>Stilleg\u00e5ende og energieffektiv<\/h3>\n<p>Med et st\u00f8yniv\u00e5 p\u00e5 under 35 dB er WHU400 sv\u00e6rt stilleg\u00e5ende, noe som gj\u00f8r den ideell for bruk om natten. Det lave energiforbruket p\u00e5 maksimalt 30 W gj\u00f8r den ogs\u00e5 sv\u00e6rt kostnadseffektiv i drift.<\/p>\n<h3>Smarte funksjoner<\/h3>\n<p>Luftfukteren har en luftfukterkapasitet p\u00e5 7,2 liter per dag og en gjennomsiktig vanntank p\u00e5 3,5 liter, slik at du enkelt kan se hvor mye vann som er igjen og nyte en lang driftstid. Du kan selv justere luftfuktigheten mellom 45-75 %, slik at du alltid kan opprettholde et behagelig niv\u00e5 i hjemmet ditt. Det innebygde nattlyset med bl\u00e5tt skimmer gir et mykt lys som bidrar til en rolig atmosf\u00e6re i soverom og barnerom.<\/p>\n<h3>Fordeler med riktig luftfuktighet<\/h3>\n<p>Et balansert luftfuktighetsniv\u00e5 reduserer risikoen for t\u00f8rr hud, irriterte luftveier og allergiproblemer. Den beskytter ogs\u00e5 m\u00f8bler, gulv og musikkinstrumenter mot utt\u00f8rking. Med Wood&#8217;s WHU400 f\u00e5r du en smidig, moderne og p\u00e5litelig luftfukter som b\u00e5de forbedrer helsen din og forlenger levetiden til hjemmet og eiendelene dine.<\/p>\n<p>Velg Wood&#8217;s WHU400 &#8211; en kompakt, stilleg\u00e5ende og energieffektiv ultralydluftfukter som passer perfekt til soverom og oppholdsrom.<\/p>\n","protected":false},"excerpt":{"rendered":"<p>Wood&#8217;s WHU400 er en kompakt og energieffektiv ultralydluftfukter som sprer fuktighet som en fin t\u00e5ke og skaper et behagelig innemilj\u00f8 i rom p\u00e5 opptil 40 m\u00b2. Den har en kapasitet p\u00e5 7,2 liter per dag, en vanntank p\u00e5 3,5 liter og er sv\u00e6rt stilleg\u00e5ende med et st\u00f8yniv\u00e5 p\u00e5 under 35 dB. Med justerbar luftfuktighet (45-75 %) og innebygd nattlys med bl\u00e5tt lys er den perfekt for soverom, barnerom og stuer.<\/p>\n","protected":false},"featured_media":46684,"template":"","meta":{"_acf_changed":false},"product_brand":[],"product_cat":[4810,860],"product_tag":[2979,3039],"class_list":{"0":"post-47876","1":"product","2":"type-product","3":"status-publish","4":"has-post-thumbnail","6":"product_cat-for-soverom","7":"product_cat-luftfuktere","8":"product_tag-40-m-no","9":"product_tag-luftfukter-for-sma-soverom","10":"product_shipping_class-high","11":"splide__slide","13":"first","14":"outofstock","15":"taxable","16":"shipping-taxable","17":"purchasable","18":"product-type-simple"},"acf":[],"_links":{"self":[{"href":"https:\/\/woods.se\/no\/wp-json\/wp\/v2\/product\/47876","targetHints":{"allow":["GET"]}}],"collection":[{"href":"https:\/\/woods.se\/no\/wp-json\/wp\/v2\/product"}],"about":[{"href":"https:\/\/woods.se\/no\/wp-json\/wp\/v2\/types\/product"}],"wp:featuredmedia":[{"embeddable":true,"href":"https:\/\/woods.se\/no\/wp-json\/wp\/v2\/media\/46684"}],"wp:attachment":[{"href":"https:\/\/woods.se\/no\/wp-json\/wp\/v2\/media?parent=47876"}],"wp:term":[{"taxonomy":"product_brand","embeddable":true,"href":"https:\/\/woods.se\/no\/wp-json\/wp\/v2\/product_brand?post=47876"},{"taxonomy":"product_cat","embeddable":true,"href":"https:\/\/woods.se\/no\/wp-json\/wp\/v2\/product_cat?post=47876"},{"taxonomy":"product_tag","embeddable":true,"href":"https:\/\/woods.se\/no\/wp-json\/wp\/v2\/product_tag?post=47876"}],"curies":[{"name":"wp","href":"https:\/\/api.w.org\/{rel}","templated":true}]}}