{"id":47868,"date":"2024-12-16T08:35:39","date_gmt":"2024-12-16T07:35:39","guid":{"rendered":"https:\/\/stage.woods.se\/?post_type=product&#038;p=47868"},"modified":"2025-12-12T18:05:34","modified_gmt":"2025-12-12T17:05:34","slug":"woods-airmaster-woz-400","status":"publish","type":"product","link":"https:\/\/woods.se\/no\/produkter\/ozonaggregat\/woods-airmaster-woz-400\/","title":{"rendered":"Wood&#8217;s Airmaster WOZ 400"},"content":{"rendered":"<h2>Wood&#8217;s Airmaster WOZ 400<\/h2>\n<h3>Enkel og kraftig ozongenerator for profesjonelle behov<\/h3>\n<p>Wood&#8217;s Airmaster WOZ 400 er utviklet for \u00e5 levere effektiv luktfjerning p\u00e5 enklest mulig m\u00e5te. Med en fast ozonproduksjon p\u00e5 500 mg\/t og en enkelt av\/p\u00e5-knapp er den sv\u00e6rt enkel \u00e5 bruke, noe som gj\u00f8r den ideell for bruk i for eksempel hoteller og fritidsboliger. Ved behov kan den enkelt kobles til en timer for \u00e5 styre ozonproduksjonen, for eksempel i et avfallsrom. Dette gj\u00f8r den til et praktisk valg for profesjonelle brukere som \u00f8nsker rask og p\u00e5litelig drift uten kompliserte innstillinger.   <\/p>\n<h3>Fleksibel bruk &#8211; ogs\u00e5 for bilrehabilitering<\/h3>\n<p>WOZ 400 kan drives med 12 V (adapter medf\u00f8lger ikke) og kobles direkte til sigarettenneruttaket i en bil. Dette gj\u00f8r den spesielt nyttig ved bilrehabilitering, der den effektivt fjerner vedvarende lukt. I tillegg kan en silikonslange (ekstrautstyr) kobles til for \u00e5 lede ozonet til vanskelig tilgjengelige omr\u00e5der, for eksempel ventilasjon eller fettfeller.  <\/p>\n<h3>Robust og brukervennlig design<\/h3>\n<p>Med sin robuste konstruksjon, lave energiforbruk og praktiske b\u00e6reh\u00e5ndtak er WOZ 400 enkel \u00e5 flytte mellom ulike omr\u00e5der. Den kan ogs\u00e5 monteres p\u00e5 veggen ved hjelp av en praktisk n\u00f8kkelhullsl\u00f8sning for stasjon\u00e6r drift. <\/p>\n<h3>Produsert i Sverige<\/h3>\n<p>WOZ 400 er utviklet og produsert i Sverige med fokus p\u00e5 b\u00e6rekraft og funksjonalitet. Wood&#8217;s er medlem av European Ozone Trade Association (EUOTA) og partner i EUOTAs Ozone Dossier for aktive biocidholdige stoffer &#8211; en garanti for h\u00f8y kvalitet og trygg bruk. <\/p>\n<h4><strong>Ansvarsfraskrivelse:<\/strong><\/h4>\n<p>Ikke for forbrukerbruk. V\u00e5re ozongeneratorer b\u00f8r kun brukes av oppl\u00e6rte fagfolk som har erfaring med h\u00e5ndtering av ozon. Eksponering for ozon utgj\u00f8r en potensiell helsefare for mennesker og dyr, og feil bruk kan skade elektronikk, plast, silikoner, kunstverk og andre materialer. Det er viktig \u00e5 f\u00f8lge profesjonelle retningslinjer og sikkerhetsprotokoller ved bruk av disse enhetene.   <\/p>\n<h4><strong>Retningslinjer for bruk:<\/strong><\/h4>\n<p><strong>Unng\u00e5 oppholdsrom:<\/strong> Ikke bruk ozongeneratorene v\u00e5re i n\u00e6rheten av mennesker eller dyr. Ikke g\u00e5 inn i omr\u00e5der der ozon produseres.<br \/>\n<strong>Test for optimal bruk<\/strong>: Utf\u00f8r innledende tester for \u00e5 finne ut hvilket ozonniv\u00e5 som er n\u00f8dvendig for \u00e5 n\u00f8ytralisere lukt. Bruk kun den mengden ozon som er n\u00f8dvendig for \u00e5 fjerne lukt, og unng\u00e5 for mye.<br \/>\n<strong>Bruk av tidtaker:<\/strong> Bruk alltid et tidsur n\u00e5r du bruker ozonapparatet. Hvis ozonapparatet ikke har en innebygd timer, m\u00e5 du koble det til en ekstern avstengningstimer for \u00e5 hindre at ozonet eksponeres f\u00f8r det forsvinner.<br \/>\n<strong>Advarselsskilt:<\/strong> N\u00e5r du bruker en ozongenerator i et omr\u00e5de der det oppholder seg mennesker, f.eks. et s\u00f8ppel- eller resirkuleringsrom, m\u00e5 du sette opp tydelige advarselsskilt utenfor omr\u00e5det for \u00e5 gj\u00f8re folk oppmerksomme p\u00e5 at det er ozon i n\u00e6rheten under drift.<br \/>\n<strong>Forholdsregler ved gjeninntreden:<\/strong> Vent til ozonniv\u00e5ene har sunket til de er i samsvar med aksepterte lovlige verdier f\u00f8r du g\u00e5r inn i rommet. Hvis niv\u00e5ene overskrider disse standardene, m\u00e5 du avst\u00e5 fra \u00e5 g\u00e5 inn i rommet til ozonet har forsvunnet. <\/p>\n","protected":false},"excerpt":{"rendered":"<p>Wood&#8217;s Airmaster WOZ 400 er en svenskprodusert ozongenerator som produserer 500 mg\/t. Den har en enkel av\/p\u00e5-knapp, noe som gj\u00f8r den sv\u00e6rt enkel \u00e5 bruke. Takket v\u00e6re muligheten til \u00e5 kj\u00f8re p\u00e5 12 V (adapter medf\u00f8lger ikke), kan den kobles direkte til sigarettenneruttaket &#8211; perfekt for bilrehabilitering. Med en slangetilkobling kan ozonet ledes dit det trengs mest, for eksempel i ventilasjon eller fettavskillere. Robust, energieffektiv og enkel \u00e5 h\u00e5ndtere.    <\/p>\n","protected":false},"featured_media":46893,"template":"","meta":{"_acf_changed":false},"product_brand":[],"product_cat":[861,862],"product_tag":[4624,4622,3142,4623,4625],"class_list":{"0":"post-47868","1":"product","2":"type-product","3":"status-publish","4":"has-post-thumbnail","6":"product_cat-ozonaggregat","7":"product_cat-professional-no","8":"product_tag-avfallsrom","9":"product_tag-hotell","10":"product_tag-ozongeneratorer","11":"product_tag-rekondisjonering-av-biler","12":"product_tag-ventilasjon","13":"product_shipping_class-high","14":"splide__slide","16":"first","17":"instock","18":"taxable","19":"shipping-taxable","20":"product-type-simple"},"acf":[],"_links":{"self":[{"href":"https:\/\/woods.se\/no\/wp-json\/wp\/v2\/product\/47868","targetHints":{"allow":["GET"]}}],"collection":[{"href":"https:\/\/woods.se\/no\/wp-json\/wp\/v2\/product"}],"about":[{"href":"https:\/\/woods.se\/no\/wp-json\/wp\/v2\/types\/product"}],"wp:featuredmedia":[{"embeddable":true,"href":"https:\/\/woods.se\/no\/wp-json\/wp\/v2\/media\/46893"}],"wp:attachment":[{"href":"https:\/\/woods.se\/no\/wp-json\/wp\/v2\/media?parent=47868"}],"wp:term":[{"taxonomy":"product_brand","embeddable":true,"href":"https:\/\/woods.se\/no\/wp-json\/wp\/v2\/product_brand?post=47868"},{"taxonomy":"product_cat","embeddable":true,"href":"https:\/\/woods.se\/no\/wp-json\/wp\/v2\/product_cat?post=47868"},{"taxonomy":"product_tag","embeddable":true,"href":"https:\/\/woods.se\/no\/wp-json\/wp\/v2\/product_tag?post=47868"}],"curies":[{"name":"wp","href":"https:\/\/api.w.org\/{rel}","templated":true}]}}