{"id":46256,"date":"2024-12-12T11:37:31","date_gmt":"2024-12-12T10:37:31","guid":{"rendered":"https:\/\/stage.woods.se\/?post_type=product&#038;p=46256"},"modified":"2026-03-04T12:16:23","modified_gmt":"2026-03-04T11:16:23","slug":"woods-active-ion-hepa-filter-150-serie","status":"publish","type":"product","link":"https:\/\/woods.se\/no\/produkter\/tilbehor\/woods-active-ion-hepa-filter-150-serie\/","title":{"rendered":"Wood&#8217;s Active ION HEPA-filter 150-serie"},"content":{"rendered":"<h2>Wood&#8217;s Active ION HEPA-filter<\/h2>\n<h3>Effektiv luftrensing for 150-serien<\/h3>\n<p>Wood&#8217;s Active ION HEPA-filter er n\u00f8kkelen til den h\u00f8ye rensekapasiteten til luftrenserne i 150-serien. Filteret er produsert i Sverige av et spesielt syntetisk materiale der fibrene er svakt elektrisk ladet. Dette gj\u00f8r at filteret fanger opp selv ultrafine partikler sv\u00e6rt effektivt.  <\/p>\n<h3>Effektiv luftrensing<\/h3>\n<p>Active ION HEPA-filteret fjerner 99,98 % av alle luftb\u00e5rne partikler i innemilj\u00f8et ditt. Det fanger opp pollen, st\u00f8v, muggsporer, bakterier og til og med radioaktive radond\u00f8tre. Resultatet er sunnere og renere luft &#8211; perfekt for allergikere og alle som \u00f8nsker \u00e5 forbedre inneklimaet sitt.  <\/p>\n<h3>Filtrerer ultrafine partikler<\/h3>\n<p>Filteret kan fange opp partikler ned til en st\u00f8rrelse p\u00e5 0,0003 mm, noe som er 50 ganger mindre enn en bakterie. Dette gj\u00f8r det til et av de mest avanserte filtrene for hjemmebruk. <\/p>\n<h3>Ren luft med lavt energiforbruk<\/h3>\n<p>I kombinasjon med luftrenserne i 150-serien skaper filteret et sunt inneklima, samtidig som det er b\u00e5de energieffektivt og stilleg\u00e5ende. Perfekt for stuer, soverom eller kontorer. <\/p>\n<h3>Kompatibilitet<\/h3>\n<p>Wood&#8217;s Active ION HEPA-filter er spesialutviklet for luftrensere i Wood&#8217;s 150-serien (TALL 155, ELFI 150).<\/p>\n","protected":false},"excerpt":{"rendered":"<p>Woods svenskproduserte Active ION HEPA-filter er et h\u00f8yytelsesfilter som passer til luftrensere i 150-serien. Det fanger opp 99,98 % av skadelige partikler, inkludert pollen, st\u00f8v, muggsporer, bakterier og radond\u00f8tre. Filteret er laget av et syntetisk materiale der fibrene er svakt elektrisk ladet, noe som gj\u00f8r at selv de minste partiklene fanges opp. Resultatet er umiddelbart renere og sunnere inneluft &#8211; energieffektivt og stilleg\u00e5ende.   <\/p>\n","protected":false},"featured_media":45231,"template":"","meta":{"_acf_changed":false},"product_brand":[],"product_cat":[858,856,4798],"product_tag":[895,2644],"class_list":{"0":"post-46256","1":"product","2":"type-product","3":"status-publish","4":"has-post-thumbnail","6":"product_cat-luftrensere-no","7":"product_cat-tilbehor","8":"product_cat-tilbehor-luftrenser","9":"product_tag-filter-no","10":"product_tag-hepa-filter-no","11":"product_shipping_class-low","12":"splide__slide","14":"first","15":"outofstock","16":"taxable","17":"shipping-taxable","18":"purchasable","19":"product-type-simple"},"acf":[],"_links":{"self":[{"href":"https:\/\/woods.se\/no\/wp-json\/wp\/v2\/product\/46256","targetHints":{"allow":["GET"]}}],"collection":[{"href":"https:\/\/woods.se\/no\/wp-json\/wp\/v2\/product"}],"about":[{"href":"https:\/\/woods.se\/no\/wp-json\/wp\/v2\/types\/product"}],"wp:featuredmedia":[{"embeddable":true,"href":"https:\/\/woods.se\/no\/wp-json\/wp\/v2\/media\/45231"}],"wp:attachment":[{"href":"https:\/\/woods.se\/no\/wp-json\/wp\/v2\/media?parent=46256"}],"wp:term":[{"taxonomy":"product_brand","embeddable":true,"href":"https:\/\/woods.se\/no\/wp-json\/wp\/v2\/product_brand?post=46256"},{"taxonomy":"product_cat","embeddable":true,"href":"https:\/\/woods.se\/no\/wp-json\/wp\/v2\/product_cat?post=46256"},{"taxonomy":"product_tag","embeddable":true,"href":"https:\/\/woods.se\/no\/wp-json\/wp\/v2\/product_tag?post=46256"}],"curies":[{"name":"wp","href":"https:\/\/api.w.org\/{rel}","templated":true}]}}