{"id":46254,"date":"2024-12-12T11:36:40","date_gmt":"2024-12-12T10:36:40","guid":{"rendered":"https:\/\/stage.woods.se\/?post_type=product&#038;p=46254"},"modified":"2025-10-15T11:57:02","modified_gmt":"2025-10-15T09:57:02","slug":"woods-plisserte-kullfilter-900-serien","status":"publish","type":"product","link":"https:\/\/woods.se\/no\/produkter\/luftrensere-no\/woods-plisserte-kullfilter-900-serien\/","title":{"rendered":"Wood&#8217;s plisserte kullfilter 900-serien"},"content":{"rendered":"<h2>Wood&#8217;s plisserte kullfilter<\/h2>\n<h3>To kullfiltre for luftrensere i 900-serien<\/h3>\n<p>Wood&#8217;s plisserte kullfilter for 900-serien er et kraftig tillegg som gj\u00f8r luftrenseren din enda mer effektiv. Pakken inneholder to filtre, hvert med 100 g aktivt karbon, som er spesielt utviklet for \u00e5 fange opp gasser, kjemiske forurensninger og ubehagelig lukt. Takket v\u00e6re den plisserte utformingen minimeres trykkfallet, slik at luftrenseren kan opprettholde den sterke luftstr\u00f8mmen samtidig som luften renses grundig.<\/p>\n<h3>Effektiv mot lukt og gasser<\/h3>\n<p>De doble karbonfiltrene absorberer gasser og n\u00f8ytraliserer u\u00f8nsket lukt fra for eksempel matlaging, r\u00f8yk, avl\u00f8p eller kjemikalier. Resultatet er umiddelbart friskere og renere luft i store rom.<\/p>\n<h3>Smart plissert design<\/h3>\n<p>Den plisserte konstruksjonen gir filtrene et stort aktivt overflateareal, noe som sikrer effektiv filtrering med minimalt trykkfall. Dette betyr at luftrenseren fungerer optimalt selv n\u00e5r kullfilteret er installert.<\/p>\n<h3>Plasseres foran HEPA-filteret<\/h3>\n<p>Kullfilteret er et tilleggsprodukt som plasseres foran Active ION HEPA-filteret i luftrenseren. Sammen fanger filtrene opp b\u00e5de partikler (st\u00f8v, pollen, muggsporer) og det som ikke er synlig &#8211; gasser og lukt.<\/p>\n<h3>Enkel utskifting og vedlikehold<\/h3>\n<p>For best resultat anbefaler vi at du bytter ut kullfilteret hver tredje m\u00e5ned, eller oftere hvis kapasiteten synker, avhengig av innemilj\u00f8et.<\/p>\n<h3>Kompatibilitet<\/h3>\n<p>Wood&#8217;s plisserte kullfilter er utviklet for luftrensere i 900-serien (GRAN 900).<\/p>\n","protected":false},"excerpt":{"rendered":"<p>Wood&#8217;s plisserte kullfilter for 900-serien best\u00e5r av to filtre som hver inneholder 100 g aktivt kull. Takket v\u00e6re den plisserte utformingen for\u00e5rsaker de minimalt trykkfall, samtidig som de effektivt fjerner gasser, kjemiske forurensninger og ubehagelig lukt. Filtrene plasseres foran Active ION HEPA-filteret i luftrensere som GRAN 900, og b\u00f8r skiftes ut regelmessig, vanligvis hver tredje m\u00e5ned. Et perfekt supplement for et sunnere inneklima.<\/p>\n","protected":false},"featured_media":45344,"template":"","meta":{"_acf_changed":false},"product_brand":[],"product_cat":[858,856,4798],"product_tag":[895,2641],"class_list":{"0":"post-46254","1":"product","2":"type-product","3":"status-publish","4":"has-post-thumbnail","6":"product_cat-luftrensere-no","7":"product_cat-tilbehor","8":"product_cat-tilbehor-luftrenser","9":"product_tag-filter-no","10":"product_tag-kullfilter","11":"product_shipping_class-low","12":"splide__slide","14":"first","15":"instock","16":"taxable","17":"shipping-taxable","18":"purchasable","19":"product-type-simple"},"acf":[],"_links":{"self":[{"href":"https:\/\/woods.se\/no\/wp-json\/wp\/v2\/product\/46254","targetHints":{"allow":["GET"]}}],"collection":[{"href":"https:\/\/woods.se\/no\/wp-json\/wp\/v2\/product"}],"about":[{"href":"https:\/\/woods.se\/no\/wp-json\/wp\/v2\/types\/product"}],"wp:featuredmedia":[{"embeddable":true,"href":"https:\/\/woods.se\/no\/wp-json\/wp\/v2\/media\/45344"}],"wp:attachment":[{"href":"https:\/\/woods.se\/no\/wp-json\/wp\/v2\/media?parent=46254"}],"wp:term":[{"taxonomy":"product_brand","embeddable":true,"href":"https:\/\/woods.se\/no\/wp-json\/wp\/v2\/product_brand?post=46254"},{"taxonomy":"product_cat","embeddable":true,"href":"https:\/\/woods.se\/no\/wp-json\/wp\/v2\/product_cat?post=46254"},{"taxonomy":"product_tag","embeddable":true,"href":"https:\/\/woods.se\/no\/wp-json\/wp\/v2\/product_tag?post=46254"}],"curies":[{"name":"wp","href":"https:\/\/api.w.org\/{rel}","templated":true}]}}