{"id":46252,"date":"2024-12-12T11:34:51","date_gmt":"2024-12-12T10:34:51","guid":{"rendered":"https:\/\/stage.woods.se\/?post_type=product&#038;p=46252"},"modified":"2026-03-05T11:51:20","modified_gmt":"2026-03-05T10:51:20","slug":"woods-smf-filter-ds40fs","status":"publish","type":"product","link":"https:\/\/woods.se\/no\/produkter\/avfuktere\/woods-smf-filter-ds40fs\/","title":{"rendered":"Wood&#8217;s SMF-filter DS40FS"},"content":{"rendered":"<h2>Wood&#8217;s SMF-filter for DS40FS<\/h2>\n<h3>Effektiv beskyttelse mot fukt, mugg og st\u00f8v<\/h3>\n<p>N\u00e5r fuktige rom t\u00f8rkes ut, frigj\u00f8res det ofte st\u00f8v, muggsporer og andre skadelige partikler i luften. Woods svenskproduserte SMF-filter er et unikt anti-muggfilter som renser luften og gj\u00f8r inneklimaet ditt enda sunnere. Samtidig beskytter filteret avfukteren mot st\u00f8v og smuss &#8211; slik at avfukteren yter sitt beste dag etter dag, \u00e5r etter \u00e5r.  <\/p>\n<h3>Renere luft i hjemmet ditt<\/h3>\n<p>Filteret fanger effektivt opp pollen, muggsporer, st\u00f8v og andre partikler som ellers ville blitt spredt i luften n\u00e5r fuktigheten t\u00f8rkes ut. Resultatet er et bedre og sunnere inneklima. <\/p>\n<h3>Beskytter avfukteren din<\/h3>\n<p>Ved \u00e5 stoppe st\u00f8v og smuss forlenger SMF-filteret avfukterens levetid og sikrer p\u00e5litelig drift \u00e5r etter \u00e5r.<\/p>\n<h3>Ikke st\u00f8vsug filteret<\/h3>\n<p>For \u00e5 opprettholde filterets fulle funksjonalitet b\u00f8r det ikke st\u00f8vsuges eller ristes. St\u00f8vsuging eller rengj\u00f8ring frigj\u00f8r t\u00f8rre, skadelige partikler i luften, noe som gj\u00f8r det lettere \u00e5 puste dem inn og potensielt helseskadelig. <\/p>\n<h3>Kompatibilitet<\/h3>\n<p>Dette filteret er kun egnet for Wood&#8217;s DS40FS.<br \/>\n<strong>Vennligst merk! Passer ikke til andre avfuktere i Wood&#8217;s SW-, LD-, DS-, DK-, ED- og TDR-seriene eller til DSC50FM. <\/strong><\/p>\n<h3>Enkel utskifting av filter<\/h3>\n<p>SMF-filteret er enkelt \u00e5 installere og skifte ut. For best mulig resultat anbefaler vi at filteret skiftes ut minst \u00e9n gang i \u00e5ret. <\/p>\n","protected":false},"excerpt":{"rendered":"<p>Woods svenskproduserte SMF-filter for DS40FS er et unikt anti-muggfilter som ikke bare reduserer luftfuktigheten sammen med avfukteren, men som ogs\u00e5 renser luften for skadelige partikler. Filteret fanger opp pollen, muggsporer, st\u00f8v og andre luftb\u00e5rne forurensninger, samtidig som det beskytter avfukteren mot smuss og slitasje. Ved \u00e5 bytte filteret minst \u00e9n gang i \u00e5ret forlenger du avfukterens levetid.  <\/p>\n","protected":false},"featured_media":45016,"template":"","meta":{"_acf_changed":false},"product_brand":[],"product_cat":[859,4766,856],"product_tag":[895],"class_list":{"0":"post-46252","1":"product","2":"type-product","3":"status-publish","4":"has-post-thumbnail","6":"product_cat-avfuktere","7":"product_cat-tilbehoer-avfuktere","8":"product_cat-tilbehor","9":"product_tag-filter-no","10":"splide__slide","12":"first","13":"instock","14":"taxable","15":"shipping-taxable","16":"purchasable","17":"product-type-simple"},"acf":[],"_links":{"self":[{"href":"https:\/\/woods.se\/no\/wp-json\/wp\/v2\/product\/46252","targetHints":{"allow":["GET"]}}],"collection":[{"href":"https:\/\/woods.se\/no\/wp-json\/wp\/v2\/product"}],"about":[{"href":"https:\/\/woods.se\/no\/wp-json\/wp\/v2\/types\/product"}],"wp:featuredmedia":[{"embeddable":true,"href":"https:\/\/woods.se\/no\/wp-json\/wp\/v2\/media\/45016"}],"wp:attachment":[{"href":"https:\/\/woods.se\/no\/wp-json\/wp\/v2\/media?parent=46252"}],"wp:term":[{"taxonomy":"product_brand","embeddable":true,"href":"https:\/\/woods.se\/no\/wp-json\/wp\/v2\/product_brand?post=46252"},{"taxonomy":"product_cat","embeddable":true,"href":"https:\/\/woods.se\/no\/wp-json\/wp\/v2\/product_cat?post=46252"},{"taxonomy":"product_tag","embeddable":true,"href":"https:\/\/woods.se\/no\/wp-json\/wp\/v2\/product_tag?post=46252"}],"curies":[{"name":"wp","href":"https:\/\/api.w.org\/{rel}","templated":true}]}}