{"id":46251,"date":"2024-12-12T11:33:31","date_gmt":"2024-12-12T10:33:31","guid":{"rendered":"https:\/\/stage.woods.se\/?post_type=product&#038;p=46251"},"modified":"2026-03-05T11:53:28","modified_gmt":"2026-03-05T10:53:28","slug":"woods-active-ion-hepa-filter-for-ad20-ad30","status":"publish","type":"product","link":"https:\/\/woods.se\/no\/produkter\/avfuktere\/woods-active-ion-hepa-filter-for-ad20-ad30\/","title":{"rendered":"Wood&#8217;s Active ION HEPA-filter for AD20\/AD30"},"content":{"rendered":"<h2>Wood&#8217;s Active ION HEPA-filter<\/h2>\n<h3>Ren og t\u00f8rr luft i ett trinn<\/h3>\n<p>Woods svenskproduserte Active ION HEPA-filter er n\u00f8kkelen til den h\u00f8ye rensekapasiteten til Woods hybridavfukter\/luftrenser AD20 og AD30. Filteret er laget av et spesielt syntetisk materiale der fibrene er svakt elektrisk ladet, noe som gj\u00f8r at de fanger opp selv de minste partiklene ekstremt effektivt. <\/p>\n<h3>Effektiv luftrensing<\/h3>\n<p>Active ION HEPA-filteret fjerner 99,98 % av alle luftb\u00e5rne partikler i innemilj\u00f8et ditt. Det fanger opp pollen, st\u00f8v, muggsporer, bakterier og til og med radioaktive radond\u00f8tre. Resultatet er en umiddelbar forbedring av luftkvaliteten &#8211; ren og t\u00f8rr p\u00e5 samme tid.  <\/p>\n<h3>Filtrerer ultrafine partikler<\/h3>\n<p>Filteret kan fange opp partikler ned til 0,0003 mm i st\u00f8rrelse, noe som er 50 ganger mindre enn en bakterie. Dette gj\u00f8r det til et av de mest effektive filtrene for hjemmebruk. <\/p>\n<h3>Ren og t\u00f8rr luft med lavt energiforbruk<\/h3>\n<p>I kombinasjon med AD20 og AD30 gir filteret ikke bare et sunt innemilj\u00f8, men gj\u00f8r det ogs\u00e5 energieffektivt og stilleg\u00e5ende &#8211; perfekt for daglig bruk.<\/p>\n<h3>Kompatibilitet<\/h3>\n<p>Wood&#8217;s Active ION HEPA-filter er utviklet for AD20 og AD30 hybrid luftrenser\/avfukter.<\/p>\n","protected":false},"excerpt":{"rendered":"<p>Wood&#8217;s Active ION HEPA-filter er et h\u00f8ytytende filter som passer til avfukterne og luftrenserne AD20 og AD30. Det fjerner 99,98 % av alle skadelige partikler i inneluften, inkludert pollen, st\u00f8v, muggsporer, bakterier og radond\u00f8tre. Filteret renser luften samtidig som det avfukter den, noe som gir et friskere og sunnere innemilj\u00f8 med lavt energiforbruk og stilleg\u00e5ende drift.  <\/p>\n","protected":false},"featured_media":45088,"template":"","meta":{"_acf_changed":false},"product_brand":[],"product_cat":[859,856,4766],"product_tag":[895,2644],"class_list":{"0":"post-46251","1":"product","2":"type-product","3":"status-publish","4":"has-post-thumbnail","6":"product_cat-avfuktere","7":"product_cat-tilbehor","8":"product_cat-tilbehoer-avfuktere","9":"product_tag-filter-no","10":"product_tag-hepa-filter-no","11":"product_shipping_class-low","12":"splide__slide","14":"first","15":"instock","16":"taxable","17":"shipping-taxable","18":"purchasable","19":"product-type-simple"},"acf":[],"_links":{"self":[{"href":"https:\/\/woods.se\/no\/wp-json\/wp\/v2\/product\/46251","targetHints":{"allow":["GET"]}}],"collection":[{"href":"https:\/\/woods.se\/no\/wp-json\/wp\/v2\/product"}],"about":[{"href":"https:\/\/woods.se\/no\/wp-json\/wp\/v2\/types\/product"}],"wp:featuredmedia":[{"embeddable":true,"href":"https:\/\/woods.se\/no\/wp-json\/wp\/v2\/media\/45088"}],"wp:attachment":[{"href":"https:\/\/woods.se\/no\/wp-json\/wp\/v2\/media?parent=46251"}],"wp:term":[{"taxonomy":"product_brand","embeddable":true,"href":"https:\/\/woods.se\/no\/wp-json\/wp\/v2\/product_brand?post=46251"},{"taxonomy":"product_cat","embeddable":true,"href":"https:\/\/woods.se\/no\/wp-json\/wp\/v2\/product_cat?post=46251"},{"taxonomy":"product_tag","embeddable":true,"href":"https:\/\/woods.se\/no\/wp-json\/wp\/v2\/product_tag?post=46251"}],"curies":[{"name":"wp","href":"https:\/\/api.w.org\/{rel}","templated":true}]}}