{"id":45182,"date":"2024-12-10T13:56:44","date_gmt":"2024-12-10T12:56:44","guid":{"rendered":"https:\/\/stage.woods.se\/?post_type=product&#038;p=45182"},"modified":"2026-03-05T14:50:01","modified_gmt":"2026-03-05T13:50:01","slug":"woods-wcd4pro","status":"publish","type":"product","link":"https:\/\/woods.se\/no\/produkter\/avfuktere\/woods-wcd4pro\/","title":{"rendered":"Wood&#8217;s WCD4Pro"},"content":{"rendered":"<h2>Wood&#8217;s WCD4PRO<\/h2>\n<h3>En av markedets mest effektive profesjonelle avfuktere<\/h3>\n<p>Wood WCD4Pro er en kraftig og p\u00e5litelig profesjonell avfukter som er utviklet for \u00e5 m\u00f8te de t\u00f8ffeste kravene innen bygg og anlegg, sanering og utleie. Den leverer sv\u00e6rt h\u00f8y kapasitet selv i kalde og fuktige omgivelser, takket v\u00e6re et driftsomr\u00e5de fra +2 \u00b0C til +35 \u00b0C og Woods intelligente avrimingssystem, i-EcoDefrost. Dette gj\u00f8r avfuktingen b\u00e5de effektiv og energibesparende.  <\/p>\n<p>Den robuste konstruksjonen med forsterket chassis, stabelbar design, store hjul og sammenleggbart h\u00e5ndtak gj\u00f8r WCD4Pro enkel \u00e5 transportere og bruke i krevende milj\u00f8er. Den er utstyrt med en driftstimeteller og er ogs\u00e5 ideell for utleie- og restaureringsfirmaer som har behov for \u00e5 dokumentere bruk og ytelse. <\/p>\n<h3>Anbefalte bruksomr\u00e5der:<\/h3>\n<p><strong>Bygg- og eiendomsbransjen:<\/strong> Raskere t\u00f8rketid og sikker avfukting i store rom.<br \/>\n<strong>Restaurering av vannskader:<\/strong> Effektiv, sikker og rask avfukting for \u00e5 h\u00e5ndtere akutte fuktskader.<br \/>\n<strong>Utleieselskaper:<\/strong> Med en driftstimeteller og robust design er den perfekt for utleie, der holdbarhet og p\u00e5litelighet er avgj\u00f8rende.<\/p>\n<p>Wood&#8217;s WCD4Pro bruker milj\u00f8vennlig og energieffektivt kj\u00f8lemiddel (R-290) og er utstyrt med et vaskbart filter for lang levetid og sikker drift. Den er utviklet og produsert i Sverige, noe som garanterer h\u00f8y kvalitet og driftssikkerhet i alle detaljer. <\/p>\n<p>Enten du trenger \u00e5 raskt t\u00f8rke ut en byggeplass, h\u00e5ndtere vannskader eller tilby profesjonelt utstyr til utleie, er WCD4Pro et av de beste valgene p\u00e5 markedet.<\/p>\n","protected":false},"excerpt":{"rendered":"<p>Wood&#8217;s WCD4Pro er en av de mest effektive profesjonelle avfukterne p\u00e5 markedet. Den er spesielt utviklet for byggeplasser, renoveringsarbeid og utleie der p\u00e5litelig og kraftig fuktkontroll er avgj\u00f8rende. Med en kapasitet p\u00e5 41 liter\/dag, robust konstruksjon, stabelbar design og driftstimeteller er WCD4Pro en optimal l\u00f8sning for store omr\u00e5der og t\u00f8ffe milj\u00f8er.  <\/p>\n","protected":false},"featured_media":44175,"template":"","meta":{"_acf_changed":false},"product_brand":[],"product_cat":[859,4754,862],"product_tag":[2305,2341,2343,2342],"class_list":{"0":"post-45182","1":"product","2":"type-product","3":"status-publish","4":"has-post-thumbnail","6":"product_cat-avfuktere","7":"product_cat-profesjonelle","8":"product_cat-professional-no","9":"product_tag-eiendomsbransjen","10":"product_tag-konstruksjon","11":"product_tag-utbedring","12":"product_tag-utleie","13":"product_shipping_class-sweden-very-high","14":"splide__slide","16":"first","17":"instock","18":"taxable","19":"shipping-taxable","20":"purchasable","21":"product-type-simple"},"acf":[],"_links":{"self":[{"href":"https:\/\/woods.se\/no\/wp-json\/wp\/v2\/product\/45182","targetHints":{"allow":["GET"]}}],"collection":[{"href":"https:\/\/woods.se\/no\/wp-json\/wp\/v2\/product"}],"about":[{"href":"https:\/\/woods.se\/no\/wp-json\/wp\/v2\/types\/product"}],"wp:featuredmedia":[{"embeddable":true,"href":"https:\/\/woods.se\/no\/wp-json\/wp\/v2\/media\/44175"}],"wp:attachment":[{"href":"https:\/\/woods.se\/no\/wp-json\/wp\/v2\/media?parent=45182"}],"wp:term":[{"taxonomy":"product_brand","embeddable":true,"href":"https:\/\/woods.se\/no\/wp-json\/wp\/v2\/product_brand?post=45182"},{"taxonomy":"product_cat","embeddable":true,"href":"https:\/\/woods.se\/no\/wp-json\/wp\/v2\/product_cat?post=45182"},{"taxonomy":"product_tag","embeddable":true,"href":"https:\/\/woods.se\/no\/wp-json\/wp\/v2\/product_tag?post=45182"}],"curies":[{"name":"wp","href":"https:\/\/api.w.org\/{rel}","templated":true}]}}