{"id":45181,"date":"2024-12-10T13:56:01","date_gmt":"2024-12-10T12:56:01","guid":{"rendered":"https:\/\/stage.woods.se\/?post_type=product&#038;p=45181"},"modified":"2026-03-05T14:52:49","modified_gmt":"2026-03-05T13:52:49","slug":"woods-wcd3pro","status":"publish","type":"product","link":"https:\/\/woods.se\/no\/produkter\/avfuktere\/woods-wcd3pro\/","title":{"rendered":"Wood&#8217;s WCD3PRO"},"content":{"rendered":"<h2>Wood&#8217;s WCD3PRO<\/h2>\n<h3>Kraftig avfukter for bygg og anlegg, restaurering og utleie<\/h3>\n<p>Wood&#8217;s WCD3Pro er en p\u00e5litelig og kraftig avfukter som er utviklet for \u00e5 takle de t\u00f8ffeste utfordringene innen bygg, renovering og utleie. Den er konstruert for \u00e5 levere h\u00f8y ytelse selv i kalde og fuktige omgivelser, med en driftskapasitet fra +2 \u00b0C til +35 \u00b0C. Dette er mulig takket v\u00e6re Woods egenutviklede intelligente avrimingssystem, i-EcoDefrost, som ogs\u00e5 gj\u00f8r avfuktingen mer energieffektiv.  <\/p>\n<p>Med sitt forsterkede chassis, stabelbare design, solide hjul og sammenleggbare h\u00e5ndtak er WCD3Pro enkel \u00e5 transportere og h\u00e5ndtere p\u00e5 ulike arbeidssteder. Den er utstyrt med en driftstimeteller, noe som gj\u00f8r den ideell for utleiefirmaer og restaureringsfirmaer som har behov for \u00e5 overv\u00e5ke bruk og effektivitet. <\/p>\n<h3>Anbefalte bruksomr\u00e5der:<\/h3>\n<p><strong>Bygg- og eiendomsbransjen: <\/strong>Raskere t\u00f8rketid for materialer og ideell for sikker avfukting i store rom som krever p\u00e5litelig og effektiv fjerning av fuktighet.<br \/>\n<strong>Restaurering av vannskader:<\/strong> WCD3Pro er den ideelle l\u00f8sningen for trygt, raskt og effektivt saneringsarbeid.<br \/>\n<strong>Utleieselskaper:<\/strong> Med sin driftstimeteller og robuste konstruksjon er den perfekt for utleie, der holdbarhet og ytelse er avgj\u00f8rende.<\/p>\n<p>Wood&#8217;s WCD3Pro bruker et energieffektivt og milj\u00f8vennlig kj\u00f8lemiddel (R-290) og er utstyrt med et vaskbart filter som gir lang levetid og sv\u00e6rt sikker drift. Maskinen er utviklet og produsert i Sverige, noe som garanterer h\u00f8y kvalitet og driftssikkerhet. <\/p>\n<p>Enten du trenger \u00e5 raskt t\u00f8rke ut en byggeplass, utbedre vannskader eller tilby profesjonelt utstyr til utleie, er WCD3Pro det opplagte valget.<\/p>\n","protected":false},"excerpt":{"rendered":"<p>Wood&#8217;s WCD3Pro er en kraftig profesjonell avfukter for byggeplasser, vannskadesanering og utleie. Den avfukter effektivt selv ved lave temperaturer (ned til +2 \u00b0C) og kombinerer h\u00f8y avfuktingskapasitet, robust konstruksjon og energieffektiv drift. Med sammenleggbart h\u00e5ndtak, robuste hjul, stabelbar design og driftstimeteller er den ideell for store omr\u00e5der og krevende milj\u00f8er der p\u00e5litelig fjerning av fuktighet er avgj\u00f8rende.  <\/p>\n","protected":false},"featured_media":44140,"template":"","meta":{"_acf_changed":false},"product_brand":[],"product_cat":[859,4754,862],"product_tag":[2305,2341,2343,2342],"class_list":{"0":"post-45181","1":"product","2":"type-product","3":"status-publish","4":"has-post-thumbnail","6":"product_cat-avfuktere","7":"product_cat-profesjonelle","8":"product_cat-professional-no","9":"product_tag-eiendomsbransjen","10":"product_tag-konstruksjon","11":"product_tag-utbedring","12":"product_tag-utleie","13":"product_shipping_class-sweden-very-high","14":"splide__slide","16":"first","17":"instock","18":"taxable","19":"shipping-taxable","20":"purchasable","21":"product-type-simple"},"acf":[],"_links":{"self":[{"href":"https:\/\/woods.se\/no\/wp-json\/wp\/v2\/product\/45181","targetHints":{"allow":["GET"]}}],"collection":[{"href":"https:\/\/woods.se\/no\/wp-json\/wp\/v2\/product"}],"about":[{"href":"https:\/\/woods.se\/no\/wp-json\/wp\/v2\/types\/product"}],"wp:featuredmedia":[{"embeddable":true,"href":"https:\/\/woods.se\/no\/wp-json\/wp\/v2\/media\/44140"}],"wp:attachment":[{"href":"https:\/\/woods.se\/no\/wp-json\/wp\/v2\/media?parent=45181"}],"wp:term":[{"taxonomy":"product_brand","embeddable":true,"href":"https:\/\/woods.se\/no\/wp-json\/wp\/v2\/product_brand?post=45181"},{"taxonomy":"product_cat","embeddable":true,"href":"https:\/\/woods.se\/no\/wp-json\/wp\/v2\/product_cat?post=45181"},{"taxonomy":"product_tag","embeddable":true,"href":"https:\/\/woods.se\/no\/wp-json\/wp\/v2\/product_tag?post=45181"}],"curies":[{"name":"wp","href":"https:\/\/api.w.org\/{rel}","templated":true}]}}