{"id":45180,"date":"2024-12-10T13:55:27","date_gmt":"2024-12-10T12:55:27","guid":{"rendered":"https:\/\/stage.woods.se\/?post_type=product&#038;p=45180"},"modified":"2026-03-05T14:55:56","modified_gmt":"2026-03-05T13:55:56","slug":"woods-wcd2pro","status":"publish","type":"product","link":"https:\/\/woods.se\/no\/produkter\/avfuktere\/woods-wcd2pro\/","title":{"rendered":"Wood&#8217;s WCD2Pro"},"content":{"rendered":"<h2>Wood&#8217;s WCD2PRO<\/h2>\n<h3>Profesjonell avfukter for bygg og anlegg, sanering og utleie<\/h3>\n<p>Wood&#8217;s WCD2Pro er en p\u00e5litelig og effektiv avfukter som er utviklet for \u00e5 t\u00e5le t\u00f8ffe forhold innen bygg og anlegg, sanering og utleie. Den leverer stabil ytelse selv i kalde og fuktige omgivelser, med et driftsomr\u00e5de fra +2 \u00b0C til +35 \u00b0C. Takket v\u00e6re Woods egenutviklede intelligente avrimingssystem, i-EcoDefrost, utf\u00f8res avfuktingen p\u00e5 en energieffektiv m\u00e5te.  <\/p>\n<p>Med sin forsterkede konstruksjon, stabelbare form, robuste hjul og sammenleggbare h\u00e5ndtak er WCD2Pro enkel \u00e5 flytte og h\u00e5ndtere p\u00e5 ulike arbeidsplasser. Den er utstyrt med en driftstimeteller, noe som gj\u00f8r den ideell for utleiefirmaer og restaureringsfirmaer som trenger p\u00e5litelig drift og enkel overv\u00e5king. <\/p>\n<h3>Anbefalte bruksomr\u00e5der:<\/h3>\n<p><strong>Bygg- og eiendomsbransjen: <\/strong>Forkorter t\u00f8rketiden for byggematerialer og s\u00f8rger for sikker avfukting i store rom.<br \/>\n<strong>Restaurering av vannskader: <\/strong>En trygg og effektiv l\u00f8sning for rask fuktkontroll i akutte situasjoner.<br \/>\n<strong>Utleieselskaper:<\/strong> Robust konstruksjon og driftstimeteller gj\u00f8r den godt egnet for utleie der b\u00e5de holdbarhet og ytelse er avgj\u00f8rende.<\/p>\n<p>Wood&#8217;s WCD2Pro bruker milj\u00f8vennlig og energieffektivt kj\u00f8lemiddel (R-290) og har et vaskbart filter for lang levetid og sikker drift. Maskinen er utviklet og produsert i Sverige, noe som garanterer h\u00f8y kvalitet og p\u00e5litelighet. <\/p>\n<p>Enten du trenger \u00e5 t\u00f8rke ut en byggeplass, utbedre vannskader eller tilby profesjonelt utstyr til utleie, er WCD2Pro det opplagte valget.<\/p>\n","protected":false},"excerpt":{"rendered":"<p>Wood&#8217;s WCD2Pro er en profesjonell avfukter for byggeplasser, saneringsarbeid og utleie. Den fungerer effektivt selv ved lave temperaturer (ned til +2 \u00b0C) og kombinerer h\u00f8y driftssikkerhet, energieffektivitet og robust design. Med sammenleggbart h\u00e5ndtak, slitesterke hjul, stabelbar konstruksjon og driftstimeteller er den ideell for store omr\u00e5der og t\u00f8ffe milj\u00f8er der det er behov for p\u00e5litelig fuktighetskontroll.  <\/p>\n","protected":false},"featured_media":44098,"template":"","meta":{"_acf_changed":false},"product_brand":[],"product_cat":[859,4754,862],"product_tag":[2305,2341,2343,2342],"class_list":{"0":"post-45180","1":"product","2":"type-product","3":"status-publish","4":"has-post-thumbnail","6":"product_cat-avfuktere","7":"product_cat-profesjonelle","8":"product_cat-professional-no","9":"product_tag-eiendomsbransjen","10":"product_tag-konstruksjon","11":"product_tag-utbedring","12":"product_tag-utleie","13":"product_shipping_class-sweden-very-high","14":"splide__slide","16":"first","17":"instock","18":"taxable","19":"shipping-taxable","20":"purchasable","21":"product-type-simple"},"acf":[],"_links":{"self":[{"href":"https:\/\/woods.se\/no\/wp-json\/wp\/v2\/product\/45180","targetHints":{"allow":["GET"]}}],"collection":[{"href":"https:\/\/woods.se\/no\/wp-json\/wp\/v2\/product"}],"about":[{"href":"https:\/\/woods.se\/no\/wp-json\/wp\/v2\/types\/product"}],"wp:featuredmedia":[{"embeddable":true,"href":"https:\/\/woods.se\/no\/wp-json\/wp\/v2\/media\/44098"}],"wp:attachment":[{"href":"https:\/\/woods.se\/no\/wp-json\/wp\/v2\/media?parent=45180"}],"wp:term":[{"taxonomy":"product_brand","embeddable":true,"href":"https:\/\/woods.se\/no\/wp-json\/wp\/v2\/product_brand?post=45180"},{"taxonomy":"product_cat","embeddable":true,"href":"https:\/\/woods.se\/no\/wp-json\/wp\/v2\/product_cat?post=45180"},{"taxonomy":"product_tag","embeddable":true,"href":"https:\/\/woods.se\/no\/wp-json\/wp\/v2\/product_tag?post=45180"}],"curies":[{"name":"wp","href":"https:\/\/api.w.org\/{rel}","templated":true}]}}