{"id":45179,"date":"2025-08-22T14:09:33","date_gmt":"2025-08-22T12:09:33","guid":{"rendered":"https:\/\/stage.woods.se\/?post_type=product&#038;p=45179"},"modified":"2026-03-04T11:02:18","modified_gmt":"2026-03-04T10:02:18","slug":"woods-wbd10","status":"publish","type":"product","link":"https:\/\/woods.se\/no\/produkter\/avfuktere\/bad\/woods-wbd10\/","title":{"rendered":"Wood&#8217;s WBD10"},"content":{"rendered":"<h2>Wood&#8217;s WBD10<\/h2>\n<h3>Den optimale l\u00f8sningen for bad og sm\u00e5 rom<\/h3>\n<p>Wood&#8217;s WBD10 er den ideelle avfukteren for mindre rom som bad, b\u00e5ter, campingvogner og sommerhytter. Med en avfuktingskapasitet p\u00e5 opptil 10 liter per dag holder den effektivt fuktniv\u00e5et nede og skaper et sunnere inneklima. Den kompakte designen gj\u00f8r den enkel \u00e5 plassere selv der det er begrenset med plass, og topputtaket fungerer som en praktisk &laquo;h\u00e5rf\u00f8ner&raquo; for t\u00f8rking av h\u00e5ndkl\u00e6r og t\u00f8y.  <\/p>\n<h3>Viktige funksjoner:<\/h3>\n\n<h3>Brukervennlig og fleksibel<\/h3>\n<p>WBD10 er enkel \u00e5 h\u00e5ndtere takket v\u00e6re det integrerte h\u00e5ndtaket, som gj\u00f8r det enkelt \u00e5 flytte den mellom ulike omr\u00e5der. Med en 2-liters tank og mulighet for slangetilkobling er den enkel \u00e5 t\u00f8mme, og den kan ogs\u00e5 kj\u00f8res kontinuerlig. Det vaskbare luftfilteret renser luften effektivt og bidrar til bedre luftkvalitet under avfukting.  <\/p>\n<h3>Energieffektiv og milj\u00f8vennlig<\/h3>\n<p>Med kj\u00f8lemediet R290 kombinerer WBD10 energieffektiv drift med milj\u00f8vennlige egenskaper. Det lave energiforbruket sikrer effektiv avfukting uten un\u00f8dvendig str\u00f8mforbruk. <\/p>\n<h3>Trygt og p\u00e5litelig<\/h3>\n<p>WBD10 er konstruert for sikker drift i sm\u00e5 rom. Den sl\u00e5r seg automatisk av n\u00e5r tanken er full og har et lavt st\u00f8yniv\u00e5, noe som gj\u00f8r den egnet til bruk selv i de mest stilleg\u00e5ende rommene i hjemmet. <\/p>\n<h3>Forleng garantien din<\/h3>\n<p>Registrer din WBD10 p\u00e5 <a href=\"https:\/\/warranty-woods.com\/\">warranty-woods.com<\/a> og utvid garantien fra 2 til 3 \u00e5r.<\/p>\n<p>WBD10 er det perfekte valget for bad, b\u00e5ter, campingvogner og andre sm\u00e5 rom som m\u00e5 holdes t\u00f8rre og fri for fuktproblemer.<\/p>\n","protected":false},"excerpt":{"rendered":"<p>Wood&#8217;s WBD10 er en kompakt og effektiv avfukter som er perfekt for bad, sommerhus, b\u00e5ter og campingvogner. Den fjerner opptil 10 liter fuktighet per dag og bidrar til et sunnere innemilj\u00f8 ved \u00e5 redusere risikoen for mugg og ubehagelig lukt. Med topputl\u00f8pet t\u00f8rker den ogs\u00e5 h\u00e5ndkl\u00e6r og mindre mengder t\u00f8y. Takket v\u00e6re det vaskbare filteret og den energieffektive driften er WBD10 en p\u00e5litelig og praktisk l\u00f8sning for mindre rom.   <\/p>\n","protected":false},"featured_media":43756,"template":"","meta":{"_acf_changed":false},"product_brand":[],"product_cat":[859,4749],"product_tag":[1463,1237],"class_list":{"0":"post-45179","1":"product","2":"type-product","3":"status-publish","4":"has-post-thumbnail","6":"product_cat-avfuktere","7":"product_cat-bad","8":"product_tag-baderom","9":"product_tag-mindre-omrader","10":"splide__slide","12":"first","13":"instock","14":"taxable","15":"shipping-taxable","16":"product-type-simple"},"acf":[],"_links":{"self":[{"href":"https:\/\/woods.se\/no\/wp-json\/wp\/v2\/product\/45179","targetHints":{"allow":["GET"]}}],"collection":[{"href":"https:\/\/woods.se\/no\/wp-json\/wp\/v2\/product"}],"about":[{"href":"https:\/\/woods.se\/no\/wp-json\/wp\/v2\/types\/product"}],"wp:featuredmedia":[{"embeddable":true,"href":"https:\/\/woods.se\/no\/wp-json\/wp\/v2\/media\/43756"}],"wp:attachment":[{"href":"https:\/\/woods.se\/no\/wp-json\/wp\/v2\/media?parent=45179"}],"wp:term":[{"taxonomy":"product_brand","embeddable":true,"href":"https:\/\/woods.se\/no\/wp-json\/wp\/v2\/product_brand?post=45179"},{"taxonomy":"product_cat","embeddable":true,"href":"https:\/\/woods.se\/no\/wp-json\/wp\/v2\/product_cat?post=45179"},{"taxonomy":"product_tag","embeddable":true,"href":"https:\/\/woods.se\/no\/wp-json\/wp\/v2\/product_tag?post=45179"}],"curies":[{"name":"wp","href":"https:\/\/api.w.org\/{rel}","templated":true}]}}