{"id":45176,"date":"2024-12-10T13:59:08","date_gmt":"2024-12-10T12:59:08","guid":{"rendered":"https:\/\/stage.woods.se\/?post_type=product&#038;p=45176"},"modified":"2026-03-05T14:38:45","modified_gmt":"2026-03-05T13:38:45","slug":"woods-wcd8hgh-pro","status":"publish","type":"product","link":"https:\/\/woods.se\/no\/produkter\/avfuktere\/woods-wcd8hgh-pro\/","title":{"rendered":"Wood&#8217;s WCD8HGH Pro"},"content":{"rendered":"<h2>Wood&#8217;s WCD8HGH PRO<\/h2>\n<h3>Kraftig avfukter med varmeapparat for lager, industrianlegg og andre store lokaler<\/h3>\n<p>Wood WCD8HGH Pro er en profesjonell avfukter i industrikvalitet som er utviklet for \u00e5 gi p\u00e5litelig fuktighetskontroll i sv\u00e6rt store rom, som lagerlokaler, industrianlegg og andre store bygninger. Med en kapasitet p\u00e5 opptil 49 liter per dag og en luftstr\u00f8m p\u00e5 300 m\u00b3\/t s\u00f8rger den for effektiv sirkulasjon og avfukting selv i krevende milj\u00f8er.<br \/>\nEn unik fordel er den innebygde varmeren, som \u00f8ker avfuktingseffektiviteten ytterligere ettersom varm luft kan transportere mer fuktighet. Dette gj\u00f8r at WCD8HGH Pro kan arbeide raskere og mer effektivt selv i kalde og fuktige lokaler.  <\/p>\n<h3>Anbefalte bruksomr\u00e5der:<\/h3>\n<p><strong>Lager og industrianlegg:<\/strong> Kontinuerlig luftfuktighetskontroll i store lokaler der stabil og p\u00e5litelig drift er avgj\u00f8rende.<br \/>\n<strong>Kirker og produksjonsomr\u00e5der:<\/strong> Beskytter bygninger, maskiner og utstyr mot fuktskader.<br \/>\n<strong>Store, kalde lokaler:<\/strong> Takket v\u00e6re varmeren og i-EcoDefrost fungerer den \u00e5ret rundt, selv ved temperaturer helt ned til +2 \u00b0C.<\/p>\n<h3>Effektiv \u00e5ret rundt med smart avriming<\/h3>\n<p>Med Woods egenutviklede i-EcoDefrost-system tilpasser WCD8HGH Pro seg automatisk til temperatur og luftfuktighet, noe som gir energieffektiv og stabil drift fra +2 \u00b0C til +35 \u00b0C (og opp til +40 \u00b0C ved intermitterende drift).<\/p>\n<h3>Robust konstruksjon for kontinuerlig drift<\/h3>\n<p>WCD8HGH Pro er bygget for \u00e5 t\u00e5le t\u00f8ffe forhold med et forsterket chassis, kraftige hjul og et sammenleggbart h\u00e5ndtak. Den kan kj\u00f8re d\u00f8gnet rundt uten at det g\u00e5r p\u00e5 bekostning av ytelsen, noe som gj\u00f8r den ideell for langvarig bruk i aggressive milj\u00f8er. <\/p>\n<h3>Svenskprodusert med fokus p\u00e5 b\u00e6rekraft<\/h3>\n<p>Produsert i Sverige med komponenter av h\u00f8y kvalitet og usl\u00e5elig driftssikkerhet. WCD8HGH Pro bruker milj\u00f8vennlig kj\u00f8lemiddel (R-290) og har et vaskbart filter, noe som gj\u00f8r den b\u00e5de energieffektiv og langvarig. <\/p>\n","protected":false},"excerpt":{"rendered":"<p>Wood WCD8HGH Pro er en av markedets kraftigste og mest effektive avfuktere for store lokaler som lager, industrianlegg og kirker. Med en kapasitet p\u00e5 49 liter\/d\u00f8gn, innebygd varmeapparat og energieffektivt avrimingssystem gir den stabil fuktighetskontroll selv ved lave temperaturer. Robust konstruksjon, stabelbar design og enkel transport gj\u00f8r den til et p\u00e5litelig valg for krevende milj\u00f8er der kontinuerlig avfukting er avgj\u00f8rende.  <\/p>\n","protected":false},"featured_media":44210,"template":"","meta":{"_acf_changed":false},"product_brand":[],"product_cat":[859,4754,862],"product_tag":[2321,922,2322],"class_list":{"0":"post-45176","1":"product","2":"type-product","3":"status-publish","4":"has-post-thumbnail","6":"product_cat-avfuktere","7":"product_cat-profesjonelle","8":"product_cat-professional-no","9":"product_tag-industrianlegg","10":"product_tag-lager-no","11":"product_tag-store-lokaler","12":"product_shipping_class-very-high","13":"splide__slide","15":"first","16":"instock","17":"taxable","18":"shipping-taxable","19":"purchasable","20":"product-type-simple"},"acf":[],"_links":{"self":[{"href":"https:\/\/woods.se\/no\/wp-json\/wp\/v2\/product\/45176","targetHints":{"allow":["GET"]}}],"collection":[{"href":"https:\/\/woods.se\/no\/wp-json\/wp\/v2\/product"}],"about":[{"href":"https:\/\/woods.se\/no\/wp-json\/wp\/v2\/types\/product"}],"wp:featuredmedia":[{"embeddable":true,"href":"https:\/\/woods.se\/no\/wp-json\/wp\/v2\/media\/44210"}],"wp:attachment":[{"href":"https:\/\/woods.se\/no\/wp-json\/wp\/v2\/media?parent=45176"}],"wp:term":[{"taxonomy":"product_brand","embeddable":true,"href":"https:\/\/woods.se\/no\/wp-json\/wp\/v2\/product_brand?post=45176"},{"taxonomy":"product_cat","embeddable":true,"href":"https:\/\/woods.se\/no\/wp-json\/wp\/v2\/product_cat?post=45176"},{"taxonomy":"product_tag","embeddable":true,"href":"https:\/\/woods.se\/no\/wp-json\/wp\/v2\/product_tag?post=45176"}],"curies":[{"name":"wp","href":"https:\/\/api.w.org\/{rel}","templated":true}]}}