{"id":45175,"date":"2024-12-10T13:59:42","date_gmt":"2024-12-10T12:59:42","guid":{"rendered":"https:\/\/stage.woods.se\/?post_type=product&#038;p=45175"},"modified":"2026-03-05T14:30:28","modified_gmt":"2026-03-05T13:30:28","slug":"woods-wdd80","status":"publish","type":"product","link":"https:\/\/woods.se\/no\/produkter\/avfuktere\/kalde-rom\/woods-wdd80\/","title":{"rendered":"Wood&#8217;s WDD80"},"content":{"rendered":"<h2>Wood&#8217;s WDD80<\/h2>\n<h3>Den optimale l\u00f8sningen for kalde rom<\/h3>\n<p>Wood&#8217;s WDD80 er en kompakt og praktisk sorptionsavfukter som er ideell for kalde og fuktige rom som fritidsboliger, b\u00e5ter og campingvogner. Ettersom sorpsjonsteknologien ikke er avhengig av romtemperaturen, fungerer WDD80 like effektivt ned til 0 \u00b0C, noe som gj\u00f8r den ideell for rom der andre avfuktere kan miste sin effektivitet. <\/p>\n<h3>Viktige funksjoner:<\/h3>\n\n<h3>Slik fungerer en sorpsjonsavfukter<\/h3>\n<p>En adsorpsjonsavfukter fanger opp fuktighet fra luften ved hjelp av en roterende rotor fylt med absorberende materiale, der fuktigheten fanges opp. Fuktigheten transporteres deretter til en separat del av avfukteren, der et innebygd varmeelement varmer opp det absorberende materialet. Varmen f\u00f8rer til at fuktigheten frigj\u00f8res fra rotoren og bl\u00e5ses videre til en kondensator. I kondensatoren omdannes den fuktige luften til flytende vann, som enten samles opp i en innebygd vanntank eller dreneres bort via en slange.   <\/p>\n<p>Denne prosessen har en positiv bieffekt: Ettersom varmen brukes til \u00e5 frigj\u00f8re fuktigheten, bidrar desorptionsavfukteren til \u00e5 heve temperaturen i rommet noe. Dette gj\u00f8r den spesielt egnet for kalde rom som fritidsboliger, b\u00e5ter og campingvogner, der det kan v\u00e6re \u00f8nskelig med b\u00e5de avfukting og en liten temperatur\u00f8kning. <\/p>\n<h3>Effektiv og brukervennlig<\/h3>\n<p>Med WDD80 f\u00e5r du en kraftig luftstr\u00f8m og tre forskjellige viftehastigheter, noe som gir fleksibel avfukting avhengig av dine behov. Enheten er ogs\u00e5 sv\u00e6rt stilleg\u00e5ende, noe som gj\u00f8r den ideell for mindre rom der du \u00f8nsker \u00e5 unng\u00e5 forstyrrende st\u00f8y. <\/p>\n<h3>Milj\u00f8vennlig og trygg<\/h3>\n<p>WDD80 er utstyrt med et vaskbart st\u00f8vfilter, noe som gj\u00f8r den enkel \u00e5 vedlikeholde. Den er ogs\u00e5 utstyrt med en slangetilkobling for kontinuerlig drenering, noe som reduserer behovet for \u00e5 t\u00f8mme vanntanken manuelt. Aktiver den innebygde ioniseringen for \u00e5 rense luften samtidig, en ekstra funksjon som gir et friskere og sunnere innemilj\u00f8.  <\/p>\n<h3>Glatt og fleksibel<\/h3>\n<p>Wood&#8217;s WDD80 har en kompakt design og lavt st\u00f8yniv\u00e5, noe som gj\u00f8r den enkel \u00e5 plassere i sm\u00e5 rom, selv om det er kaldt. Enten du vil beskytte b\u00e5ten din mot fuktskader om vinteren eller holde fritidsboligen t\u00f8rr i kalde perioder, s\u00f8rger WDD80 for p\u00e5litelig avfukting \u00e5ret rundt. <\/p>\n<h3>Forleng garantien din<\/h3>\n<p>Ved \u00e5 registrere din WDD80 p\u00e5 <a href=\"https:\/\/warranty-woods.com\/\">warranty-woods.com<\/a> kan du utvide garantien fra 2 til 3 \u00e5r.<\/p>\n<p><iframe loading=\"lazy\" title=\"Instruction video - Wood&#039;s WDD80 (English)\" width=\"500\" height=\"281\" src=\"https:\/\/www.youtube.com\/embed\/UUMm0sq5di4?feature=oembed\" frameborder=\"0\" allow=\"accelerometer; autoplay; clipboard-write; encrypted-media; gyroscope; picture-in-picture; web-share\" referrerpolicy=\"strict-origin-when-cross-origin\" allowfullscreen><\/iframe><\/p>\n","protected":false},"excerpt":{"rendered":"<p>Wood&#8217;s WDD80 er en kompakt adsorpsjonsavfukter som fungerer helt ned til 0 \u00b0C, perfekt for kalde rom som fritidsboliger, b\u00e5ter og campingvogner. Med tre viftehastigheter, stilleg\u00e5ende drift og kontinuerlig drenering er den b\u00e5de praktisk og effektiv. Den innebygde ioniseringen renser luften samtidig som den fjerner fuktighet, noe som gir et friskere og sunnere innemilj\u00f8.  <\/p>\n","protected":false},"featured_media":43567,"template":"","meta":{"_acf_changed":false},"product_brand":[],"product_cat":[859,4750],"product_tag":[890,2189,892,923,921],"class_list":{"0":"post-45175","1":"product","2":"type-product","3":"status-publish","4":"has-post-thumbnail","6":"product_cat-avfuktere","7":"product_cat-kalde-rom","8":"product_tag-bat-no","9":"product_tag-campingvogner","10":"product_tag-kalde-rom","11":"product_tag-sommerbolig","12":"product_tag-wifi-no","13":"product_shipping_class-high","14":"splide__slide","16":"first","17":"instock","18":"taxable","19":"shipping-taxable","20":"purchasable","21":"product-type-simple"},"acf":[],"_links":{"self":[{"href":"https:\/\/woods.se\/no\/wp-json\/wp\/v2\/product\/45175","targetHints":{"allow":["GET"]}}],"collection":[{"href":"https:\/\/woods.se\/no\/wp-json\/wp\/v2\/product"}],"about":[{"href":"https:\/\/woods.se\/no\/wp-json\/wp\/v2\/types\/product"}],"wp:featuredmedia":[{"embeddable":true,"href":"https:\/\/woods.se\/no\/wp-json\/wp\/v2\/media\/43567"}],"wp:attachment":[{"href":"https:\/\/woods.se\/no\/wp-json\/wp\/v2\/media?parent=45175"}],"wp:term":[{"taxonomy":"product_brand","embeddable":true,"href":"https:\/\/woods.se\/no\/wp-json\/wp\/v2\/product_brand?post=45175"},{"taxonomy":"product_cat","embeddable":true,"href":"https:\/\/woods.se\/no\/wp-json\/wp\/v2\/product_cat?post=45175"},{"taxonomy":"product_tag","embeddable":true,"href":"https:\/\/woods.se\/no\/wp-json\/wp\/v2\/product_tag?post=45175"}],"curies":[{"name":"wp","href":"https:\/\/api.w.org\/{rel}","templated":true}]}}